{"id":25647,"date":"2025-07-25T12:45:59","date_gmt":"2025-07-25T12:45:59","guid":{"rendered":"https:\/\/boreait.com\/hr\/?post_type=product&#038;p=25647"},"modified":"2026-02-04T07:51:37","modified_gmt":"2026-02-04T07:51:37","slug":"fujitsu-lifebook-ah530-a530-a512-ah512-ah531-dc-power-jack-zamjenski-konektor","status":"publish","type":"product","link":"https:\/\/boreait.com\/hr\/product\/fujitsu-lifebook-ah530-a530-a512-ah512-ah531-dc-power-jack-zamjenski-konektor\/","title":{"rendered":"Fujitsu Lifebook AH530 A530 A512 AH512 AH531 DC Power Jack zamjenski konektor"},"content":{"rendered":"<p>Napajajte svoj Fujitsu Lifebook AH530 A530 A512 AH512 AH531 pomo\u0107u ovog visokokvalitetnog DC priklju\u010dka za napajanje. Recite zbogom problemima s punjenjem i vratite punu funkcionalnost svom prijenosnom ra\u010dunalu s ovim pouzdanim zamjenskim dijelom. Projektiran da zadovolji izvorne specifikacije, ovaj DC Power Jack osigurava savr\u0161eno pristajanje i besprijekornu integraciju s va\u0161im ure\u0111ajem.<\/p>\n<p>Izra\u0111en imaju\u0107i na umu izdr\u017eljivost, ovaj DC Power Jack je dizajniran da izdr\u017ei svakodnevno tro\u0161enje i habanje, pru\u017eaju\u0107i dugotrajnu izvedbu. Instalacija je laka, \u0161to vam omogu\u0107uje brzu i jednostavnu zamjenu stare ili o\u0161te\u0107ene uti\u010dnice bez ikakvih problema. Vratite se na posao ili igru bez ikakvih prekida uz ovu bitnu komponentu.<\/p>\n<p>Ne dopustite da vas sputava neispravna uti\u010dnica. Investirajte u ovaj vrhunski zamjenski dio i u\u017eivajte u besprijekornom iskustvu punjenja. Bez obzira jeste li profesionalac u pokretu ili student s rokovima koje morate ispuniti, ovaj DC Power Jack morate imati kako bi va\u0161 Fujitsu Lifebook radio glatko. Nadogradite svoje prijenosno ra\u010dunalo danas i osjetite razliku!<\/p>\n","protected":false},"excerpt":{"rendered":"<p>Napajajte svoj Fujitsu Lifebook AH530, A530, A512, AH512 i AH531 pomo\u0107u ovog visokokvalitetnog DC priklju\u010dka za napajanje. Recite zbogom problemima s punjenjem i neka va\u0161e prijenosno ra\u010dunalo radi glatko. Jednostavan za instalaciju i izdr\u017eljiv, ovaj priklju\u010dak za napajanje osigurava pouzdanu vezu za nesmetan rad. Nabavite svoju danas i u\u017eivajte u punjenju bez muke u pokretu!<\/p>\n","protected":false},"featured_media":25703,"template":"","meta":[],"product_brand":[],"product_cat":[55],"product_tag":[63],"class_list":{"0":"post-25647","1":"product","2":"type-product","3":"status-publish","4":"has-post-thumbnail","6":"product_cat-cables","7":"product_tag-fujitsu","9":"first","10":"instock","11":"taxable","12":"shipping-taxable","13":"purchasable","14":"product-type-simple"},"_links":{"self":[{"href":"https:\/\/boreait.com\/hr\/wp-json\/wp\/v2\/product\/25647","targetHints":{"allow":["GET"]}}],"collection":[{"href":"https:\/\/boreait.com\/hr\/wp-json\/wp\/v2\/product"}],"about":[{"href":"https:\/\/boreait.com\/hr\/wp-json\/wp\/v2\/types\/product"}],"wp:featuredmedia":[{"embeddable":true,"href":"https:\/\/boreait.com\/hr\/wp-json\/wp\/v2\/media\/25703"}],"wp:attachment":[{"href":"https:\/\/boreait.com\/hr\/wp-json\/wp\/v2\/media?parent=25647"}],"wp:term":[{"taxonomy":"product_brand","embeddable":true,"href":"https:\/\/boreait.com\/hr\/wp-json\/wp\/v2\/product_brand?post=25647"},{"taxonomy":"product_cat","embeddable":true,"href":"https:\/\/boreait.com\/hr\/wp-json\/wp\/v2\/product_cat?post=25647"},{"taxonomy":"product_tag","embeddable":true,"href":"https:\/\/boreait.com\/hr\/wp-json\/wp\/v2\/product_tag?post=25647"}],"curies":[{"name":"wp","href":"https:\/\/api.w.org\/{rel}","templated":true}]}}