{"id":25646,"date":"2025-07-25T12:45:59","date_gmt":"2025-07-25T12:45:59","guid":{"rendered":"https:\/\/boreait.com\/hr\/?post_type=product&#038;p=25646"},"modified":"2026-02-11T09:09:15","modified_gmt":"2026-02-11T09:09:15","slug":"samsung-m471b5273ch0-ch9-4gb-ddr3-ram-za-fujitsu-lifebook-ah531","status":"publish","type":"product","link":"https:\/\/boreait.com\/hr\/product\/samsung-m471b5273ch0-ch9-4gb-ddr3-ram-za-fujitsu-lifebook-ah531\/","title":{"rendered":"Samsung M471B5273CH0-CH9 4GB DDR3 Ram za Fujitsu Lifebook AH531"},"content":{"rendered":"<p>Nadogradite svoj Fujitsu Lifebook AH531 ovim Samsung DDR3 RAM-om od 4 GB 2Rx8 PC3-10600S-09-10-F2 visokih performansi. Pove\u0107ajte brzinu prijenosnog ra\u010dunala i mogu\u0107nosti vi\u0161ezada\u0107nosti s ovim pouzdanim memorijskim modulom. M471B5273CH0-CH9 RAM poznat je po svojoj kompatibilnosti i u\u010dinkovitosti, osiguravaju\u0107i besprijekorno ra\u010dunalno iskustvo.<\/p>\n<p>Do\u017eivite glatko u\u010ditavanje aplikacija i ve\u0107e brzine prijenosa podataka s ovom vrhunskom nadogradnjom RAM-a. Bilo da ste profesionalac koji treba pokretati programe koji zahtijevaju velike resurse ili povremeni korisnik koji tra\u017ei br\u017ei sustav, ovaj DDR3 RAM savr\u0161eno je rje\u0161enje. Recite zbogom ka\u0161njenju i zamrzavanju s ovim memorijskim modulom.<\/p>\n<p>Instalacija ovog RAM-a je laka, \u0161to ga \u010dini nadogradnjom bez muke za va\u0161 Fujitsu Lifebook AH531. Jednostavno ga priklju\u010dite i spremni ste. Vjerujte Samsungovoj reputaciji za kvalitetu i performanse kada odaberete M471B5273CH0-CH9 RAM za svoje prijenosno ra\u010dunalo. Pobolj\u0161ajte svoju produktivnost i sveukupno ra\u010dunalno iskustvo danas s ovom pouzdanom DDR3 RAM nadogradnjom.<\/p>\n","protected":false},"excerpt":{"rendered":"<p>Pobolj\u0161ajte performanse svog Fujitsu Lifebook AH531 s ovim visokokvalitetnim Samsung DDR3 RAM-om. Nadogradite na 4GB 2Rx8 PC3-10600S-09-10-F2 za besprijekoran multitasking i brze operacije. Recite zbogom ka\u0161njenju i pozdravite glatko ra\u010dunalstvo s ovom pouzdanom nadogradnjom memorije. Kompatibilan s Fujitsu Lifebook AH531, ovaj M471B5273CH0-CH9 RAM modul nezaobilazan je za napredne korisnike.<\/p>\n","protected":false},"featured_media":25702,"template":"","meta":[],"product_brand":[],"product_cat":[72,71],"product_tag":[83],"class_list":{"0":"post-25646","1":"product","2":"type-product","3":"status-publish","4":"has-post-thumbnail","6":"product_cat-ddr3-ddr3l","7":"product_cat-ram-memory","8":"product_tag-samsung","10":"first","11":"instock","12":"taxable","13":"shipping-taxable","14":"purchasable","15":"product-type-simple"},"_links":{"self":[{"href":"https:\/\/boreait.com\/hr\/wp-json\/wp\/v2\/product\/25646","targetHints":{"allow":["GET"]}}],"collection":[{"href":"https:\/\/boreait.com\/hr\/wp-json\/wp\/v2\/product"}],"about":[{"href":"https:\/\/boreait.com\/hr\/wp-json\/wp\/v2\/types\/product"}],"wp:featuredmedia":[{"embeddable":true,"href":"https:\/\/boreait.com\/hr\/wp-json\/wp\/v2\/media\/25702"}],"wp:attachment":[{"href":"https:\/\/boreait.com\/hr\/wp-json\/wp\/v2\/media?parent=25646"}],"wp:term":[{"taxonomy":"product_brand","embeddable":true,"href":"https:\/\/boreait.com\/hr\/wp-json\/wp\/v2\/product_brand?post=25646"},{"taxonomy":"product_cat","embeddable":true,"href":"https:\/\/boreait.com\/hr\/wp-json\/wp\/v2\/product_cat?post=25646"},{"taxonomy":"product_tag","embeddable":true,"href":"https:\/\/boreait.com\/hr\/wp-json\/wp\/v2\/product_tag?post=25646"}],"curies":[{"name":"wp","href":"https:\/\/api.w.org\/{rel}","templated":true}]}}