{"id":25645,"date":"2025-07-25T12:45:59","date_gmt":"2025-07-25T12:45:59","guid":{"rendered":"https:\/\/boreait.com\/hr\/?post_type=product&#038;p=25645"},"modified":"2026-02-04T07:51:08","modified_gmt":"2026-02-04T07:51:08","slug":"fujitsu-lifebook-ah531-a512-ah512-kabel-lcd-zaslona-dd0fh5lc030-cp515968-01","status":"publish","type":"product","link":"https:\/\/boreait.com\/hr\/product\/fujitsu-lifebook-ah531-a512-ah512-kabel-lcd-zaslona-dd0fh5lc030-cp515968-01\/","title":{"rendered":"Fujitsu Lifebook AH531 A512 AH512 Kabel LCD zaslona DD0FH5LC030 CP515968-01"},"content":{"rendered":"<p>Nadogradite svoj Fujitsu Lifebook AH531 A512 AH512 ovim visokokvalitetnim kabelom za LCD zaslon. Dizajniran za isporuku jasnog i jasnog prikaza, ovaj kabel (broj dijela: CP515968-01) savr\u0161ena je zamjena za va\u0161 o\u0161te\u0107eni ili neispravan. Recite zbogom treperenju zaslona ili lo\u0161oj kvaliteti slike i u\u017eivajte u besprijekornom iskustvu gledanja.<\/p>\n<p>Izra\u0111en imaju\u0107i na umu preciznost i izdr\u017eljivost, ovaj kabel za LED LCD zaslon (broj dijela: DD0FH5LC030) osigurava sigurnu i stabilnu vezu izme\u0111u zaslona i mati\u010dne plo\u010de. Budite uvjereni, zaslon va\u0161eg prijenosnog ra\u010dunala funkcionirat \u0107e besprijekorno, ba\u0161 kao nov. Jednostavno uklju\u010dite i igrajte, nije potrebna tehni\u010dka stru\u010dnost!<\/p>\n<p>Do\u017eivite impresivne vizualne prikaze i \u017eivopisne boje kao nikada prije uz ovaj kabel za LCD zaslon. Bilo da radite na va\u017enim projektima, gledate filmove ili igrate igrice, ovaj \u0107e kabel pobolj\u0161ati va\u0161e cjelokupno iskustvo gledanja. Ne pristajte na ni\u0161ta manje od vrhunske kvalitete \u2014 nadogradite svoje prijenosno ra\u010dunalo s ovim kabelom za LCD zaslon danas!<\/p>\n","protected":false},"excerpt":{"rendered":"<p>Obnovite svoj Fujitsu Lifebook AH531 A512 AH512 ovim visokokvalitetnim kabelom za LCD zaslon. Kompatibilan s brojem dijela CP515968-01, ovaj kabel, s brojem dijela DD0FH5LC030, osigurava besprijekornu vezu za iznimne performanse zaslona. Recite zbogom treperenju zaslona i u\u017eivajte u kristalno jasnim slikama s ovim bitnim zamjenskim dijelom.<\/p>\n","protected":false},"featured_media":25701,"template":"","meta":[],"product_brand":[],"product_cat":[55],"product_tag":[63],"class_list":{"0":"post-25645","1":"product","2":"type-product","3":"status-publish","4":"has-post-thumbnail","6":"product_cat-cables","7":"product_tag-fujitsu","9":"first","10":"instock","11":"taxable","12":"shipping-taxable","13":"purchasable","14":"product-type-simple"},"_links":{"self":[{"href":"https:\/\/boreait.com\/hr\/wp-json\/wp\/v2\/product\/25645","targetHints":{"allow":["GET"]}}],"collection":[{"href":"https:\/\/boreait.com\/hr\/wp-json\/wp\/v2\/product"}],"about":[{"href":"https:\/\/boreait.com\/hr\/wp-json\/wp\/v2\/types\/product"}],"wp:featuredmedia":[{"embeddable":true,"href":"https:\/\/boreait.com\/hr\/wp-json\/wp\/v2\/media\/25701"}],"wp:attachment":[{"href":"https:\/\/boreait.com\/hr\/wp-json\/wp\/v2\/media?parent=25645"}],"wp:term":[{"taxonomy":"product_brand","embeddable":true,"href":"https:\/\/boreait.com\/hr\/wp-json\/wp\/v2\/product_brand?post=25645"},{"taxonomy":"product_cat","embeddable":true,"href":"https:\/\/boreait.com\/hr\/wp-json\/wp\/v2\/product_cat?post=25645"},{"taxonomy":"product_tag","embeddable":true,"href":"https:\/\/boreait.com\/hr\/wp-json\/wp\/v2\/product_tag?post=25645"}],"curies":[{"name":"wp","href":"https:\/\/api.w.org\/{rel}","templated":true}]}}