{"id":25644,"date":"2025-07-25T12:45:59","date_gmt":"2025-07-25T12:45:59","guid":{"rendered":"https:\/\/boreait.com\/hr\/?post_type=product&#038;p=25644"},"modified":"2026-02-04T07:50:44","modified_gmt":"2026-02-04T07:50:44","slug":"fujitsu-lifebook-ah531-a531-a512-ah512-hdd-ssd-caddy-cp515963-02","status":"publish","type":"product","link":"https:\/\/boreait.com\/hr\/product\/fujitsu-lifebook-ah531-a531-a512-ah512-hdd-ssd-caddy-cp515963-02\/","title":{"rendered":"Fujitsu Lifebook AH531 A531 A512 AH512 HDD SSD Caddy CP515963-02"},"content":{"rendered":"<p>Nadogradite svoj FUJITSU LIFEBOOK AH531 A531 A512 AH512 s ovim originalnim HDD SSD Caddy nosa\u010dem, broj dijela CP515963-02. Recite zbogom ograni\u010denjima pohrane i prihvatite besprijekorno upravljanje podacima uz ovaj visokokvalitetni nosa\u010d. Konstruiran do preciznosti, ovaj nosa\u010d savr\u0161eno pristaje va\u0161em prijenosnom ra\u010dunalu, omogu\u0107uju\u0107i vam da bez napora instalirate dodatni HDD ili SSD.<\/p>\n<p>Do\u017eivite pobolj\u0161ane performanse i kapacitet pohrane dok bez napora prenosite datoteke, pohranjujete multimedijski sadr\u017eaj i pokre\u0107ete aplikacije bez ikakvih problema. Izdr\u017eljiva konstrukcija jam\u010di dugotrajnu pouzdanost, daju\u0107i vam bezbri\u017enost znaju\u0107i da je va\u0161 ure\u0111aj za pohranu sigurno na mjestu.<\/p>\n<p>Ne dopustite da vas ograni\u010denja pohrane sputavaju\u2014otklju\u010dajte puni potencijal svog FUJITSU LIFEBOOK AH531 A531 A512 AH512 s ovim HDD SSD Caddyjem. Nadogradite s povjerenjem i u\u017eivajte u pogodnostima pro\u0161irene pohrane za sve svoje potrebe.<\/p>\n","protected":false},"excerpt":{"rendered":"<p>Pro\u0161irite mogu\u0107nosti pohrane va\u0161eg FUJITSU LIFEBOOK AH531 A531 A512 AH512 s ovim originalnim HDD SSD Caddyjem. Broj dijela CP515963-02 osigurava savr\u0161eno pristajanje, besprijekorno integriraju\u0107i dodatnu pohranu za va\u0161u udobnost. Nadogradite svoj ure\u0111aj bez napora i pobolj\u0161ajte svoje korisni\u010dko iskustvo s ovim visokokvalitetnim nosa\u010dem CADDY.<\/p>\n","protected":false},"featured_media":25700,"template":"","meta":[],"product_brand":[],"product_cat":[51],"product_tag":[63],"class_list":{"0":"post-25644","1":"product","2":"type-product","3":"status-publish","4":"has-post-thumbnail","6":"product_cat-laptop-housing","7":"product_tag-fujitsu","9":"first","10":"instock","11":"taxable","12":"shipping-taxable","13":"purchasable","14":"product-type-simple"},"_links":{"self":[{"href":"https:\/\/boreait.com\/hr\/wp-json\/wp\/v2\/product\/25644","targetHints":{"allow":["GET"]}}],"collection":[{"href":"https:\/\/boreait.com\/hr\/wp-json\/wp\/v2\/product"}],"about":[{"href":"https:\/\/boreait.com\/hr\/wp-json\/wp\/v2\/types\/product"}],"wp:featuredmedia":[{"embeddable":true,"href":"https:\/\/boreait.com\/hr\/wp-json\/wp\/v2\/media\/25700"}],"wp:attachment":[{"href":"https:\/\/boreait.com\/hr\/wp-json\/wp\/v2\/media?parent=25644"}],"wp:term":[{"taxonomy":"product_brand","embeddable":true,"href":"https:\/\/boreait.com\/hr\/wp-json\/wp\/v2\/product_brand?post=25644"},{"taxonomy":"product_cat","embeddable":true,"href":"https:\/\/boreait.com\/hr\/wp-json\/wp\/v2\/product_cat?post=25644"},{"taxonomy":"product_tag","embeddable":true,"href":"https:\/\/boreait.com\/hr\/wp-json\/wp\/v2\/product_tag?post=25644"}],"curies":[{"name":"wp","href":"https:\/\/api.w.org\/{rel}","templated":true}]}}