{"id":25626,"date":"2025-07-25T12:45:36","date_gmt":"2025-07-25T12:45:36","guid":{"rendered":"https:\/\/boreait.com\/hr\/?post_type=product&#038;p=25626"},"modified":"2026-02-04T07:50:28","modified_gmt":"2026-02-04T07:50:28","slug":"fujitsu-lifebook-ah531-hdd-poklopac-cp515946-01-originalni-dio-za-prijenosno-racunalo","status":"publish","type":"product","link":"https:\/\/boreait.com\/hr\/product\/fujitsu-lifebook-ah531-hdd-poklopac-cp515946-01-originalni-dio-za-prijenosno-racunalo\/","title":{"rendered":"Fujitsu LifeBook AH531 HDD poklopac CP515946-01 &#8211; originalni dio za prijenosno ra\u010dunalo"},"content":{"rendered":"<p>Transformirajte i nadogradite svoj Fujitsu LifeBook AH531 ovim originalnim poklopcem za HDD. Izra\u0111en do savr\u0161enstva, ovaj dio CP515946-01 dizajniran je da besprijekorno pristaje, osiguravaju\u0107i optimalnu izvedbu i dugovje\u010dnost va\u0161eg prijenosnog ra\u010dunala. Za\u0161titite svoj tvrdi disk sa stilom i \u010duvajte ga od pra\u0161ine, prljav\u0161tine i slu\u010dajnih o\u0161te\u0107enja.<\/p>\n<p>Izra\u0111en od visokokvalitetnih materijala, ovaj HDD poklopac jam\u010di savr\u0161eno pristajanje i jednostavnu instalaciju. Pobolj\u0161ajte cjelokupni izgled svog prijenosnog ra\u010dunala, a istovremeno zadr\u017eite njegovu izdr\u017eljivost i funkcionalnost. Recite zbogom brigama o potencijalnom o\u0161te\u0107enju tvrdog diska i pozdravite du\u0161evni mir s ovim bitnim dodatkom za prijenosno ra\u010dunalo.<\/p>\n<p>Ulo\u017eite u najbolje za svoj Fujitsu LifeBook AH531 s ovom originalnom maskom za HDD. Nadogradite s povjerenjem, znaju\u0107i da dobivate pouzdan i autenti\u010dan dio koji \u0107e pobolj\u0161ati iskustvo va\u0161eg prijenosnog ra\u010dunala. Ne pristajte ni na \u0161to manje kada je u pitanju za\u0161tita va\u0161ih vrijednih podataka i osiguravanje besprijekornog rada va\u0161eg ure\u0111aja.<\/p>\n","protected":false},"excerpt":{"rendered":"<p>Pobolj\u0161ajte svoj Fujitsu LifeBook AH531 ovim originalnim poklopcem za HDD. Osigurajte savr\u0161enu kompatibilnost s brojem dijela CP515946-01. Za\u0161titite tvrdi disk svog prijenosnog ra\u010dunala dodaju\u0107i da\u0161ak stila. Nadogradite svoj ure\u0111aj bez napora!<\/p>\n","protected":false},"featured_media":25692,"template":"","meta":[],"product_brand":[],"product_cat":[51],"product_tag":[63],"class_list":{"0":"post-25626","1":"product","2":"type-product","3":"status-publish","4":"has-post-thumbnail","6":"product_cat-laptop-housing","7":"product_tag-fujitsu","9":"first","10":"instock","11":"taxable","12":"shipping-taxable","13":"purchasable","14":"product-type-simple"},"_links":{"self":[{"href":"https:\/\/boreait.com\/hr\/wp-json\/wp\/v2\/product\/25626","targetHints":{"allow":["GET"]}}],"collection":[{"href":"https:\/\/boreait.com\/hr\/wp-json\/wp\/v2\/product"}],"about":[{"href":"https:\/\/boreait.com\/hr\/wp-json\/wp\/v2\/types\/product"}],"wp:featuredmedia":[{"embeddable":true,"href":"https:\/\/boreait.com\/hr\/wp-json\/wp\/v2\/media\/25692"}],"wp:attachment":[{"href":"https:\/\/boreait.com\/hr\/wp-json\/wp\/v2\/media?parent=25626"}],"wp:term":[{"taxonomy":"product_brand","embeddable":true,"href":"https:\/\/boreait.com\/hr\/wp-json\/wp\/v2\/product_brand?post=25626"},{"taxonomy":"product_cat","embeddable":true,"href":"https:\/\/boreait.com\/hr\/wp-json\/wp\/v2\/product_cat?post=25626"},{"taxonomy":"product_tag","embeddable":true,"href":"https:\/\/boreait.com\/hr\/wp-json\/wp\/v2\/product_tag?post=25626"}],"curies":[{"name":"wp","href":"https:\/\/api.w.org\/{rel}","templated":true}]}}