{"id":25623,"date":"2025-07-25T12:45:36","date_gmt":"2025-07-25T12:45:36","guid":{"rendered":"https:\/\/boreait.com\/hr\/?post_type=product&#038;p=25623"},"modified":"2025-07-25T12:46:36","modified_gmt":"2025-07-25T12:46:36","slug":"fujitsu-lifebook-ah531-maticna-ploca-cp515978-01-da0fh5mb6f0","status":"publish","type":"product","link":"https:\/\/boreait.com\/hr\/product\/fujitsu-lifebook-ah531-maticna-ploca-cp515978-01-da0fh5mb6f0\/","title":{"rendered":"Fujitsu Lifebook AH531 Mati\u010dna plo\u010da CP515978-01 DA0FH5MB6F0"},"content":{"rendered":"<p>Oslobodite puni potencijal svog Fujitsu Lifebook AH531 s vrhunskom zamjenom za mati\u010dnu plo\u010du, CP515978-01 31FH5MB0050 DA0FH5MB6F0 REV:F. Dizajnirana do savr\u0161enstva, ova mati\u010dna plo\u010da osigurava besprijekorne performanse i pobolj\u0161anu funkcionalnost za va\u0161 ure\u0111aj. Precizno projektiran, jam\u010di optimalnu kompatibilnost i pouzdanost, omogu\u0107uju\u0107i vam da bez napora obavljate vi\u0161e zadataka.<\/p>\n<p>Nadogradite svoje ra\u010dunalno iskustvo s ovom visokokvalitetnom mati\u010dnom plo\u010dom koja obe\u0107ava glatke operacije i ve\u0107e brzine obrade. Recite zbogom ka\u0161njenjima i padovima sustava dok zaronite u neprekinutu produktivnost i impresivnu zabavu. Bilo da ste profesionalac koji se bavi te\u0161kim zadacima ili entuzijast u igricama koji tra\u017ei vrhunsku grafiku, ova mati\u010dna plo\u010da je va\u0161 ultimativni suputnik.<\/p>\n<p>Ula\u017eite u budu\u0107nost svog ure\u0111aja s Fujitsu Lifebook AH531 mati\u010dnom plo\u010dom, koja mijenja igru u svijetu tehnologije. Podignite svoje korisni\u010dko iskustvo na nove visine i u\u017eivajte u besprijekornoj izvedbi koju doista zaslu\u017eujete. Nadogradite sada i svjedo\u010dite zna\u010dajnom pobolj\u0161anju ukupne u\u010dinkovitosti i brzine va\u0161eg ure\u0111aja.<\/p>\n","protected":false},"excerpt":{"rendered":"<p>Oslobodite puni potencijal svog Fujitsu Lifebook AH531 s ovom visokokvalitetnom zamjenom mati\u010dne plo\u010de. Projektirana do savr\u0161enstva, ova mati\u010dna plo\u010da CP515978-01 (broj dijela: 31FH5MB0050 DA0FH5MB6F0 REV:F) osigurava besprijekorne performanse i pouzdanost. Nadogradite svoje prijenosno ra\u010dunalo bez napora i vratite se glatkom radu s ra\u010dunalom u trenu.<\/p>\n","protected":false},"featured_media":25688,"template":"","meta":[],"product_brand":[],"product_cat":[62],"product_tag":[63],"class_list":{"0":"post-25623","1":"product","2":"type-product","3":"status-publish","4":"has-post-thumbnail","6":"product_cat-motherboards-board-parts","7":"product_tag-fujitsu","9":"first","10":"instock","11":"taxable","12":"shipping-taxable","13":"purchasable","14":"product-type-simple"},"_links":{"self":[{"href":"https:\/\/boreait.com\/hr\/wp-json\/wp\/v2\/product\/25623","targetHints":{"allow":["GET"]}}],"collection":[{"href":"https:\/\/boreait.com\/hr\/wp-json\/wp\/v2\/product"}],"about":[{"href":"https:\/\/boreait.com\/hr\/wp-json\/wp\/v2\/types\/product"}],"wp:featuredmedia":[{"embeddable":true,"href":"https:\/\/boreait.com\/hr\/wp-json\/wp\/v2\/media\/25688"}],"wp:attachment":[{"href":"https:\/\/boreait.com\/hr\/wp-json\/wp\/v2\/media?parent=25623"}],"wp:term":[{"taxonomy":"product_brand","embeddable":true,"href":"https:\/\/boreait.com\/hr\/wp-json\/wp\/v2\/product_brand?post=25623"},{"taxonomy":"product_cat","embeddable":true,"href":"https:\/\/boreait.com\/hr\/wp-json\/wp\/v2\/product_cat?post=25623"},{"taxonomy":"product_tag","embeddable":true,"href":"https:\/\/boreait.com\/hr\/wp-json\/wp\/v2\/product_tag?post=25623"}],"curies":[{"name":"wp","href":"https:\/\/api.w.org\/{rel}","templated":true}]}}