{"id":25622,"date":"2025-07-25T12:45:35","date_gmt":"2025-07-25T12:45:35","guid":{"rendered":"https:\/\/boreait.com\/hr\/?post_type=product&#038;p=25622"},"modified":"2026-02-04T07:49:29","modified_gmt":"2026-02-04T07:49:29","slug":"fujitsu-lifebook-ah531-ah512-a531-dio-ploce-vrata-poklopca-baze-cp515947-01","status":"publish","type":"product","link":"https:\/\/boreait.com\/hr\/product\/fujitsu-lifebook-ah531-ah512-a531-dio-ploce-vrata-poklopca-baze-cp515947-01\/","title":{"rendered":"Fujitsu LifeBook AH531 AH512 A531 dio plo\u010de vrata poklopca baze CP515947-01"},"content":{"rendered":"<p>Pretvorite svoj Fujitsu LifeBook AH531 AH512 A531 u elegantan i moderan mo\u0107an ure\u0111aj s ovom originalnom plo\u010dom donjeg poklopca vrata. Izra\u0111en do savr\u0161enstva, ovaj zamjenski dio 3FFH5BDJT00 CP515947-01 dizajniran je da besprijekorno pristaje va\u0161em prijenosnom ra\u010dunalu, osiguravaju\u0107i besprijekornu zavr\u0161nu obradu.<\/p>\n<p>Recite zbogom starim, dotrajalim plo\u010dama i pozdravite osvje\u017eeni izgled koji odi\u0161e profesionalno\u0161\u0107u i sofisticirano\u0161\u0107u. Izra\u0111ena od visokokvalitetnih materijala, ova plo\u010da za vrata jam\u010di izdr\u017eljivost i dugotrajnost, daju\u0107i vam povjerenje da je va\u0161e prijenosno ra\u010dunalo za\u0161ti\u0107eno i sigurno.<\/p>\n<p>Nadogradite estetsku privla\u010dnost i funkcionalnost svog prijenosnog ra\u010dunala s ovom originalnom Fujitsu baznom plo\u010dom vrata. Bilo da ste profesionalac u pokretu ili tehni\u010dki potkovani pojedinac, ovaj zamjenski dio mora imati svatko tko \u017eeli pobolj\u0161ati svoj ure\u0111aj. Nabavite svoju danas i osjetite razliku!<\/p>\n","protected":false},"excerpt":{"rendered":"<p>Nadogradite svoj Fujitsu LifeBook AH531 AH512 A531 ovom originalnom baznom plo\u010dom poklopca vrata. Izra\u0111ena s precizno\u0161\u0107u i dizajnirana do savr\u0161enstva, ova plo\u010da, s brojem dijela 3FFH5BDJT00 CP515947-01, osigurava besprijekorno pristajanje i dugotrajnu izdr\u017eljivost. Pobolj\u0161ajte estetiku i funkcionalnost svog prijenosnog ra\u010dunala danas!<\/p>\n","protected":false},"featured_media":25686,"template":"","meta":[],"product_brand":[],"product_cat":[51],"product_tag":[63],"class_list":{"0":"post-25622","1":"product","2":"type-product","3":"status-publish","4":"has-post-thumbnail","6":"product_cat-laptop-housing","7":"product_tag-fujitsu","9":"first","10":"instock","11":"taxable","12":"shipping-taxable","13":"purchasable","14":"product-type-simple"},"_links":{"self":[{"href":"https:\/\/boreait.com\/hr\/wp-json\/wp\/v2\/product\/25622","targetHints":{"allow":["GET"]}}],"collection":[{"href":"https:\/\/boreait.com\/hr\/wp-json\/wp\/v2\/product"}],"about":[{"href":"https:\/\/boreait.com\/hr\/wp-json\/wp\/v2\/types\/product"}],"wp:featuredmedia":[{"embeddable":true,"href":"https:\/\/boreait.com\/hr\/wp-json\/wp\/v2\/media\/25686"}],"wp:attachment":[{"href":"https:\/\/boreait.com\/hr\/wp-json\/wp\/v2\/media?parent=25622"}],"wp:term":[{"taxonomy":"product_brand","embeddable":true,"href":"https:\/\/boreait.com\/hr\/wp-json\/wp\/v2\/product_brand?post=25622"},{"taxonomy":"product_cat","embeddable":true,"href":"https:\/\/boreait.com\/hr\/wp-json\/wp\/v2\/product_cat?post=25622"},{"taxonomy":"product_tag","embeddable":true,"href":"https:\/\/boreait.com\/hr\/wp-json\/wp\/v2\/product_tag?post=25622"}],"curies":[{"name":"wp","href":"https:\/\/api.w.org\/{rel}","templated":true}]}}