{"id":25611,"date":"2025-07-25T12:45:15","date_gmt":"2025-07-25T12:45:15","guid":{"rendered":"https:\/\/boreait.com\/hr\/?post_type=product&#038;p=25611"},"modified":"2025-07-25T12:46:28","modified_gmt":"2025-07-25T12:46:28","slug":"fujitsu-lifebook-a531-ah512-ah531-gornji-poklopac-lcd-poklopca-cp515924-01-zamjena","status":"publish","type":"product","link":"https:\/\/boreait.com\/hr\/product\/fujitsu-lifebook-a531-ah512-ah531-gornji-poklopac-lcd-poklopca-cp515924-01-zamjena\/","title":{"rendered":"Fujitsu Lifebook A531 AH512 AH531 Gornji poklopac LCD poklopca CP515924-01 Zamjena"},"content":{"rendered":"<p>Nadogradite svoj Fujitsu Lifebook A531 AH512 AH531 ovom originalnom gornjom stranom poklopca LCD poklopca, broj dijela CP515924-01. Izra\u0111ena do savr\u0161enstva, ova navlaka jam\u010di besprijekorno pristajanje i postavljanje bez napora. Recite zbogom ogrebotinama, udubljenjima i drugim o\u0161te\u0107enjima na poklopcu prijenosnog ra\u010dunala. Izra\u0111en od visokokvalitetnih materijala, ovaj LCD poklopac s gornjim poklopcem osigurava izdr\u017eljivost i dugotrajnu izvedbu.<\/p>\n<p>Pobolj\u0161ajte cjelokupni izgled svog prijenosnog ra\u010dunala ovim elegantnim i elegantnim poklopcem za gornji poklopac. Za\u0161titite svoj zaslon i dajte svom ure\u0111aju novi svje\u017ei izgled s ovim zamjenskim dijelom. Neka va\u0161e prijenosno ra\u010dunalo izgleda potpuno novo i profesionalno uz ovaj LCD poklopac s gornjim poklopcem.<\/p>\n<p>Nemojte se zadovoljiti jeftinim imitacijama kada je u pitanju zamjena bitnih dijelova va\u0161eg prijenosnog ra\u010dunala. Vjerujte samo originalnim Fujitsu dijelovima za savr\u0161eno pristajanje i beskompromisnu kvalitetu. Ulo\u017eite u najbolje za svoj ure\u0111aj i u\u017eivajte bezbri\u017eno znaju\u0107i da koristite pouzdan i autenti\u010dan LCD poklopac s gornjim poklopcem.<\/p>\n","protected":false},"excerpt":{"rendered":"<p>Unaprijedite svoj Fujitsu Lifebook A531 AH512 AH531 s ovom originalnom gornjom LCD maskom. Neka va\u0161e prijenosno ra\u010dunalo izgleda elegantno i profesionalno uz ovaj zamjenski dio, s brojem dijela CP515924-01. Nadogradite svoj ure\u0111aj bez napora i zadr\u017eite njegov izvorni \u0161arm.<\/p>\n","protected":false},"featured_media":25684,"template":"","meta":[],"product_brand":[],"product_cat":[51],"product_tag":[63],"class_list":{"0":"post-25611","1":"product","2":"type-product","3":"status-publish","4":"has-post-thumbnail","6":"product_cat-laptop-housing","7":"product_tag-fujitsu","9":"first","10":"instock","11":"taxable","12":"shipping-taxable","13":"purchasable","14":"product-type-simple"},"_links":{"self":[{"href":"https:\/\/boreait.com\/hr\/wp-json\/wp\/v2\/product\/25611","targetHints":{"allow":["GET"]}}],"collection":[{"href":"https:\/\/boreait.com\/hr\/wp-json\/wp\/v2\/product"}],"about":[{"href":"https:\/\/boreait.com\/hr\/wp-json\/wp\/v2\/types\/product"}],"wp:featuredmedia":[{"embeddable":true,"href":"https:\/\/boreait.com\/hr\/wp-json\/wp\/v2\/media\/25684"}],"wp:attachment":[{"href":"https:\/\/boreait.com\/hr\/wp-json\/wp\/v2\/media?parent=25611"}],"wp:term":[{"taxonomy":"product_brand","embeddable":true,"href":"https:\/\/boreait.com\/hr\/wp-json\/wp\/v2\/product_brand?post=25611"},{"taxonomy":"product_cat","embeddable":true,"href":"https:\/\/boreait.com\/hr\/wp-json\/wp\/v2\/product_cat?post=25611"},{"taxonomy":"product_tag","embeddable":true,"href":"https:\/\/boreait.com\/hr\/wp-json\/wp\/v2\/product_tag?post=25611"}],"curies":[{"name":"wp","href":"https:\/\/api.w.org\/{rel}","templated":true}]}}