{"id":25610,"date":"2025-07-25T12:45:15","date_gmt":"2025-07-25T12:45:15","guid":{"rendered":"https:\/\/boreait.com\/hr\/?post_type=product&#038;p=25610"},"modified":"2026-02-04T07:49:12","modified_gmt":"2026-02-04T07:49:12","slug":"vrata-poklopca-zamjenske-memorije-ram-s-vijkom-za-lenovo-thinkpad-x220-x220t-x220i-x220s-x230i","status":"publish","type":"product","link":"https:\/\/boreait.com\/hr\/product\/vrata-poklopca-zamjenske-memorije-ram-s-vijkom-za-lenovo-thinkpad-x220-x220t-x220i-x220s-x230i\/","title":{"rendered":"Vrata poklopca zamjenske memorije RAM s vijkom za Lenovo Thinkpad X220 X220T X220i X220S X230i"},"content":{"rendered":"<p>Nadogradite svoj Lenovo Thinkpad X220 ili X230i s ovim visokokvalitetnim kompletom poklopaca za Memory RAM i vijaka. Izra\u0111ena posebno za ove modele, ova pokrovna vrata osiguravaju savr\u0161eno pristajanje i jednostavnu ugradnju. Dr\u017eite svoj RAM sigurnim i za\u0161ti\u0107enim ovim izdr\u017eljivim pokrovnim vratima koja tako\u0111er dolaze s potrebnim vijcima za dodatnu prakti\u010dnost.<\/p>\n<p>Recite zbogom brigama o labavim RAM modulima ili mogu\u0107im o\u0161te\u0107enjima uzrokovanim pra\u0161inom i krhotinama. Memory RAM Cover Door pru\u017ea dodatni sloj sigurnosti, daju\u0107i vam bezbri\u017enost dok koristite svoj ure\u0111aj. Bez obzira jeste li zaljubljenik u tehnologiju koji \u017eeli pobolj\u0161ati performanse svog prijenosnog ra\u010dunala ili profesionalac kojem je potreban pouzdan hardver, ovaj set poklopaca i vijaka nezaobilazan je dodatak za va\u0161 Lenovo Thinkpad.<\/p>\n<p>Ulo\u017eite u dugotrajnost i u\u010dinkovitost svog prijenosnog ra\u010dunala tako \u0161to \u0107ete ve\u0107 danas dodati ova vrata\u0161ca poklopca Memory RAM-a u svoju ko\u0161aricu. Iskusite besprijekornu instalaciju, dobro prianjanje i pobolj\u0161anu za\u0161titu za svoje RAM module. Nadogradite s povjerenjem i otklju\u010dajte puni potencijal va\u0161eg Lenovo Thinkpada X220 ili X230i.<\/p>\n","protected":false},"excerpt":{"rendered":"<p>Pobolj\u0161ajte performanse svog Lenovo Thinkpada X220\/X230 s ovim poklopcem za Memory RAM. Dizajnirana za savr\u0161eno pristajanje, ova pokrovna vrata\u0161ca dolaze s vijcima koji u\u010dvr\u0161\u0107uju va\u0161 RAM na mjestu. Recite zbogom izgubljenim memorijskim modulima i pozdravite besprijekorne performanse! Nadogradite svoje prijenosno ra\u010dunalo bez napora ovim bitnim dodatkom.<\/p>\n","protected":false},"featured_media":25672,"template":"","meta":[],"product_brand":[],"product_cat":[51],"product_tag":[61],"class_list":{"0":"post-25610","1":"product","2":"type-product","3":"status-publish","4":"has-post-thumbnail","6":"product_cat-laptop-housing","7":"product_tag-lenovo","9":"first","10":"instock","11":"taxable","12":"shipping-taxable","13":"purchasable","14":"product-type-simple"},"_links":{"self":[{"href":"https:\/\/boreait.com\/hr\/wp-json\/wp\/v2\/product\/25610","targetHints":{"allow":["GET"]}}],"collection":[{"href":"https:\/\/boreait.com\/hr\/wp-json\/wp\/v2\/product"}],"about":[{"href":"https:\/\/boreait.com\/hr\/wp-json\/wp\/v2\/types\/product"}],"wp:featuredmedia":[{"embeddable":true,"href":"https:\/\/boreait.com\/hr\/wp-json\/wp\/v2\/media\/25672"}],"wp:attachment":[{"href":"https:\/\/boreait.com\/hr\/wp-json\/wp\/v2\/media?parent=25610"}],"wp:term":[{"taxonomy":"product_brand","embeddable":true,"href":"https:\/\/boreait.com\/hr\/wp-json\/wp\/v2\/product_brand?post=25610"},{"taxonomy":"product_cat","embeddable":true,"href":"https:\/\/boreait.com\/hr\/wp-json\/wp\/v2\/product_cat?post=25610"},{"taxonomy":"product_tag","embeddable":true,"href":"https:\/\/boreait.com\/hr\/wp-json\/wp\/v2\/product_tag?post=25610"}],"curies":[{"name":"wp","href":"https:\/\/api.w.org\/{rel}","templated":true}]}}