{"id":25609,"date":"2025-07-25T12:45:15","date_gmt":"2025-07-25T12:45:15","guid":{"rendered":"https:\/\/boreait.com\/hr\/?post_type=product&#038;p=25609"},"modified":"2026-02-03T14:59:27","modified_gmt":"2026-02-03T14:59:27","slug":"intel-centrino-advanced-n-6205-wifi-kartica-za-thinkpad-t430s-x230-x220i-t530-60y3253","status":"publish","type":"product","link":"https:\/\/boreait.com\/hr\/product\/intel-centrino-advanced-n-6205-wifi-kartica-za-thinkpad-t430s-x230-x220i-t530-60y3253\/","title":{"rendered":"Intel Centrino Advanced-N 6205 WiFi kartica za Thinkpad T430S X230 X220i T530 60Y3253"},"content":{"rendered":"<p>Nadogradite be\u017ei\u010dnu povezanost prijenosnog ra\u010dunala s Intel Centrino Advanced-N 6205 WiFi karticom. Posebno dizajnirana za modele Thinkpad T430S, X230, X220i i T530, ova WiFi kartica osigurava besprijekornu i stabilnu internetsku vezu za va\u0161e dnevne zadatke. Do\u017eivite ve\u0107e brzine preuzimanja i prijenosa, glatkiji streaming i pobolj\u0161ano online igranje s ovom pouzdanom i visokou\u010dinkovitom WiFi karticom.<\/p>\n<p>Recite zbogom zaostalim internetskim vezama i ispadima signala uz Intel Centrino Advanced-N 6205 WiFi karticu. Njegova napredna tehnologija pru\u017ea bolju pokrivenost i pobolj\u0161anu pouzdanost, omogu\u0107uju\u0107i vam da ostanete povezani gdje god idete. Bez obzira radite li iz kafi\u0107a, putujete ili jednostavno kod ku\u0107e, ova WiFi kartica jam\u010di dosljednu i brzu vezu.<\/p>\n<p>Instalacija je lagana s ovom WiFi karticom, \u0161to je \u010dini prakti\u010dnom i ekonomi\u010dnom nadogradnjom za va\u0161e prijenosno ra\u010dunalo. Jednostavno instalirajte karticu, preuzmite upravlja\u010dke programe i odmah u\u017eivajte u pobolj\u0161anim be\u017ei\u010dnim performansama. Ne dopustite da vas usporava spora ili nepouzdana internetska veza \u2013 ulo\u017eite u Intel Centrino Advanced-N 6205 WiFi karticu i u\u017eivajte u besprijekornom online iskustvu.<\/p>\n","protected":false},"excerpt":{"rendered":"<p>Pobolj\u0161ajte povezivost svog prijenosnog ra\u010dunala s Intel Centrino Advanced-N 6205 WiFi karticom. Kompatibilna s Thinkpad T430S, X230, X220i, T530 i vi\u0161e, ova kartica osigurava br\u017ee i pouzdanije be\u017ei\u010dne performanse. Ostanite povezani besprijekorno i u\u017eivajte u glatkom iskustvu pregledavanja i strujanja. Nadogradite svoj ure\u0111aj bez napora ovom visokokvalitetnom WiFi karticom.<\/p>\n","protected":false},"featured_media":25670,"template":"","meta":[],"product_brand":[],"product_cat":[62],"product_tag":[61],"class_list":{"0":"post-25609","1":"product","2":"type-product","3":"status-publish","4":"has-post-thumbnail","6":"product_cat-motherboards-board-parts","7":"product_tag-lenovo","9":"first","10":"instock","11":"taxable","12":"shipping-taxable","13":"purchasable","14":"product-type-simple"},"_links":{"self":[{"href":"https:\/\/boreait.com\/hr\/wp-json\/wp\/v2\/product\/25609","targetHints":{"allow":["GET"]}}],"collection":[{"href":"https:\/\/boreait.com\/hr\/wp-json\/wp\/v2\/product"}],"about":[{"href":"https:\/\/boreait.com\/hr\/wp-json\/wp\/v2\/types\/product"}],"wp:featuredmedia":[{"embeddable":true,"href":"https:\/\/boreait.com\/hr\/wp-json\/wp\/v2\/media\/25670"}],"wp:attachment":[{"href":"https:\/\/boreait.com\/hr\/wp-json\/wp\/v2\/media?parent=25609"}],"wp:term":[{"taxonomy":"product_brand","embeddable":true,"href":"https:\/\/boreait.com\/hr\/wp-json\/wp\/v2\/product_brand?post=25609"},{"taxonomy":"product_cat","embeddable":true,"href":"https:\/\/boreait.com\/hr\/wp-json\/wp\/v2\/product_cat?post=25609"},{"taxonomy":"product_tag","embeddable":true,"href":"https:\/\/boreait.com\/hr\/wp-json\/wp\/v2\/product_tag?post=25609"}],"curies":[{"name":"wp","href":"https:\/\/api.w.org\/{rel}","templated":true}]}}