{"id":25608,"date":"2025-07-25T12:45:15","date_gmt":"2025-07-25T12:45:15","guid":{"rendered":"https:\/\/boreait.com\/hr\/?post_type=product&#038;p=25608"},"modified":"2026-02-03T14:59:12","modified_gmt":"2026-02-03T14:59:12","slug":"lenovo-thinkpad-x230-w530-t430-t430s-3g-kartica-60y3297-wwan-mobilna-sirokopojasna-veza","status":"publish","type":"product","link":"https:\/\/boreait.com\/hr\/product\/lenovo-thinkpad-x230-w530-t430-t430s-3g-kartica-60y3297-wwan-mobilna-sirokopojasna-veza\/","title":{"rendered":"Lenovo Thinkpad X230 W530 T430 T430s 3G kartica 60Y3297 &#8211; WWAN mobilna \u0161irokopojasna veza"},"content":{"rendered":"<p>Pobolj\u0161ajte svoju povezanost dok ste u pokretu s WWAN mobilnom \u0161irokopojasnom 3G karticom dizajniranom za prijenosna ra\u010dunala Lenovo Thinkpad X230, W530, T430 i T430s. Ostanite povezani gdje god se nalazili uz besprijekoran pristup 3G mre\u017ei, osiguravaju\u0107i da nikada ne\u0107ete propustiti va\u017enu e-po\u0161tu ili rok. 60Y3297 WWAN kartica nudi pouzdane i brze internetske brzine, savr\u0161ene za profesionalce koji zahtijevaju stalan pristup mre\u017ei.<\/p>\n<p>Iskusite pogodnost neprekinute internetske veze dok putujete ili radite na daljinu. Lako instalirajte WWAN karticu u svoje kompatibilno prijenosno ra\u010dunalo Lenovo i u\u017eivajte u prednostima pobolj\u0161ane mobilnosti i produktivnosti. Bilo da ste u kafi\u0107u, zra\u010dnoj luci ili u vlaku, ova WWAN kartica pru\u017ea stabilnu vezu za sve va\u0161e potrebe pregledavanja i komunikacije. Ne dopustite da vas uspori nejasna Wi-Fi veza \u2013 nadogradite na WWAN Mobile Broadband 3G karticu i ostanite povezani gdje god idete.<\/p>\n","protected":false},"excerpt":{"rendered":"<p>Pobolj\u0161ajte svoju povezanost dok ste u pokretu s Lenovo Thinkpad X230 W530 T430 T430s WWAN mobilnom \u0161irokopojasnom 3G karticom 60Y3297. Ostanite povezani gdje god se nalazili uz pouzdane 3G brzine, savr\u0161ene za profesionalce koji trebaju besprijekoran pristup internetu dok putuju. Pove\u0107ajte svoju produktivnost i nikada ne propustite ni\u0161ta uz ovu bitnu nadogradnju za svoj ure\u0111aj.<\/p>\n","protected":false},"featured_media":25668,"template":"","meta":[],"product_brand":[],"product_cat":[62],"product_tag":[61],"class_list":{"0":"post-25608","1":"product","2":"type-product","3":"status-publish","4":"has-post-thumbnail","6":"product_cat-motherboards-board-parts","7":"product_tag-lenovo","9":"first","10":"instock","11":"taxable","12":"shipping-taxable","13":"purchasable","14":"product-type-simple"},"_links":{"self":[{"href":"https:\/\/boreait.com\/hr\/wp-json\/wp\/v2\/product\/25608","targetHints":{"allow":["GET"]}}],"collection":[{"href":"https:\/\/boreait.com\/hr\/wp-json\/wp\/v2\/product"}],"about":[{"href":"https:\/\/boreait.com\/hr\/wp-json\/wp\/v2\/types\/product"}],"wp:featuredmedia":[{"embeddable":true,"href":"https:\/\/boreait.com\/hr\/wp-json\/wp\/v2\/media\/25668"}],"wp:attachment":[{"href":"https:\/\/boreait.com\/hr\/wp-json\/wp\/v2\/media?parent=25608"}],"wp:term":[{"taxonomy":"product_brand","embeddable":true,"href":"https:\/\/boreait.com\/hr\/wp-json\/wp\/v2\/product_brand?post=25608"},{"taxonomy":"product_cat","embeddable":true,"href":"https:\/\/boreait.com\/hr\/wp-json\/wp\/v2\/product_cat?post=25608"},{"taxonomy":"product_tag","embeddable":true,"href":"https:\/\/boreait.com\/hr\/wp-json\/wp\/v2\/product_tag?post=25608"}],"curies":[{"name":"wp","href":"https:\/\/api.w.org\/{rel}","templated":true}]}}