{"id":25606,"date":"2025-07-25T12:45:15","date_gmt":"2025-07-25T12:45:15","guid":{"rendered":"https:\/\/boreait.com\/hr\/?post_type=product&#038;p=25606"},"modified":"2026-02-03T14:58:55","modified_gmt":"2026-02-03T14:58:55","slug":"ploca-i-nosac-za-citac-otiska-prsta-za-lenovo-thinkpad-x230-48-4qe17-011","status":"publish","type":"product","link":"https:\/\/boreait.com\/hr\/product\/ploca-i-nosac-za-citac-otiska-prsta-za-lenovo-thinkpad-x230-48-4qe17-011\/","title":{"rendered":"Plo\u010da i nosa\u010d za \u010dita\u010d otiska prsta za Lenovo ThinkPad X230 &#8211; 48.4QE17.011"},"content":{"rendered":"<p>Otklju\u010dajte puni potencijal va\u0161eg Lenovo ThinkPad X230 s plo\u010dom \u010dita\u010da otiska prsta &amp; Nosa\u010d 48.4QE17.011. Ovaj vrhunski dodatak pru\u017ea pobolj\u0161anu sigurnost i prakti\u010dnost, omogu\u0107uju\u0107i vam pristup ure\u0111aju samo jednim dodirom. Recite zbogom lozinkama i kompliciranim procesima prijave \u2014 s ovom plo\u010dom i nosa\u010dem \u010dita\u010da otiska prsta mo\u017eete u\u017eivati u besprijekornoj autentifikaciji za nekoliko sekundi.<\/p>\n<p>Precizno izra\u0111ena i dizajnirana za besprijekornu integraciju u va\u0161 Lenovo ThinkPad X230, ova plo\u010da i nosa\u010d \u010dita\u010da otiska prsta obavezna su nadogradnja za svakog entuzijasta tehnologije. Jednostavno ga instalirajte u svoj ure\u0111aj, registrirajte svoje otiske prstiju i do\u017eivite potpuno novu razinu sigurnosti i u\u010dinkovitosti.<\/p>\n<p>Bez obzira jeste li poslovni profesionalac koji rukuje osjetljivim informacijama ili student s va\u017enim projektima, Fingerprint Reader Board &amp; Nosa\u010d 48.4QE17.011 savr\u0161eno je rje\u0161enje za sigurnost va\u0161ih podataka i neprekinut radni tok. Ulo\u017eite u ovaj inovativni dodatak danas i podignite svoje digitalno iskustvo na nove visine.<\/p>\n","protected":false},"excerpt":{"rendered":"<p>Pobolj\u0161ajte svoj Lenovo ThinkPad X230 ovom originalnom plo\u010dom za \u010ditanje otiska prsta &amp; Nosa\u010d (48.4QE17.011). U\u017eivajte u besprijekornoj sigurnosti i pogodnosti s brzim prepoznavanjem otiska prsta. Nadogradite svoj ure\u0111aj bez napora danas!<\/p>\n","protected":false},"featured_media":25665,"template":"","meta":[],"product_brand":[],"product_cat":[62],"product_tag":[61],"class_list":{"0":"post-25606","1":"product","2":"type-product","3":"status-publish","4":"has-post-thumbnail","6":"product_cat-motherboards-board-parts","7":"product_tag-lenovo","9":"first","10":"instock","11":"taxable","12":"shipping-taxable","13":"purchasable","14":"product-type-simple"},"_links":{"self":[{"href":"https:\/\/boreait.com\/hr\/wp-json\/wp\/v2\/product\/25606","targetHints":{"allow":["GET"]}}],"collection":[{"href":"https:\/\/boreait.com\/hr\/wp-json\/wp\/v2\/product"}],"about":[{"href":"https:\/\/boreait.com\/hr\/wp-json\/wp\/v2\/types\/product"}],"wp:featuredmedia":[{"embeddable":true,"href":"https:\/\/boreait.com\/hr\/wp-json\/wp\/v2\/media\/25665"}],"wp:attachment":[{"href":"https:\/\/boreait.com\/hr\/wp-json\/wp\/v2\/media?parent=25606"}],"wp:term":[{"taxonomy":"product_brand","embeddable":true,"href":"https:\/\/boreait.com\/hr\/wp-json\/wp\/v2\/product_brand?post=25606"},{"taxonomy":"product_cat","embeddable":true,"href":"https:\/\/boreait.com\/hr\/wp-json\/wp\/v2\/product_cat?post=25606"},{"taxonomy":"product_tag","embeddable":true,"href":"https:\/\/boreait.com\/hr\/wp-json\/wp\/v2\/product_tag?post=25606"}],"curies":[{"name":"wp","href":"https:\/\/api.w.org\/{rel}","templated":true}]}}