{"id":25604,"date":"2025-07-25T12:45:14","date_gmt":"2025-07-25T12:45:14","guid":{"rendered":"https:\/\/boreait.com\/hr\/?post_type=product&#038;p=25604"},"modified":"2026-02-03T14:58:39","modified_gmt":"2026-02-03T14:58:39","slug":"zamjenska-25-incna-vratasca-poklopca-tvrdog-diska-caddy-za-thinkpad-x230i-p-n-60-4kh22-011","status":"publish","type":"product","link":"https:\/\/boreait.com\/hr\/product\/zamjenska-25-incna-vratasca-poklopca-tvrdog-diska-caddy-za-thinkpad-x230i-p-n-60-4kh22-011\/","title":{"rendered":"Zamjenska 2,5-in\u010dna vrata\u0161ca poklopca tvrdog diska Caddy za ThinkPad X230i P\/N 60.4KH22.011"},"content":{"rendered":"<p>Nadogradite i za\u0161titite svoj ThinkPad X230i ovim visokokvalitetnim poklopcem tvrdog diska s vijcima. Posebno dizajnirana za besprijekorno pristajanje, ova 2,5-in\u010dna vrata\u0161ca poklopca za HDD nosa\u010d savr\u0161eno su rje\u0161enje za sigurno i sigurno dr\u017eanje va\u0161eg tvrdog diska. P\/N 60.4KH22.011 osigurava kompatibilnost i jednostavnu instalaciju, omogu\u0107uju\u0107i vam da bez napora zamijenite postoje\u0107a pokrovna vrata.<\/p>\n<p>Izra\u0111ena od izdr\u017eljivih materijala, ova pokrovna vrata pru\u017eaju dodatni sloj za\u0161tite od pra\u0161ine, prljav\u0161tine i drugih mogu\u0107ih o\u0161te\u0107enja. Prilo\u017eeni vijci \u010dine instalaciju jednostavnom, osiguravaju\u0107i brz i jednostavan proces nadogradnje. Budite uvjereni da je va\u0161 tvrdi disk dobro za\u0161ti\u0107en i optimalno funkcionira s ovim pouzdanim poklopcem.<\/p>\n<p>Recite zbogom brigama o sigurnosti i funkcionalnosti va\u0161eg tvrdog diska. Ulo\u017eite u ova vrata\u0161ca za poklopac tvrdog diska s vijcima ve\u0107 danas i u\u017eivajte bezbri\u017eno znaju\u0107i da su va\u0161i vrijedni podaci u dobrim rukama. Nadogradite svoj ThinkPad X230i ovim bitnim dodatkom i do\u017eivite pobolj\u0161anu izdr\u017eljivost i za\u0161titu za svoj tvrdi disk.<\/p>\n","protected":false},"excerpt":{"rendered":"<p>Dajte svom ThinkPad X230i elegantnu nadogradnju s ovim 2,5-in\u010dnim HDD Caddy poklopcem. Izdr\u017eljiva i jednostavna za postavljanje, ova pokrovna vrata dolaze s vijcima za sigurno prianjanje. Recite zbogom dosadnom tvrdom disku i pozdravite elegantno rje\u0161enje za pohranu. Nadogradite svoje prijenosno ra\u010dunalo ovim elegantnim i funkcionalnim dodatkom danas!<\/p>\n","protected":false},"featured_media":25662,"template":"","meta":[],"product_brand":[],"product_cat":[51],"product_tag":[61],"class_list":{"0":"post-25604","1":"product","2":"type-product","3":"status-publish","4":"has-post-thumbnail","6":"product_cat-laptop-housing","7":"product_tag-lenovo","9":"first","10":"instock","11":"taxable","12":"shipping-taxable","13":"purchasable","14":"product-type-simple"},"_links":{"self":[{"href":"https:\/\/boreait.com\/hr\/wp-json\/wp\/v2\/product\/25604","targetHints":{"allow":["GET"]}}],"collection":[{"href":"https:\/\/boreait.com\/hr\/wp-json\/wp\/v2\/product"}],"about":[{"href":"https:\/\/boreait.com\/hr\/wp-json\/wp\/v2\/types\/product"}],"wp:featuredmedia":[{"embeddable":true,"href":"https:\/\/boreait.com\/hr\/wp-json\/wp\/v2\/media\/25662"}],"wp:attachment":[{"href":"https:\/\/boreait.com\/hr\/wp-json\/wp\/v2\/media?parent=25604"}],"wp:term":[{"taxonomy":"product_brand","embeddable":true,"href":"https:\/\/boreait.com\/hr\/wp-json\/wp\/v2\/product_brand?post=25604"},{"taxonomy":"product_cat","embeddable":true,"href":"https:\/\/boreait.com\/hr\/wp-json\/wp\/v2\/product_cat?post=25604"},{"taxonomy":"product_tag","embeddable":true,"href":"https:\/\/boreait.com\/hr\/wp-json\/wp\/v2\/product_tag?post=25604"}],"curies":[{"name":"wp","href":"https:\/\/api.w.org\/{rel}","templated":true}]}}