{"id":25362,"date":"2025-07-25T12:40:26","date_gmt":"2025-07-25T12:40:26","guid":{"rendered":"https:\/\/boreait.com\/hr\/?post_type=product&#038;p=25362"},"modified":"2026-02-01T09:11:17","modified_gmt":"2026-02-01T09:11:17","slug":"wwan-ericsson-f3507g-kartica-fru-43y6513","status":"publish","type":"product","link":"https:\/\/boreait.com\/hr\/product\/wwan-ericsson-f3507g-kartica-fru-43y6513\/","title":{"rendered":"WWAN Ericsson F3507g kartica FRU 43Y6513"},"content":{"rendered":"<p><strong>Pregled proizvoda<\/strong><\/p>\n<p>Nadogradite svoj Lenovo ThinkPad T400 ili T500 s WWAN Ericsson F3507g karticom (FRU: 43Y6513) za pouzdano mobilno \u0161irokopojasno povezivanje. Ova vam kartica omogu\u0107uje da ostanete povezani dok ste u pokretu, osiguravaju\u0107i da ostanete produktivni gdje god se nalazili.<\/p>\n<p><strong>Klju\u010dne zna\u010dajke<\/strong><\/p>\n<ul>\n<li><strong>Kompatibilnost modela<\/strong>: Kompatibilno s modelima Lenovo ThinkPad T400 i T500.<\/li>\n<li><strong>FRU broj<\/strong>: FRU 43Y6513 osigurava kompatibilnost i zadovoljava OEM standarde.<\/li>\n<li><strong>Mobilna \u0161irokopojasna povezanost<\/strong>: Omogu\u0107uje brzi pristup internetu putem WWAN-a (Wireless Wide Area Network).<\/li>\n<li><strong>Jednostavna instalacija<\/strong>: Dizajnirana za jednostavnu instalaciju, minimaliziraju\u0107i vrijeme prekida rada.<\/li>\n<li><strong>Pouzdana izvedba<\/strong>: nudi stabilnu i pouzdanu vezu za besprijekorno pregledavanje i umre\u017eavanje.<\/li>\n<\/ul>\n<p><strong>Za\u0161to odabrati na\u0161u WWAN karticu?<\/strong><\/p>\n<ul>\n<li><strong>Pobolj\u0161ana mobilnost<\/strong>: Ostanite povezani uz pouzdanu mobilnu \u0161irokopojasnu vezu.<\/li>\n<li><strong>Jednostavna integracija<\/strong>: Kompatibilno s va\u0161im Lenovo ThinkPadom bez dodatnih izmjena.<\/li>\n<li><strong>Korisni\u010dka podr\u0161ka<\/strong>: Pru\u017eamo sveobuhvatnu podr\u0161ku za upite vezane uz instalaciju i proizvode.<\/li>\n<\/ul>\n<p><strong>Nadogradite svoju mobilnu vezu<\/strong><\/p>\n<p>Pobolj\u0161ajte svoj Lenovo ThinkPad T400 ili T500 s WWAN Ericsson F3507g karticom za pobolj\u0161anu mobilnu \u0161irokopojasnu povezanost. Naru\u010dite sada za brzu dostavu i u\u017eivajte u besprijekornom pristupu internetu dok ste u pokretu.<\/p>\n","protected":false},"excerpt":{"rendered":"<p>Nadogradite svoj Lenovo ThinkPad T400 ili T500 s WWAN Ericsson F3507g karticom za pobolj\u0161anu mobilnu \u0161irokopojasnu povezanost.<\/p>\n","protected":false},"featured_media":25405,"template":"","meta":[],"product_brand":[],"product_cat":[62],"product_tag":[61],"class_list":{"0":"post-25362","1":"product","2":"type-product","3":"status-publish","4":"has-post-thumbnail","6":"product_cat-motherboards-board-parts","7":"product_tag-lenovo","9":"first","10":"instock","11":"taxable","12":"shipping-taxable","13":"purchasable","14":"product-type-simple"},"_links":{"self":[{"href":"https:\/\/boreait.com\/hr\/wp-json\/wp\/v2\/product\/25362","targetHints":{"allow":["GET"]}}],"collection":[{"href":"https:\/\/boreait.com\/hr\/wp-json\/wp\/v2\/product"}],"about":[{"href":"https:\/\/boreait.com\/hr\/wp-json\/wp\/v2\/types\/product"}],"wp:featuredmedia":[{"embeddable":true,"href":"https:\/\/boreait.com\/hr\/wp-json\/wp\/v2\/media\/25405"}],"wp:attachment":[{"href":"https:\/\/boreait.com\/hr\/wp-json\/wp\/v2\/media?parent=25362"}],"wp:term":[{"taxonomy":"product_brand","embeddable":true,"href":"https:\/\/boreait.com\/hr\/wp-json\/wp\/v2\/product_brand?post=25362"},{"taxonomy":"product_cat","embeddable":true,"href":"https:\/\/boreait.com\/hr\/wp-json\/wp\/v2\/product_cat?post=25362"},{"taxonomy":"product_tag","embeddable":true,"href":"https:\/\/boreait.com\/hr\/wp-json\/wp\/v2\/product_tag?post=25362"}],"curies":[{"name":"wp","href":"https:\/\/api.w.org\/{rel}","templated":true}]}}