{"id":25361,"date":"2025-07-25T12:40:26","date_gmt":"2025-07-25T12:40:26","guid":{"rendered":"https:\/\/boreait.com\/hr\/?post_type=product&#038;p=25361"},"modified":"2026-02-01T09:10:57","modified_gmt":"2026-02-01T09:10:57","slug":"intel-533an_mmw-wifi-5300-kartica-fru-43y6495","status":"publish","type":"product","link":"https:\/\/boreait.com\/hr\/product\/intel-533an_mmw-wifi-5300-kartica-fru-43y6495\/","title":{"rendered":"Intel 533AN_MMW WiFi 5300 kartica FRU 43Y6495"},"content":{"rendered":"<p><strong>Pregled proizvoda<\/strong><\/p>\n<p>Nadogradite svoj Lenovo ThinkPad X200, X301, W500 ili T400 s Intel 533AN_MMW WiFi 5300 karticom (FRU: 43Y6495). Ova kartica nudi pouzdanu WiFi vezu, omogu\u0107uju\u0107i vam da ostanete povezani i produktivni gdje god idete.<\/p>\n<p><strong>Klju\u010dne zna\u010dajke<\/strong><\/p>\n<ul>\n<li><strong>Kompatibilnost modela<\/strong>: Kompatibilno s modelima Lenovo ThinkPad X200, X301, W500 i T400.<\/li>\n<li><strong>FRU broj<\/strong>: FRU 43Y6495 osigurava kompatibilnost i zadovoljava OEM standarde.<\/li>\n<li><strong>Pobolj\u0161ana povezivost<\/strong>: Omogu\u0107uje performanse WiFi-a velike brzine za besprijekorno pregledavanje i umre\u017eavanje.<\/li>\n<li><strong>Jednostavna instalacija<\/strong>: Dizajnirana za jednostavnu instalaciju, minimaliziraju\u0107i vrijeme prekida rada.<\/li>\n<li><strong>Pouzdana izvedba<\/strong>: nudi stabilnu i pouzdanu be\u017ei\u010dnu vezu.<\/li>\n<\/ul>\n<p><strong>Za\u0161to odabrati na\u0161u WiFi karticu?<\/strong><\/p>\n<ul>\n<li><strong>Pobolj\u0161ana produktivnost<\/strong>: Ostanite povezani uz brzu i pouzdanu WiFi izvedbu.<\/li>\n<li><strong>Jednostavna integracija<\/strong>: Kompatibilno s va\u0161im Lenovo ThinkPadom bez dodatnih izmjena.<\/li>\n<li><strong>Korisni\u010dka podr\u0161ka<\/strong>: Pru\u017eamo sveobuhvatnu podr\u0161ku za upite vezane uz instalaciju i proizvode.<\/li>\n<\/ul>\n<p><strong>Nadogradite svoje WiFi iskustvo<\/strong><\/p>\n<p>Pobolj\u0161ajte svoj Lenovo ThinkPad X200, X301, W500 ili T400 s Intel 533AN_MMW WiFi 5300 karticom za pobolj\u0161anu be\u017ei\u010dnu povezanost i produktivnost. Naru\u010dite sada za brzu dostavu i u\u017eivajte u besprijekornoj WiFi izvedbi.<\/p>\n","protected":false},"excerpt":{"rendered":"<p>Pobolj\u0161ajte svoj Lenovo ThinkPad X200, X301, W500 ili T400 ovom Intel 533AN_MMW WiFi 5300 karticom.<\/p>\n","protected":false},"featured_media":25403,"template":"","meta":[],"product_brand":[],"product_cat":[62],"product_tag":[61],"class_list":{"0":"post-25361","1":"product","2":"type-product","3":"status-publish","4":"has-post-thumbnail","6":"product_cat-motherboards-board-parts","7":"product_tag-lenovo","9":"first","10":"instock","11":"taxable","12":"shipping-taxable","13":"purchasable","14":"product-type-simple"},"_links":{"self":[{"href":"https:\/\/boreait.com\/hr\/wp-json\/wp\/v2\/product\/25361","targetHints":{"allow":["GET"]}}],"collection":[{"href":"https:\/\/boreait.com\/hr\/wp-json\/wp\/v2\/product"}],"about":[{"href":"https:\/\/boreait.com\/hr\/wp-json\/wp\/v2\/types\/product"}],"wp:featuredmedia":[{"embeddable":true,"href":"https:\/\/boreait.com\/hr\/wp-json\/wp\/v2\/media\/25403"}],"wp:attachment":[{"href":"https:\/\/boreait.com\/hr\/wp-json\/wp\/v2\/media?parent=25361"}],"wp:term":[{"taxonomy":"product_brand","embeddable":true,"href":"https:\/\/boreait.com\/hr\/wp-json\/wp\/v2\/product_brand?post=25361"},{"taxonomy":"product_cat","embeddable":true,"href":"https:\/\/boreait.com\/hr\/wp-json\/wp\/v2\/product_cat?post=25361"},{"taxonomy":"product_tag","embeddable":true,"href":"https:\/\/boreait.com\/hr\/wp-json\/wp\/v2\/product_tag?post=25361"}],"curies":[{"name":"wp","href":"https:\/\/api.w.org\/{rel}","templated":true}]}}