{"id":25337,"date":"2025-07-25T12:40:02","date_gmt":"2025-07-25T12:40:02","guid":{"rendered":"https:\/\/boreait.com\/hr\/?post_type=product&#038;p=25337"},"modified":"2026-01-31T07:13:28","modified_gmt":"2026-01-31T07:13:28","slug":"lenovo-thinkpad-t400-laptop-lcd-inverter-42w8230","status":"publish","type":"product","link":"https:\/\/boreait.com\/hr\/product\/lenovo-thinkpad-t400-laptop-lcd-inverter-42w8230\/","title":{"rendered":"Lenovo ThinkPad T400 laptop LCD Inverter 42W8230"},"content":{"rendered":"<p><strong>Pregled proizvoda<\/strong><\/p>\n<p>Nadogradite ili zamijenite LCD pretvara\u010d va\u0161eg Lenovo ThinkPad T400 ovim visokokvalitetnim dijelom. LCD inverter (Broj dijela: 42W8230, FRU: 42W8229) osigurava potrebnu snagu za osvjetljavanje zaslona prijenosnog ra\u010dunala, osiguravaju\u0107i jasne i dosljedne performanse zaslona.<\/p>\n<p><strong>Klju\u010dne zna\u010dajke<\/strong><\/p>\n<ul>\n<li><strong>Kompatibilnost modela<\/strong>: Posebno dizajnirano za Lenovo ThinkPad T400, osigurava kompatibilnost i precizno pristajanje.<\/li>\n<li><strong>Brojevi dijelova<\/strong>: Broj dijela 42W8230 i FRU 42W8229 jam\u010de kompatibilnost i ispunjavaju OEM standarde za pouzdane performanse.<\/li>\n<li><strong>Pobolj\u0161ani zaslon<\/strong>: Omogu\u0107uje stabilno i optimalno napajanje LCD zaslona, pobolj\u0161avaju\u0107i vizualnu jasno\u0107u.<\/li>\n<li><strong>Izdr\u017eljiva konstrukcija<\/strong>: Izra\u0111eno od visokokvalitetnih materijala kako bi se osigurala izdr\u017eljivost i dugovje\u010dnost.<\/li>\n<li><strong>Jednostavna instalacija<\/strong>: Dizajnirana za jednostavnu instalaciju, minimaliziranje vremena zastoja i osiguravanje zamjene bez muke.<\/li>\n<\/ul>\n<p><strong>Za\u0161to odabrati na\u0161 LCD inverter za prijenosno ra\u010dunalo?<\/strong><\/p>\n<ul>\n<li><strong>Savr\u0161ena zamjena<\/strong>: Vratite funkcionalnost zaslona va\u0161eg Lenovo ThinkPad T400 pomo\u0107u ovog OEM-kompatibilnog LCD pretvara\u010da.<\/li>\n<li><strong>Pobolj\u0161ana vizualna izvedba<\/strong>: Osigurava jasno i dosljedno osvjetljenje zaslona za pobolj\u0161ano iskustvo gledanja.<\/li>\n<li><strong>Korisni\u010dka podr\u0161ka<\/strong>: Nudimo sveobuhvatnu podr\u0161ku za pomo\u0107 s bilo kakvim upitima u vezi s instalacijom ili proizvodima.<\/li>\n<\/ul>\n<p><strong>Pobolj\u0161ajte performanse zaslona va\u0161eg prijenosnog ra\u010dunala<\/strong><\/p>\n<p>Nadogradite svoj Lenovo ThinkPad T400 s na\u0161im LCD inverterom za pobolj\u0161ane performanse zaslona i vizualnu jasno\u0107u. Naru\u010dite sada za brzu dostavu i osigurajte da zaslon va\u0161eg prijenosnog ra\u010dunala radi najbolje.<\/p>\n","protected":false},"excerpt":{"rendered":"<p>Zamijenite LCD pretvara\u010d va\u0161eg Lenovo ThinkPad T400 s brojem dijela 42W8230 za optimalne performanse zaslona.<\/p>\n","protected":false},"featured_media":25395,"template":"","meta":[],"product_brand":[],"product_cat":[62],"product_tag":[61],"class_list":{"0":"post-25337","1":"product","2":"type-product","3":"status-publish","4":"has-post-thumbnail","6":"product_cat-motherboards-board-parts","7":"product_tag-lenovo","9":"first","10":"instock","11":"taxable","12":"shipping-taxable","13":"purchasable","14":"product-type-simple"},"_links":{"self":[{"href":"https:\/\/boreait.com\/hr\/wp-json\/wp\/v2\/product\/25337","targetHints":{"allow":["GET"]}}],"collection":[{"href":"https:\/\/boreait.com\/hr\/wp-json\/wp\/v2\/product"}],"about":[{"href":"https:\/\/boreait.com\/hr\/wp-json\/wp\/v2\/types\/product"}],"wp:featuredmedia":[{"embeddable":true,"href":"https:\/\/boreait.com\/hr\/wp-json\/wp\/v2\/media\/25395"}],"wp:attachment":[{"href":"https:\/\/boreait.com\/hr\/wp-json\/wp\/v2\/media?parent=25337"}],"wp:term":[{"taxonomy":"product_brand","embeddable":true,"href":"https:\/\/boreait.com\/hr\/wp-json\/wp\/v2\/product_brand?post=25337"},{"taxonomy":"product_cat","embeddable":true,"href":"https:\/\/boreait.com\/hr\/wp-json\/wp\/v2\/product_cat?post=25337"},{"taxonomy":"product_tag","embeddable":true,"href":"https:\/\/boreait.com\/hr\/wp-json\/wp\/v2\/product_tag?post=25337"}],"curies":[{"name":"wp","href":"https:\/\/api.w.org\/{rel}","templated":true}]}}