{"id":25249,"date":"2025-07-25T12:38:07","date_gmt":"2025-07-25T12:38:07","guid":{"rendered":"https:\/\/boreait.com\/hr\/?post_type=product&#038;p=25249"},"modified":"2025-07-25T12:39:20","modified_gmt":"2025-07-25T12:39:20","slug":"originalni-fujitsu-lifebook-ah531-a531-cover-matrix-cp515924-01-dijelovi-prijenosnog-racunala","status":"publish","type":"product","link":"https:\/\/boreait.com\/hr\/product\/originalni-fujitsu-lifebook-ah531-a531-cover-matrix-cp515924-01-dijelovi-prijenosnog-racunala\/","title":{"rendered":"Originalni Fujitsu Lifebook AH531 A531 Cover Matrix CP515924-01 dijelovi prijenosnog ra\u010dunala"},"content":{"rendered":"<p>Pobolj\u0161ajte performanse i izgled svog Fujitsu Lifebook AH531 ili A531 s originalnim Fujitsu Lifebook AH531 A531 Cover Matrix CP515924-01. Izra\u0111ena da zadovolji najvi\u0161e standarde kvalitete i kompatibilnosti, ova zamjenska matrica poklopca dizajnirana je da savr\u0161eno pristaje va\u0161em prijenosnom ra\u010dunalu, osiguravaju\u0107i besprijekornu integraciju i elegantan izgled.<\/p>\n<p>Bez obzira je li va\u0161 trenutni poklopac o\u0161te\u0107en ili ga \u017eelite nadograditi, ovaj originalni Fujitsu dio nudi izdr\u017eljivost i pouzdanost koja vam je potrebna. Izra\u0111ena od visokokvalitetnih materijala, matrica poklopca CP515924-01 napravljena je da traje, pru\u017eaju\u0107i va\u0161em prijenosnom ra\u010dunalu dugotrajnu za\u0161titu i odr\u017eavaju\u0107i njegovo besprijekorno stanje.<\/p>\n<p>Instalacija je jednostavna, \u0161to olak\u0161ava zamjenu starog poklopca ovim originalnim dijelom. Sa svojim preciznim dizajnom i robusnom konstrukcijom, mo\u017eete vjerovati da \u0107e va\u0161 Fujitsu Lifebook AH531 ili A531 izgledati i funkcionirati kao nov.<\/p>\n<p>Iskusite prednosti kori\u0161tenja originalnih Fujitsu dijelova i odr\u017eavajte svoje prijenosno ra\u010dunalo u vrhunskom stanju s Fujitsu Lifebook AH531 A531 Cover Matrix CP515924-01. Naru\u010dite svoje danas i dajte svom prijenosnom ra\u010dunalu kvalitetnu nadogradnju koju zaslu\u017euje.<\/p>\n","protected":false},"excerpt":{"rendered":"<p>Obnovite svoj Fujitsu Lifebook AH531 ili A531 ovom originalnom matricom omota CP515924-01. Dizajniran za savr\u0161eno pristajanje i besprijekornu integraciju, ovaj visokokvalitetni zamjenski dio osigurava izdr\u017eljivost i pouzdanost va\u0161eg prijenosnog ra\u010dunala.<\/p>\n","protected":false},"featured_media":25309,"template":"","meta":[],"product_brand":[],"product_cat":[51],"product_tag":[],"class_list":{"0":"post-25249","1":"product","2":"type-product","3":"status-publish","4":"has-post-thumbnail","6":"product_cat-laptop-housing","8":"first","9":"instock","10":"taxable","11":"shipping-taxable","12":"purchasable","13":"product-type-simple"},"_links":{"self":[{"href":"https:\/\/boreait.com\/hr\/wp-json\/wp\/v2\/product\/25249","targetHints":{"allow":["GET"]}}],"collection":[{"href":"https:\/\/boreait.com\/hr\/wp-json\/wp\/v2\/product"}],"about":[{"href":"https:\/\/boreait.com\/hr\/wp-json\/wp\/v2\/types\/product"}],"wp:featuredmedia":[{"embeddable":true,"href":"https:\/\/boreait.com\/hr\/wp-json\/wp\/v2\/media\/25309"}],"wp:attachment":[{"href":"https:\/\/boreait.com\/hr\/wp-json\/wp\/v2\/media?parent=25249"}],"wp:term":[{"taxonomy":"product_brand","embeddable":true,"href":"https:\/\/boreait.com\/hr\/wp-json\/wp\/v2\/product_brand?post=25249"},{"taxonomy":"product_cat","embeddable":true,"href":"https:\/\/boreait.com\/hr\/wp-json\/wp\/v2\/product_cat?post=25249"},{"taxonomy":"product_tag","embeddable":true,"href":"https:\/\/boreait.com\/hr\/wp-json\/wp\/v2\/product_tag?post=25249"}],"curies":[{"name":"wp","href":"https:\/\/api.w.org\/{rel}","templated":true}]}}