{"id":25227,"date":"2025-07-25T12:37:43","date_gmt":"2025-07-25T12:37:43","guid":{"rendered":"https:\/\/boreait.com\/hr\/?post_type=product&#038;p=25227"},"modified":"2025-07-25T12:38:59","modified_gmt":"2025-07-25T12:38:59","slug":"oem-hp-chromebook-11-g8-ee-zamjenski-dijelovi-tipkovnice-oslonac-za-ruku","status":"publish","type":"product","link":"https:\/\/boreait.com\/hr\/product\/oem-hp-chromebook-11-g8-ee-zamjenski-dijelovi-tipkovnice-oslonac-za-ruku\/","title":{"rendered":"OEM HP Chromebook 11 G8 EE zamjenski dijelovi tipkovnice oslonac za ruku"},"content":{"rendered":"<p>Pobolj\u0161ajte upotrebljivost i izgled svog prijenosnog ra\u010dunala HP Chromebook 11 G8 EE s OEM zamjenskim dijelovima tipkovnice za oslonac za ruku za prijenosno ra\u010dunalo HP Chromebook 11 G8 EE. Izra\u0111en imaju\u0107i na umu preciznost i izdr\u017eljivost, ovaj originalni HP-ov zamjenski oslonac za ruku i tipkovnicu dizajniran je za besprijekornu integraciju s va\u0161im ure\u0111ajem, osiguravaju\u0107i savr\u0161eno pristajanje i pouzdan rad.<\/p>\n<p>Bez obzira jesu li va\u0161 trenutni oslonac za dlan i tipkovnica o\u0161te\u0107eni, istro\u0161eni ili im je jednostavno potrebna nadogradnja, ovaj zamjenski OEM dio idealno je rje\u0161enje. S lako\u0107om vratite funkcionalnost i estetiku prijenosnog ra\u010dunala, zahvaljuju\u0107i procesu instalacije bez muke i izvornom HP-ovom jamstvu kvalitete.<\/p>\n<p>Izra\u0111ena od visokokvalitetnih materijala i projektirana za dugotrajnost, ova kombinacija naslona za dlan i tipkovnice nudi izdr\u017eljivost i pouzdanost kojoj mo\u017eete vjerovati. Recite zbogom frustriraju\u0107em iskustvu tipkanja i ru\u017enim o\u0161te\u0107enjima naslona za dlanove i pozdravite osvje\u017eeno i potpuno funkcionalno prijenosno ra\u010dunalo HP Chromebook 11 G8 EE.<\/p>\n<p>Iskusite razliku koju originalni HP-ovi zamjenski dijelovi mogu u\u010diniti i o\u017eivjeti va\u0161e prijenosno ra\u010dunalo s OEM HP Chromebook 11 G8 EE zamjenskim dijelovima tipkovnice za oslonac za ruku. Naru\u010dite sada i u\u017eivajte u besprijekornom iskustvu tipkanja i pobolj\u0161anoj estetici za svoj ure\u0111aj.<\/p>\n","protected":false},"excerpt":{"rendered":"<p>Zamijenite o\u0161te\u0107eni ili istro\u0161eni oslonac za ruku i tipkovnicu prijenosnog ra\u010dunala HP Chromebook 11 G8 EE ovim OEM zamjenskim dijelom. Dizajnirana za jednostavnu instalaciju i besprijekornu kompatibilnost, ova originalna HP kombinacija naslona za dlan i tipkovnice osigurava optimalnu izvedbu i funkcionalnost va\u0161eg ure\u0111aja.<\/p>\n","protected":false},"featured_media":25296,"template":"","meta":[],"product_brand":[],"product_cat":[51],"product_tag":[60],"class_list":{"0":"post-25227","1":"product","2":"type-product","3":"status-publish","4":"has-post-thumbnail","6":"product_cat-laptop-housing","7":"product_tag-hp","9":"first","10":"instock","11":"taxable","12":"shipping-taxable","13":"purchasable","14":"product-type-simple"},"_links":{"self":[{"href":"https:\/\/boreait.com\/hr\/wp-json\/wp\/v2\/product\/25227","targetHints":{"allow":["GET"]}}],"collection":[{"href":"https:\/\/boreait.com\/hr\/wp-json\/wp\/v2\/product"}],"about":[{"href":"https:\/\/boreait.com\/hr\/wp-json\/wp\/v2\/types\/product"}],"wp:featuredmedia":[{"embeddable":true,"href":"https:\/\/boreait.com\/hr\/wp-json\/wp\/v2\/media\/25296"}],"wp:attachment":[{"href":"https:\/\/boreait.com\/hr\/wp-json\/wp\/v2\/media?parent=25227"}],"wp:term":[{"taxonomy":"product_brand","embeddable":true,"href":"https:\/\/boreait.com\/hr\/wp-json\/wp\/v2\/product_brand?post=25227"},{"taxonomy":"product_cat","embeddable":true,"href":"https:\/\/boreait.com\/hr\/wp-json\/wp\/v2\/product_cat?post=25227"},{"taxonomy":"product_tag","embeddable":true,"href":"https:\/\/boreait.com\/hr\/wp-json\/wp\/v2\/product_tag?post=25227"}],"curies":[{"name":"wp","href":"https:\/\/api.w.org\/{rel}","templated":true}]}}