{"id":25226,"date":"2025-07-25T12:37:42","date_gmt":"2025-07-25T12:37:42","guid":{"rendered":"https:\/\/boreait.com\/hr\/?post_type=product&#038;p=25226"},"modified":"2025-07-25T12:38:53","modified_gmt":"2025-07-25T12:38:53","slug":"zamjenski-dijelovi-za-originalni-hp-chromebook-11-g8-ee-lcd-okvir-za-prijenosna-racunala","status":"publish","type":"product","link":"https:\/\/boreait.com\/hr\/product\/zamjenski-dijelovi-za-originalni-hp-chromebook-11-g8-ee-lcd-okvir-za-prijenosna-racunala\/","title":{"rendered":"Zamjenski dijelovi za originalni HP Chromebook 11 G8 EE LCD okvir za prijenosna ra\u010dunala"},"content":{"rendered":"<p>Dajte svom HP Chromebooku 11 G8 EE svje\u017ei novi izgled uz originalni HP Chromebook 11 G8 EE LCD zamjenski okvir maske. Izra\u0111en s precizno\u0161\u0107u i projektiran za kompatibilnost, ovaj poklopac s okvirom dizajniran je za besprijekornu integraciju s va\u0161im ure\u0111ajem, osiguravaju\u0107i savr\u0161eno pristajanje i pouzdanu izvedbu.<\/p>\n<p>Izra\u0111en od izdr\u017eljivih materijala, ovaj originalni zamjenski dio izra\u0111en je da izdr\u017ei svakodnevno tro\u0161enje i habanje, pru\u017eaju\u0107i dugotrajnu za\u0161titu za LCD zaslon va\u0161eg prijenosnog ra\u010dunala. Bilo da mijenjate o\u0161te\u0107eni okvir ili jednostavno \u017eelite osvje\u017eiti izgled svog ure\u0111aja, ovaj originalni HP dio idealno je rje\u0161enje.<\/p>\n<p>Jednostavan za postavljanje i dizajniran za zamjenu bez muke, ovaj poklopac LCD okvira omogu\u0107uje vam brzo i jednostavno vra\u0107anje va\u0161eg HP Chromebooka 11 G8 EE u izvorno stanje. S njegovim elegantnim dizajnom i pouzdanim performansama, mo\u017eete vjerovati da \u0107e va\u0161e prijenosno ra\u010dunalo izgledati i funkcionirati kao novo.<\/p>\n<p>Iskusite kvalitetu i pouzdanost originalnih HP-ovih dijelova i osigurajte da va\u0161 HP Chromebook 11 G8 EE ostane u vrhunskom stanju. Nadogradite svoj ure\u0111aj ve\u0107 danas s originalnim HP Chromebook 11 G8 EE LCD okvirom za zamjenu i u\u017eivajte u osvje\u017eenom i pomla\u0111enom iskustvu prijenosnog ra\u010dunala.<\/p>\n","protected":false},"excerpt":{"rendered":"<p>Vratite elegantan izgled svom HP Chromebooku 11 G8 EE s ovim originalnim zamjenskim poklopcem LCD okvira. Izra\u0111ena od izdr\u017eljivih materijala i dizajnirana za savr\u0161eno pristajanje, ova \u0107e maska omogu\u0107iti da va\u0161e prijenosno ra\u010dunalo izgleda i funkcionira kao novo.<\/p>\n","protected":false},"featured_media":25284,"template":"","meta":[],"product_brand":[],"product_cat":[51],"product_tag":[60],"class_list":{"0":"post-25226","1":"product","2":"type-product","3":"status-publish","4":"has-post-thumbnail","6":"product_cat-laptop-housing","7":"product_tag-hp","9":"first","10":"instock","11":"taxable","12":"shipping-taxable","13":"purchasable","14":"product-type-simple"},"_links":{"self":[{"href":"https:\/\/boreait.com\/hr\/wp-json\/wp\/v2\/product\/25226","targetHints":{"allow":["GET"]}}],"collection":[{"href":"https:\/\/boreait.com\/hr\/wp-json\/wp\/v2\/product"}],"about":[{"href":"https:\/\/boreait.com\/hr\/wp-json\/wp\/v2\/types\/product"}],"wp:featuredmedia":[{"embeddable":true,"href":"https:\/\/boreait.com\/hr\/wp-json\/wp\/v2\/media\/25284"}],"wp:attachment":[{"href":"https:\/\/boreait.com\/hr\/wp-json\/wp\/v2\/media?parent=25226"}],"wp:term":[{"taxonomy":"product_brand","embeddable":true,"href":"https:\/\/boreait.com\/hr\/wp-json\/wp\/v2\/product_brand?post=25226"},{"taxonomy":"product_cat","embeddable":true,"href":"https:\/\/boreait.com\/hr\/wp-json\/wp\/v2\/product_cat?post=25226"},{"taxonomy":"product_tag","embeddable":true,"href":"https:\/\/boreait.com\/hr\/wp-json\/wp\/v2\/product_tag?post=25226"}],"curies":[{"name":"wp","href":"https:\/\/api.w.org\/{rel}","templated":true}]}}