{"id":25224,"date":"2025-07-25T12:37:42","date_gmt":"2025-07-25T12:37:42","guid":{"rendered":"https:\/\/boreait.com\/hr\/?post_type=product&#038;p=25224"},"modified":"2025-07-25T12:38:47","modified_gmt":"2025-07-25T12:38:47","slug":"originalni-hp-chromebook-11-g8-ee-n140bga-ea3-gornji-poklopac-zamjenski-dijelovi-za-prijenosno-racunalo","status":"publish","type":"product","link":"https:\/\/boreait.com\/hr\/product\/originalni-hp-chromebook-11-g8-ee-n140bga-ea3-gornji-poklopac-zamjenski-dijelovi-za-prijenosno-racunalo\/","title":{"rendered":"Originalni HP Chromebook 11 G8 EE N140BGA-EA3 gornji poklopac, zamjenski dijelovi za prijenosno ra\u010dunalo"},"content":{"rendered":"<p>Revitalizirajte svoj HP Chromebook 11 G8 EE s originalnim HP Chromebook 11 G8 EE N140BGA-EA3 zamjenskim gornjim poklopcem. Izra\u0111en prema OEM specifikacijama, ovaj zamjenski gornji poklopac jam\u010di besprijekorno pristajanje i vra\u0107a elegantan izgled va\u0161em Chromebooku.<\/p>\n<p>Izra\u0111ena od izdr\u017eljivih materijala, ova originalna HP-ova zamjena za gornji poklopac napravljena je da izdr\u017ei svakodnevnu upotrebu i pru\u017ei dugotrajnu izvedbu. Bez obzira je li va\u0161 trenutni gornji poklopac o\u0161te\u0107en, napuknut ili jednostavno pokazuje znakove istro\u0161enosti, ovaj originalni zamjenski dio nudi savr\u0161eno rje\u0161enje za osvje\u017eenje va\u0161eg ure\u0111aja.<\/p>\n<p>Instalacija je laka, \u0161to vam omogu\u0107uje brzu i jednostavnu zamjenu starog gornjeg poklopca ovim originalnim HP-ovim zamjenskim dijelom. Jednostavno uklonite stari poklopac i postavite novi na mjesto za nadogradnju bez muke.<\/p>\n<p>Osigurajte da va\u0161 HP Chromebook 11 G8 EE i dalje izgleda i radi najbolje \u0161to mo\u017ee uz originalni HP Chromebook 11 G8 EE N140BGA-EA3 zamjenski gornji poklopac. Naru\u010dite svoj danas i u\u017eivajte u obnovljenom povjerenju u izgled i funkcionalnost svog ure\u0111aja.<\/p>\n","protected":false},"excerpt":{"rendered":"<p>Zamijenite svoj o\u0161te\u0107eni ili istro\u0161eni gornji poklopac HP Chromebooka 11 G8 EE N140BGA-EA3 ovim originalnim zamjenskim dijelom. Dizajniran za jednostavnu instalaciju, ovaj visokokvalitetni gornji poklopac osigurava savr\u0161eno pristajanje i vra\u0107a elegantan izgled va\u0161em Chromebooku.<\/p>\n","protected":false},"featured_media":25281,"template":"","meta":[],"product_brand":[],"product_cat":[51],"product_tag":[60],"class_list":{"0":"post-25224","1":"product","2":"type-product","3":"status-publish","4":"has-post-thumbnail","6":"product_cat-laptop-housing","7":"product_tag-hp","9":"first","10":"instock","11":"taxable","12":"shipping-taxable","13":"purchasable","14":"product-type-simple"},"_links":{"self":[{"href":"https:\/\/boreait.com\/hr\/wp-json\/wp\/v2\/product\/25224","targetHints":{"allow":["GET"]}}],"collection":[{"href":"https:\/\/boreait.com\/hr\/wp-json\/wp\/v2\/product"}],"about":[{"href":"https:\/\/boreait.com\/hr\/wp-json\/wp\/v2\/types\/product"}],"wp:featuredmedia":[{"embeddable":true,"href":"https:\/\/boreait.com\/hr\/wp-json\/wp\/v2\/media\/25281"}],"wp:attachment":[{"href":"https:\/\/boreait.com\/hr\/wp-json\/wp\/v2\/media?parent=25224"}],"wp:term":[{"taxonomy":"product_brand","embeddable":true,"href":"https:\/\/boreait.com\/hr\/wp-json\/wp\/v2\/product_brand?post=25224"},{"taxonomy":"product_cat","embeddable":true,"href":"https:\/\/boreait.com\/hr\/wp-json\/wp\/v2\/product_cat?post=25224"},{"taxonomy":"product_tag","embeddable":true,"href":"https:\/\/boreait.com\/hr\/wp-json\/wp\/v2\/product_tag?post=25224"}],"curies":[{"name":"wp","href":"https:\/\/api.w.org\/{rel}","templated":true}]}}