{"id":25223,"date":"2025-07-25T12:37:42","date_gmt":"2025-07-25T12:37:42","guid":{"rendered":"https:\/\/boreait.com\/hr\/?post_type=product&#038;p=25223"},"modified":"2026-01-31T06:04:32","modified_gmt":"2026-01-31T06:04:32","slug":"hp-chromebook-11-g8-ee-wlan-bezicni-modul-zamjenski-originalni-dijelovi-za-prijenosno-racunalo","status":"publish","type":"product","link":"https:\/\/boreait.com\/hr\/product\/hp-chromebook-11-g8-ee-wlan-bezicni-modul-zamjenski-originalni-dijelovi-za-prijenosno-racunalo\/","title":{"rendered":"HP Chromebook 11 G8 EE WLAN be\u017ei\u010dni modul zamjenski originalni dijelovi za prijenosno ra\u010dunalo"},"content":{"rendered":"<p>Revitalizirajte svoj HP Chromebook 11 G8 EE s originalnim HP Chromebook 11 G8 EE WLAN zamjenskim be\u017ei\u010dnim modulom. Projektiran za kompatibilnost i pouzdanost, ovaj WLAN be\u017ei\u010dni modul dizajniran je za besprijekornu integraciju s va\u0161im ure\u0111ajem, vra\u0107aju\u0107i be\u017ei\u010dnu povezanost u optimalno stanje.<\/p>\n<p>Izra\u0111en s originalnom HP kvalitetom, ovaj zamjenski be\u017ei\u010dni modul nudi savr\u0161eno rje\u0161enje za rje\u0161avanje problema s povezivanjem ili nadogradnju va\u0161eg ure\u0111aja. Bilo da imate problema s Wi-Fi mre\u017eom ili \u017eelite pobolj\u0161ati performanse prijenosnog ra\u010dunala, ovaj originalni zamjenski dio zadovoljava najvi\u0161e standarde kvalitete i kompatibilnosti.<\/p>\n<p>Instalacija je lagana, omogu\u0107uje vam da bez napora zamijenite postoje\u0107i be\u017ei\u010dni modul i vratite se u\u017eivanju u besprijekornoj be\u017ei\u010dnoj povezanosti. Uz njegovu izdr\u017eljivu konstrukciju i pouzdanu izvedbu, mo\u017eete se pouzdati da \u0107e va\u0161 HP Chromebook 11 G8 EE ponovno raditi bez problema.<\/p>\n<p>Iskusite razliku koju mogu napraviti originalni HP-ovi dijelovi i osigurajte da va\u0161e prijenosno ra\u010dunalo i dalje zadovoljava va\u0161e potrebe uz zamjenski originalni HP Chromebook 11 G8 EE WLAN be\u017ei\u010dni modul. Naru\u010dite sada i vratite be\u017ei\u010dnu funkcionalnost svog ure\u0111aja s povjerenjem.<\/p>\n","protected":false},"excerpt":{"rendered":"<p>Vratite be\u017ei\u010dnu vezu na svoj HP Chromebook 11 G8 EE s ovim originalnim zamjenskim WLAN be\u017ei\u010dnim modulom. Dizajniran za besprijekornu integraciju i jednostavnu instalaciju, ovaj visokokvalitetni dio osigurava pouzdan rad, \u0161to ga \u010dini idealnim rje\u0161enjem za potrebe popravka va\u0161eg prijenosnog ra\u010dunala.<\/p>\n","protected":false},"featured_media":25280,"template":"","meta":[],"product_brand":[],"product_cat":[62],"product_tag":[60],"class_list":{"0":"post-25223","1":"product","2":"type-product","3":"status-publish","4":"has-post-thumbnail","6":"product_cat-motherboards-board-parts","7":"product_tag-hp","9":"first","10":"instock","11":"taxable","12":"shipping-taxable","13":"purchasable","14":"product-type-simple"},"_links":{"self":[{"href":"https:\/\/boreait.com\/hr\/wp-json\/wp\/v2\/product\/25223","targetHints":{"allow":["GET"]}}],"collection":[{"href":"https:\/\/boreait.com\/hr\/wp-json\/wp\/v2\/product"}],"about":[{"href":"https:\/\/boreait.com\/hr\/wp-json\/wp\/v2\/types\/product"}],"wp:featuredmedia":[{"embeddable":true,"href":"https:\/\/boreait.com\/hr\/wp-json\/wp\/v2\/media\/25280"}],"wp:attachment":[{"href":"https:\/\/boreait.com\/hr\/wp-json\/wp\/v2\/media?parent=25223"}],"wp:term":[{"taxonomy":"product_brand","embeddable":true,"href":"https:\/\/boreait.com\/hr\/wp-json\/wp\/v2\/product_brand?post=25223"},{"taxonomy":"product_cat","embeddable":true,"href":"https:\/\/boreait.com\/hr\/wp-json\/wp\/v2\/product_cat?post=25223"},{"taxonomy":"product_tag","embeddable":true,"href":"https:\/\/boreait.com\/hr\/wp-json\/wp\/v2\/product_tag?post=25223"}],"curies":[{"name":"wp","href":"https:\/\/api.w.org\/{rel}","templated":true}]}}