{"id":25222,"date":"2025-07-25T12:37:42","date_gmt":"2025-07-25T12:37:42","guid":{"rendered":"https:\/\/boreait.com\/hr\/?post_type=product&#038;p=25222"},"modified":"2026-01-31T06:04:17","modified_gmt":"2026-01-31T06:04:17","slug":"originalni-hp-chromebook-11-g8-ee-tpn-q232-11a-kabel-kamere-zica-za-web-kameru-dd0gahcm020-dijelovi-prijenosnog-racunala","status":"publish","type":"product","link":"https:\/\/boreait.com\/hr\/product\/originalni-hp-chromebook-11-g8-ee-tpn-q232-11a-kabel-kamere-zica-za-web-kameru-dd0gahcm020-dijelovi-prijenosnog-racunala\/","title":{"rendered":"Originalni HP Chromebook 11 G8 EE TPN-Q232 11a Kabel kamere \u017dica za web kameru DD0GAHCM020 Dijelovi prijenosnog ra\u010dunala"},"content":{"rendered":"<p>Revitalizirajte svoj HP Chromebook 11 G8 EE TPN-Q232 11a s originalnim HP Chromebookom 11 G8 EE TPN-Q232 11a Kabel za kameru \u017dica za web kameru DD0GAHCM020. Projektiran imaju\u0107i na umu preciznost i kompatibilnost, ovaj zamjenski kabel kamere dizajniran je za besprijekornu integraciju s va\u0161im ure\u0111ajem, vra\u0107aju\u0107i funkcionalnost kamere u izvorno stanje.<\/p>\n<p>Izra\u0111en originalnom HP kvalitetom, ovaj kabel kamere nudi pouzdano rje\u0161enje za popravke va\u0161eg prijenosnog ra\u010dunala. Bilo da imate problema sa svojim trenutnim kabelom ili ga \u017eelite nadograditi, ovaj originalni zamjenski dio zadovoljava najvi\u0161e standarde kvalitete i kompatibilnosti.<\/p>\n<p>Uz jednostavan postupak postavljanja, ovaj kabel kamere osigurava iskustvo popravka bez muke. Jednostavno instalirajte kabel i va\u0161 HP Chromebook 11 G8 EE TPN-Q232 11a ponovno \u0107e biti spreman za snimanje uspomena i povezivanje s drugima putem videopoziva.<\/p>\n<p>Iskusite razliku koju mogu napraviti originalni HP-ovi dijelovi i osigurajte da va\u0161e prijenosno ra\u010dunalo nastavi raditi najbolje \u0161to mo\u017eete uz originalni HP Chromebook 11 G8 EE TPN-Q232 11a Kabel za kameru \u017dica za web kameru DD0GAHCM020. Naru\u010dite svoje danas i s povjerenjem vratite funkcionalnost svog prijenosnog ra\u010dunala.<\/p>\n","protected":false},"excerpt":{"rendered":"<p>Vratite funkciju kamere na svom HP Chromebooku 11 G8 EE TPN-Q232 11a pomo\u0107u ovog originalnog kabela kamere. Dizajniran za besprijekornu integraciju i jednostavnu instalaciju, ovaj visokokvalitetni zamjenski kabel osigurava pouzdan rad, \u0161to ga \u010dini savr\u0161enim rje\u0161enjem za potrebe popravka va\u0161eg prijenosnog ra\u010dunala.<\/p>\n","protected":false},"featured_media":25279,"template":"","meta":[],"product_brand":[],"product_cat":[55],"product_tag":[60],"class_list":{"0":"post-25222","1":"product","2":"type-product","3":"status-publish","4":"has-post-thumbnail","6":"product_cat-cables","7":"product_tag-hp","9":"first","10":"instock","11":"taxable","12":"shipping-taxable","13":"purchasable","14":"product-type-simple"},"_links":{"self":[{"href":"https:\/\/boreait.com\/hr\/wp-json\/wp\/v2\/product\/25222","targetHints":{"allow":["GET"]}}],"collection":[{"href":"https:\/\/boreait.com\/hr\/wp-json\/wp\/v2\/product"}],"about":[{"href":"https:\/\/boreait.com\/hr\/wp-json\/wp\/v2\/types\/product"}],"wp:featuredmedia":[{"embeddable":true,"href":"https:\/\/boreait.com\/hr\/wp-json\/wp\/v2\/media\/25279"}],"wp:attachment":[{"href":"https:\/\/boreait.com\/hr\/wp-json\/wp\/v2\/media?parent=25222"}],"wp:term":[{"taxonomy":"product_brand","embeddable":true,"href":"https:\/\/boreait.com\/hr\/wp-json\/wp\/v2\/product_brand?post=25222"},{"taxonomy":"product_cat","embeddable":true,"href":"https:\/\/boreait.com\/hr\/wp-json\/wp\/v2\/product_cat?post=25222"},{"taxonomy":"product_tag","embeddable":true,"href":"https:\/\/boreait.com\/hr\/wp-json\/wp\/v2\/product_tag?post=25222"}],"curies":[{"name":"wp","href":"https:\/\/api.w.org\/{rel}","templated":true}]}}