{"id":25221,"date":"2025-07-25T12:37:42","date_gmt":"2025-07-25T12:37:42","guid":{"rendered":"https:\/\/boreait.com\/hr\/?post_type=product&#038;p=25221"},"modified":"2026-01-31T06:03:59","modified_gmt":"2026-01-31T06:03:59","slug":"originalni-zamjenski-dio-kamere-za-hp-chromebook-11-g8-ee-web-kameru-dijelovi-za-prijenosna-racunala","status":"publish","type":"product","link":"https:\/\/boreait.com\/hr\/product\/originalni-zamjenski-dio-kamere-za-hp-chromebook-11-g8-ee-web-kameru-dijelovi-za-prijenosna-racunala\/","title":{"rendered":"Originalni zamjenski dio kamere za HP Chromebook 11 G8 EE web kameru, dijelovi za prijenosna ra\u010dunala"},"content":{"rendered":"<p>Revitalizirajte svoj HP Chromebook 11 G8 EE s originalnim HP Chromebook 11 G8 EE zamjenskim dijelom za web kameru. Projektirana da zadovolji HP-ove stroge standarde kvalitete, ova originalna zamjenska kamera osigurava o\u0161tre i jasne video pozive, konferencije i mre\u017ene sastanke.<\/p>\n<p>Neovisno o tome radi li va\u0161a trenutna kamera u kvaru ili jednostavno \u017eelite nadogradnju, ovaj originalni HP-ov zamjenski dio nudi savr\u0161eno rje\u0161enje. Dizajniran za kompatibilnost i jednostavnu instalaciju, mo\u017eete brzo vratiti funkcionalnost Chromebookove web-kamere bez ikakvih problema.<\/p>\n<p>Sa svojom izdr\u017eljivom konstrukcijom i pouzdanim radom, ova zamjenska kamera pru\u017ea bezbri\u017enost, znaju\u0107i da je va\u0161 HP Chromebook 11 G8 EE opremljen visokokvalitetnom, pouzdanom web kamerom. Ostanite povezani s prijateljima, obitelji i kolegama i do\u017eivite besprijekornu video komunikaciju uz originalni HP Chromebook 11 G8 EE zamjenski dio za web kameru.<\/p>\n<p>Ne dopustite da neispravna web kamera ometa va\u0161u produktivnost i komunikaciju. Investirajte u ovaj originalni HP-ov zamjenski dio ve\u0107 danas i osigurajte da je va\u0161 HP Chromebook 11 G8 EE spreman za sve va\u0161e potrebe za videokonferencijama.<\/p>\n","protected":false},"excerpt":{"rendered":"<p>Vratite funkcionalnost web-kamere na svom HP Chromebooku 11 G8 EE ovom originalnom zamjenskom kamerom. Dizajniran za jednostavnu instalaciju, ovaj visokokvalitetni dio osigurava besprijekorne video pozive i konferencije, \u0161to ga \u010dini bitnim rje\u0161enjem za popravak prijenosnih ra\u010dunala.<\/p>\n","protected":false},"featured_media":25278,"template":"","meta":[],"product_brand":[],"product_cat":[58],"product_tag":[60],"class_list":{"0":"post-25221","1":"product","2":"type-product","3":"status-publish","4":"has-post-thumbnail","6":"product_cat-laptop-camera","7":"product_tag-hp","9":"first","10":"instock","11":"taxable","12":"shipping-taxable","13":"purchasable","14":"product-type-simple"},"_links":{"self":[{"href":"https:\/\/boreait.com\/hr\/wp-json\/wp\/v2\/product\/25221","targetHints":{"allow":["GET"]}}],"collection":[{"href":"https:\/\/boreait.com\/hr\/wp-json\/wp\/v2\/product"}],"about":[{"href":"https:\/\/boreait.com\/hr\/wp-json\/wp\/v2\/types\/product"}],"wp:featuredmedia":[{"embeddable":true,"href":"https:\/\/boreait.com\/hr\/wp-json\/wp\/v2\/media\/25278"}],"wp:attachment":[{"href":"https:\/\/boreait.com\/hr\/wp-json\/wp\/v2\/media?parent=25221"}],"wp:term":[{"taxonomy":"product_brand","embeddable":true,"href":"https:\/\/boreait.com\/hr\/wp-json\/wp\/v2\/product_brand?post=25221"},{"taxonomy":"product_cat","embeddable":true,"href":"https:\/\/boreait.com\/hr\/wp-json\/wp\/v2\/product_cat?post=25221"},{"taxonomy":"product_tag","embeddable":true,"href":"https:\/\/boreait.com\/hr\/wp-json\/wp\/v2\/product_tag?post=25221"}],"curies":[{"name":"wp","href":"https:\/\/api.w.org\/{rel}","templated":true}]}}