{"id":25219,"date":"2025-07-25T12:37:42","date_gmt":"2025-07-25T12:37:42","guid":{"rendered":"https:\/\/boreait.com\/hr\/?post_type=product&#038;p=25219"},"modified":"2025-07-25T12:38:36","modified_gmt":"2025-07-25T12:38:36","slug":"originalni-hp-chromebook-11-g8-ee-zamjenski-dijelovi-modula-usb-ploce-za-prijenosno-racunalo","status":"publish","type":"product","link":"https:\/\/boreait.com\/hr\/product\/originalni-hp-chromebook-11-g8-ee-zamjenski-dijelovi-modula-usb-ploce-za-prijenosno-racunalo\/","title":{"rendered":"Originalni HP Chromebook 11 G8 EE zamjenski dijelovi modula USB plo\u010de za prijenosno ra\u010dunalo"},"content":{"rendered":"<p>Pobolj\u0161ajte povezivost svog HP Chromebooka 11 G8 EE s originalnim zamjenskim modulom USB plo\u010de za HP Chromebook 11 G8 EE. Izra\u0111en prema to\u010dnim specifikacijama, ovaj zamjenski modul USB plo\u010de jam\u010di besprijekornu integraciju s va\u0161im ure\u0111ajem, osiguravaju\u0107i pouzdan rad i kompatibilnost.<\/p>\n<p>Sa originalnom HP kvalitetom, ovaj modul USB plo\u010de savr\u0161eno je rje\u0161enje za obnavljanje ili nadogradnju USB funkcionalnosti va\u0161eg prijenosnog ra\u010dunala. Bilo da imate problema s povezivanjem ili jednostavno \u017eelite pobolj\u0161ati svoj ure\u0111aj, ovaj originalni zamjenski dio dizajniran je da zadovolji najvi\u0161e standarde kvalitete i pouzdanosti.<\/p>\n<p>Jednostavan za instalaciju i napravljen da traje, ovaj zamjenski modul USB plo\u010de nudi jednostavno rje\u0161enje za popravke va\u0161eg prijenosnog ra\u010dunala. Uz njegovu izdr\u017eljivu konstrukciju i pouzdanu izvedbu, mo\u017eete vjerovati da \u0107e va\u0161 HP Chromebook 11 G8 EE ponovno biti spreman za rad u trenu.<\/p>\n<p>Iskusite razliku koju mogu u\u010diniti originalni HP-ovi dijelovi i osigurajte da va\u0161e prijenosno ra\u010dunalo nastavi raditi najbolje \u0161to mo\u017eete uz originalni HP Chromebook 11 G8 EE USB zamjenski modul plo\u010de. Naru\u010dite svoj danas i nadogradite svoj ure\u0111aj s povjerenjem.<\/p>\n","protected":false},"excerpt":{"rendered":"<p>Zamijenite USB modul plo\u010de svog HP Chromebooka 11 G8 EE ovim originalnim zamjenskim dijelom. Dizajniran za besprijekornu kompatibilnost i jednostavnu instalaciju, ovaj visokokvalitetni modul osigurava optimalnu povezanost i funkcionalnost va\u0161eg prijenosnog ra\u010dunala.<\/p>\n","protected":false},"featured_media":25276,"template":"","meta":[],"product_brand":[],"product_cat":[62],"product_tag":[60],"class_list":{"0":"post-25219","1":"product","2":"type-product","3":"status-publish","4":"has-post-thumbnail","6":"product_cat-motherboards-board-parts","7":"product_tag-hp","9":"first","10":"instock","11":"taxable","12":"shipping-taxable","13":"purchasable","14":"product-type-simple"},"_links":{"self":[{"href":"https:\/\/boreait.com\/hr\/wp-json\/wp\/v2\/product\/25219","targetHints":{"allow":["GET"]}}],"collection":[{"href":"https:\/\/boreait.com\/hr\/wp-json\/wp\/v2\/product"}],"about":[{"href":"https:\/\/boreait.com\/hr\/wp-json\/wp\/v2\/types\/product"}],"wp:featuredmedia":[{"embeddable":true,"href":"https:\/\/boreait.com\/hr\/wp-json\/wp\/v2\/media\/25276"}],"wp:attachment":[{"href":"https:\/\/boreait.com\/hr\/wp-json\/wp\/v2\/media?parent=25219"}],"wp:term":[{"taxonomy":"product_brand","embeddable":true,"href":"https:\/\/boreait.com\/hr\/wp-json\/wp\/v2\/product_brand?post=25219"},{"taxonomy":"product_cat","embeddable":true,"href":"https:\/\/boreait.com\/hr\/wp-json\/wp\/v2\/product_cat?post=25219"},{"taxonomy":"product_tag","embeddable":true,"href":"https:\/\/boreait.com\/hr\/wp-json\/wp\/v2\/product_tag?post=25219"}],"curies":[{"name":"wp","href":"https:\/\/api.w.org\/{rel}","templated":true}]}}