{"id":25204,"date":"2025-07-25T12:37:20","date_gmt":"2025-07-25T12:37:20","guid":{"rendered":"https:\/\/boreait.com\/hr\/?post_type=product&#038;p=25204"},"modified":"2025-07-25T12:38:32","modified_gmt":"2025-07-25T12:38:32","slug":"hladnjak-maticne-ploce-hp-chromebook-11a-g8-ee-l92813-001-l98485-001-dijelovi-prijenosnog-racunala","status":"publish","type":"product","link":"https:\/\/boreait.com\/hr\/product\/hladnjak-maticne-ploce-hp-chromebook-11a-g8-ee-l92813-001-l98485-001-dijelovi-prijenosnog-racunala\/","title":{"rendered":"Hladnjak mati\u010dne plo\u010de HP Chromebook 11A G8 EE L92813-001 L98485-001 Dijelovi prijenosnog ra\u010dunala"},"content":{"rendered":"<p>Nadogradite svoj HP Chromebook 11A G8 EE s hladnjakom mati\u010dne plo\u010de HP Chromebook 11A G8 EE L92813-001 L98485-001 i odr\u017eavajte svoj ure\u0111aj hladnim pod velikim radnim optere\u0107enjem. Projektiran imaju\u0107i na umu preciznost i izdr\u017eljivost, ovaj originalni zamjenski hladnjak mati\u010dne plo\u010de dizajniran je za u\u010dinkovito odvo\u0111enje topline, osiguravaju\u0107i optimalnu izvedbu i dugovje\u010dnost va\u0161eg prijenosnog ra\u010dunala.<\/p>\n<p>Sa originalnom HP kvalitetom, ovaj hladnjak mati\u010dne plo\u010de savr\u0161eno je rje\u0161enje za rje\u0161avanje problema pregrijavanja ili nadogradnju va\u0161eg postoje\u0107eg sustava hla\u0111enja. Bilo da ste student, profesionalac ili povremeni korisnik, odr\u017eavanje optimalnih temperatura klju\u010dno je za produljenje \u017eivotnog vijeka va\u0161eg ure\u0111aja i sprje\u010davanje usporavanja performansi.<\/p>\n<p>Jednostavan za instalaciju i napravljen da traje, ovaj zamjenski hladnjak mati\u010dne plo\u010de nudi jednostavno rje\u0161enje za popravke va\u0161eg prijenosnog ra\u010dunala. Uz njegovu izdr\u017eljivu konstrukciju i pouzdanu izvedbu, mo\u017eete vjerovati da \u0107e va\u0161 HP Chromebook 11A G8 EE ostati hladan i brzo reagirati, \u010dak i tijekom intenzivne upotrebe.<\/p>\n<p>Iskusite razliku koju mogu napraviti originalni HP-ovi dijelovi i osigurajte da va\u0161e prijenosno ra\u010dunalo nastavi raditi najbolje \u0161to mo\u017eete uz HP Chromebook 11A G8 EE hladnjak mati\u010dne plo\u010de L92813-001 L98485-001. Naru\u010dite svoj danas i u\u017eivajte u miru znaju\u0107i da je va\u0161 ure\u0111aj za\u0161ti\u0107en od pregrijavanja.<\/p>\n","protected":false},"excerpt":{"rendered":"<p>Vratite svoj HP Chromebook 11A G8 EE na njegovu optimalnu izvedbu s ovim originalnim hladnjakom mati\u010dne plo\u010de. Dizajniran za u\u010dinkovito odvo\u0111enje topline, ovaj visokokvalitetni zamjenski hladnjak osigurava nesmetan rad i dugotrajnost va\u0161eg prijenosnog ra\u010dunala.<\/p>\n","protected":false},"featured_media":25274,"template":"","meta":[],"product_brand":[],"product_cat":[68],"product_tag":[60],"class_list":{"0":"post-25204","1":"product","2":"type-product","3":"status-publish","4":"has-post-thumbnail","6":"product_cat-cpu-fans-heatsinks","7":"product_tag-hp","9":"first","10":"instock","11":"taxable","12":"shipping-taxable","13":"purchasable","14":"product-type-simple"},"_links":{"self":[{"href":"https:\/\/boreait.com\/hr\/wp-json\/wp\/v2\/product\/25204","targetHints":{"allow":["GET"]}}],"collection":[{"href":"https:\/\/boreait.com\/hr\/wp-json\/wp\/v2\/product"}],"about":[{"href":"https:\/\/boreait.com\/hr\/wp-json\/wp\/v2\/types\/product"}],"wp:featuredmedia":[{"embeddable":true,"href":"https:\/\/boreait.com\/hr\/wp-json\/wp\/v2\/media\/25274"}],"wp:attachment":[{"href":"https:\/\/boreait.com\/hr\/wp-json\/wp\/v2\/media?parent=25204"}],"wp:term":[{"taxonomy":"product_brand","embeddable":true,"href":"https:\/\/boreait.com\/hr\/wp-json\/wp\/v2\/product_brand?post=25204"},{"taxonomy":"product_cat","embeddable":true,"href":"https:\/\/boreait.com\/hr\/wp-json\/wp\/v2\/product_cat?post=25204"},{"taxonomy":"product_tag","embeddable":true,"href":"https:\/\/boreait.com\/hr\/wp-json\/wp\/v2\/product_tag?post=25204"}],"curies":[{"name":"wp","href":"https:\/\/api.w.org\/{rel}","templated":true}]}}