{"id":25203,"date":"2025-07-25T12:37:20","date_gmt":"2025-07-25T12:37:20","guid":{"rendered":"https:\/\/boreait.com\/hr\/?post_type=product&#038;p=25203"},"modified":"2025-07-25T12:38:28","modified_gmt":"2025-07-25T12:38:28","slug":"hp-chromebook-11a-g8-ee-maticna-ploca-l92813-001-originalni-zamjenski-dijelovi-za-prijenosno-racunalo","status":"publish","type":"product","link":"https:\/\/boreait.com\/hr\/product\/hp-chromebook-11a-g8-ee-maticna-ploca-l92813-001-originalni-zamjenski-dijelovi-za-prijenosno-racunalo\/","title":{"rendered":"HP Chromebook 11A G8 EE mati\u010dna plo\u010da L92813-001 Originalni zamjenski dijelovi za prijenosno ra\u010dunalo"},"content":{"rendered":"<p>Revitalizirajte svoj HP Chromebook 11A G8 EE s originalnom mati\u010dnom plo\u010dom HP Chromebook 11A G8 EE L92813-001. Izra\u0111ena imaju\u0107i na umu precizno in\u017eenjerstvo i kompatibilnost, ova zamjena za mati\u010dnu plo\u010du dizajnirana je za besprijekornu integraciju s va\u0161im ure\u0111ajem, osiguravaju\u0107i pouzdan rad i funkcionalnost.<\/p>\n<p>Ova je mati\u010dna plo\u010da opremljena <strong>AMD A4-9120C<\/strong> CPU-om, koji pru\u017ea u\u010dinkovitu procesorsku snagu za lako obavljanje va\u0161ih svakodnevnih zadataka. Tako\u0111er ima <strong>4 GB RAM-a<\/strong>, \u0161to omogu\u0107uje nesmetan multitasking i pobolj\u0161ane performanse. Osim toga, mati\u010dna plo\u010da uklju\u010duje <strong>32 GB eMMC<\/strong> pogon za pohranu, koji nudi dovoljno prostora za va\u0161e bitne aplikacije i datoteke.<\/p>\n<p>Uz originalnu HP-ovu kvalitetu, ova zamjena mati\u010dne plo\u010de idealno je rje\u0161enje za vra\u0107anje va\u0161eg Chromebooka u izvorno stanje. Bilo da imate problema sa svojom trenutnom mati\u010dnom plo\u010dom ili \u017eelite nadogradnju, ovaj originalni zamjenski dio zadovoljava najvi\u0161e standarde kvalitete i kompatibilnosti.<\/p>\n<p>Jednostavna za instalaciju i napravljena da traje, ova zamjena mati\u010dne plo\u010de nudi jednostavno rje\u0161enje za popravke va\u0161eg prijenosnog ra\u010dunala. Uz njegovu izdr\u017eljivu konstrukciju i pouzdanu izvedbu, mo\u017eete vjerovati da \u0107e va\u0161 HP Chromebook 11A G8 EE ponovno biti spreman za rad u trenu.<\/p>\n<p>Iskusite razliku koju mogu napraviti originalni HP-ovi dijelovi i osigurajte da va\u0161e prijenosno ra\u010dunalo nastavi raditi najbolje \u0161to mo\u017eete uz originalnu mati\u010dnu plo\u010du HP Chromebook 11A G8 EE L92813-001. Naru\u010dite svoje danas i s povjerenjem vratite funkcionalnost svog prijenosnog ra\u010dunala.<\/p>\n","protected":false},"excerpt":{"rendered":"<p>Vratite svoj HP Chromebook 11A G8 EE na optimalne performanse s ovom originalnom zamjenskom mati\u010dnom plo\u010dom. Projektiran za kompatibilnost i pouzdanost, ovaj visokokvalitetni dio osigurava besprijekornu funkcionalnost, \u0161to ga \u010dini savr\u0161enim rje\u0161enjem za potrebe popravka va\u0161eg prijenosnog ra\u010dunala.<\/p>\n","protected":false},"featured_media":25266,"template":"","meta":[],"product_brand":[],"product_cat":[62],"product_tag":[60],"class_list":{"0":"post-25203","1":"product","2":"type-product","3":"status-publish","4":"has-post-thumbnail","6":"product_cat-motherboards-board-parts","7":"product_tag-hp","9":"first","10":"instock","11":"taxable","12":"shipping-taxable","13":"purchasable","14":"product-type-simple"},"_links":{"self":[{"href":"https:\/\/boreait.com\/hr\/wp-json\/wp\/v2\/product\/25203","targetHints":{"allow":["GET"]}}],"collection":[{"href":"https:\/\/boreait.com\/hr\/wp-json\/wp\/v2\/product"}],"about":[{"href":"https:\/\/boreait.com\/hr\/wp-json\/wp\/v2\/types\/product"}],"wp:featuredmedia":[{"embeddable":true,"href":"https:\/\/boreait.com\/hr\/wp-json\/wp\/v2\/media\/25266"}],"wp:attachment":[{"href":"https:\/\/boreait.com\/hr\/wp-json\/wp\/v2\/media?parent=25203"}],"wp:term":[{"taxonomy":"product_brand","embeddable":true,"href":"https:\/\/boreait.com\/hr\/wp-json\/wp\/v2\/product_brand?post=25203"},{"taxonomy":"product_cat","embeddable":true,"href":"https:\/\/boreait.com\/hr\/wp-json\/wp\/v2\/product_cat?post=25203"},{"taxonomy":"product_tag","embeddable":true,"href":"https:\/\/boreait.com\/hr\/wp-json\/wp\/v2\/product_tag?post=25203"}],"curies":[{"name":"wp","href":"https:\/\/api.w.org\/{rel}","templated":true}]}}