{"id":25202,"date":"2025-07-25T12:37:20","date_gmt":"2025-07-25T12:37:20","guid":{"rendered":"https:\/\/boreait.com\/hr\/?post_type=product&#038;p=25202"},"modified":"2025-07-25T12:38:26","modified_gmt":"2025-07-25T12:38:26","slug":"oem-hp-chromebook-11a-g8-ee-oslonac-za-dlanove-touchpad-tipkovnica-zamjenski-dijelovi-prijenosnog-racunala","status":"publish","type":"product","link":"https:\/\/boreait.com\/hr\/product\/oem-hp-chromebook-11a-g8-ee-oslonac-za-dlanove-touchpad-tipkovnica-zamjenski-dijelovi-prijenosnog-racunala\/","title":{"rendered":"OEM HP Chromebook 11A G8 EE oslonac za dlanove Touchpad tipkovnica zamjenski dijelovi prijenosnog ra\u010dunala"},"content":{"rendered":"<p>Dajte svom HP Chromebooku 11A G8 EE novi \u017eivot uz OEM HP Chromebook 11A G8 EE zamjensku tipkovnicu s osloncem za dlanove. Izra\u0111en s precizno\u0161\u0107u i projektiran za kompatibilnost, ovaj originalni zamjenski dio dizajniran je za besprijekornu integraciju s va\u0161im ure\u0111ajem, vra\u0107aju\u0107i njegovu funkcionalnost i performanse u stanje kao novo.<\/p>\n<p>Sadr\u017ei OEM dizajn, ova zamjena za oslonac za dlanove, podlogu za dodir i tipkovnicu savr\u0161eno je rje\u0161enje za rje\u0161avanje problema s va\u0161im trenutnim komponentama ili nadogradnju kako biste pobolj\u0161ali iskustvo prijenosnog ra\u010dunala. Uz jednostavan postupak ugradnje, mo\u017eete brzo i bez napora zamijeniti postoje\u0107e dijelove, osiguravaju\u0107i minimalno vrijeme zastoja i gnjava\u017eu.<\/p>\n<p>Do\u017eivite gladak i brz unos s dodirnom podlogom i tipkovnicom, dizajniranom da pru\u017ei udobno i u\u010dinkovito iskustvo tipkanja. Osim toga, izdr\u017eljiva konstrukcija oslonca za dlanove osigurava dugotrajnu izdr\u017eljivost i stabilnost, tako da mo\u017eete vjerovati da \u0107e va\u0161 HP Chromebook 11A G8 EE i dalje raditi najbolje.<\/p>\n<p>Ne dopustite da vas sputavaju istro\u0161ene ili neispravne komponente. Nadogradite svoj HP Chromebook 11A G8 EE s OEM HP Chromebook 11A G8 EE zamjenskom tipkovnicom s naslonom za dlan i u\u017eivajte u pouzdanim performansama i funkcionalnosti. Naru\u010dite svoj danas i dajte svom prijenosnom ra\u010dunalu osvje\u017eenje kakvo zaslu\u017euje.<\/p>\n<p>Nordijski izgled &#8211; tako\u0111er kompatibilan s drugim zemljama\/jezicima\/izgledima.<\/p>\n","protected":false},"excerpt":{"rendered":"<p>Vratite svoj HP Chromebook 11A G8 EE u izvorno stanje pomo\u0107u ove OEM zamjene za oslonac za dlanove, podlogu za dodir i tipkovnicu. Dizajniran za jednostavnu ugradnju, ovaj originalni dio osigurava besprijekornu funkcionalnost, \u0161to ga \u010dini idealnim rje\u0161enjem za potrebe popravka va\u0161eg prijenosnog ra\u010dunala.<\/p>\n","protected":false},"featured_media":25264,"template":"","meta":[],"product_brand":[],"product_cat":[51],"product_tag":[60],"class_list":{"0":"post-25202","1":"product","2":"type-product","3":"status-publish","4":"has-post-thumbnail","6":"product_cat-laptop-housing","7":"product_tag-hp","9":"first","10":"instock","11":"taxable","12":"shipping-taxable","13":"purchasable","14":"product-type-simple"},"_links":{"self":[{"href":"https:\/\/boreait.com\/hr\/wp-json\/wp\/v2\/product\/25202","targetHints":{"allow":["GET"]}}],"collection":[{"href":"https:\/\/boreait.com\/hr\/wp-json\/wp\/v2\/product"}],"about":[{"href":"https:\/\/boreait.com\/hr\/wp-json\/wp\/v2\/types\/product"}],"wp:featuredmedia":[{"embeddable":true,"href":"https:\/\/boreait.com\/hr\/wp-json\/wp\/v2\/media\/25264"}],"wp:attachment":[{"href":"https:\/\/boreait.com\/hr\/wp-json\/wp\/v2\/media?parent=25202"}],"wp:term":[{"taxonomy":"product_brand","embeddable":true,"href":"https:\/\/boreait.com\/hr\/wp-json\/wp\/v2\/product_brand?post=25202"},{"taxonomy":"product_cat","embeddable":true,"href":"https:\/\/boreait.com\/hr\/wp-json\/wp\/v2\/product_cat?post=25202"},{"taxonomy":"product_tag","embeddable":true,"href":"https:\/\/boreait.com\/hr\/wp-json\/wp\/v2\/product_tag?post=25202"}],"curies":[{"name":"wp","href":"https:\/\/api.w.org\/{rel}","templated":true}]}}