{"id":25201,"date":"2025-07-25T12:37:20","date_gmt":"2025-07-25T12:37:20","guid":{"rendered":"https:\/\/boreait.com\/hr\/?post_type=product&#038;p=25201"},"modified":"2025-07-25T12:38:22","modified_gmt":"2025-07-25T12:38:22","slug":"zamjena-dijelova-prijenosnog-racunala-za-hp-chromebook-11a-g8-ee-lcd-okvir","status":"publish","type":"product","link":"https:\/\/boreait.com\/hr\/product\/zamjena-dijelova-prijenosnog-racunala-za-hp-chromebook-11a-g8-ee-lcd-okvir\/","title":{"rendered":"Zamjena dijelova prijenosnog ra\u010dunala za HP Chromebook 11A G8 EE LCD okvir"},"content":{"rendered":"<p>Pobolj\u0161ajte izgled i za\u0161titu svog HP Chromebooka 11A G8 EE ovim HP Chromebook 11A G8 EE LCD okvirom. Izra\u0111en imaju\u0107i na umu preciznost i izdr\u017eljivost, ovaj zamjenski poklopac okvira nudi besprijekorno pristajanje i pouzdan rad.<\/p>\n<p>Dizajniran kako bi savr\u0161eno nadopunio zaslon va\u0161eg Chromebooka, ovaj poklopac s okvirom ne samo da pobolj\u0161ava estetiku va\u0161eg ure\u0111aja, ve\u0107 tako\u0111er pru\u017ea bitnu za\u0161titu za LCD zaslon. Bilo da nadogra\u0111ujete svoj trenutni poklopac okvira ili mijenjate o\u0161te\u0107eni, ovaj dio osigurava da zaslon va\u0161eg prijenosnog ra\u010dunala ostane siguran i za\u0161ti\u0107en.<\/p>\n<p>Izra\u0111ena od visokokvalitetnih materijala, ova zamjena za masku napravljena je da izdr\u017ei svakodnevno habanje i habanje, osiguravaju\u0107i dugotrajnu izdr\u017eljivost i pouzdanost. Njegov jednostavan postupak instalacije zna\u010di da mo\u017eete brzo i bez napora nadograditi ili zamijeniti svoj okvir bez ikakvih problema.<\/p>\n<p>Vratite svoj HP Chromebook 11A G8 EE u izvorno stanje i osigurajte da va\u0161 zaslon ostane siguran i za\u0161ti\u0107en uz ovaj HP Chromebook 11A G8 EE LCD okvir s maskom. Naru\u010dite svoje danas i u\u017eivajte u miru znaju\u0107i da je zaslon va\u0161eg prijenosnog ra\u010dunala za\u0161ti\u0107en kvalitetnim zamjenskim dijelom.<\/p>\n","protected":false},"excerpt":{"rendered":"<p>Nadogradite ili zamijenite poklopac LCD okvira na va\u0161em HP Chromebooku 11A G8 EE ovim zamjenskim dijelom. Izra\u0111ena od izdr\u017eljivih materijala i dizajnirana za savr\u0161eno pristajanje, ova maska s okvirom osigurava da zaslon va\u0161eg prijenosnog ra\u010dunala ostane za\u0161ti\u0107en i siguran.<\/p>\n","protected":false},"featured_media":25262,"template":"","meta":[],"product_brand":[],"product_cat":[51],"product_tag":[60],"class_list":{"0":"post-25201","1":"product","2":"type-product","3":"status-publish","4":"has-post-thumbnail","6":"product_cat-laptop-housing","7":"product_tag-hp","9":"first","10":"instock","11":"taxable","12":"shipping-taxable","13":"purchasable","14":"product-type-simple"},"_links":{"self":[{"href":"https:\/\/boreait.com\/hr\/wp-json\/wp\/v2\/product\/25201","targetHints":{"allow":["GET"]}}],"collection":[{"href":"https:\/\/boreait.com\/hr\/wp-json\/wp\/v2\/product"}],"about":[{"href":"https:\/\/boreait.com\/hr\/wp-json\/wp\/v2\/types\/product"}],"wp:featuredmedia":[{"embeddable":true,"href":"https:\/\/boreait.com\/hr\/wp-json\/wp\/v2\/media\/25262"}],"wp:attachment":[{"href":"https:\/\/boreait.com\/hr\/wp-json\/wp\/v2\/media?parent=25201"}],"wp:term":[{"taxonomy":"product_brand","embeddable":true,"href":"https:\/\/boreait.com\/hr\/wp-json\/wp\/v2\/product_brand?post=25201"},{"taxonomy":"product_cat","embeddable":true,"href":"https:\/\/boreait.com\/hr\/wp-json\/wp\/v2\/product_cat?post=25201"},{"taxonomy":"product_tag","embeddable":true,"href":"https:\/\/boreait.com\/hr\/wp-json\/wp\/v2\/product_tag?post=25201"}],"curies":[{"name":"wp","href":"https:\/\/api.w.org\/{rel}","templated":true}]}}