{"id":25200,"date":"2025-07-25T12:37:20","date_gmt":"2025-07-25T12:37:20","guid":{"rendered":"https:\/\/boreait.com\/hr\/?post_type=product&#038;p=25200"},"modified":"2026-01-31T06:03:30","modified_gmt":"2026-01-31T06:03:30","slug":"originalni-hp-chromebook-11a-g8-ee-l98587-001-sps-zastitni-nosac-baterije-originalni-dio","status":"publish","type":"product","link":"https:\/\/boreait.com\/hr\/product\/originalni-hp-chromebook-11a-g8-ee-l98587-001-sps-zastitni-nosac-baterije-originalni-dio\/","title":{"rendered":"Originalni HP Chromebook 11A G8 EE L98587-001 SPS-ZA\u0160TITNI NOSA\u010c BATERIJE Originalni dio"},"content":{"rendered":"<p>Za\u0161titite i produ\u017eite vijek trajanja svog HP Chromebooka 11A G8 EE s originalnim HP Chromebookom 11A G8 EE L98587-001 SPS-ZA\u0160TITNIM NOSA\u010cEM ZA BATERIJU. Izra\u0111en prema OEM standardima, ovaj originalni dio dizajniran je za pru\u017eanje bitne za\u0161tite baterije va\u0161eg ure\u0111aja, \u0161tite\u0107i je od o\u0161te\u0107enja i osiguravaju\u0107i pouzdan rad.<\/p>\n<p>Projektiran za izdr\u017eljivost i kompatibilnost, ovaj nosa\u010d za za\u0161titu baterije savr\u0161eno je rje\u0161enje za odr\u017eavanje integriteta va\u0161eg HP Chromebooka 11A G8 EE. Bilo da mijenjate o\u0161te\u0107eni nosa\u010d ili jednostavno nadogra\u0111ujete kako biste osigurali optimalnu za\u0161titu, ovaj originalni dio nudi bezbri\u017enost i pouzdanost.<\/p>\n<p>Jednostavan za instalaciju i napravljen da traje, ovaj za\u0161titni nosa\u010d baterije osigurava da va\u0161 HP Chromebook 11A G8 EE ostane u vrhunskom stanju, spreman za sve va\u0161e ra\u010dunalne potrebe. Pouzdajte se u kvalitetu i pouzdanost originalnih HP-ovih dijelova i za\u0161titite svoje ulaganje uz originalni HP Chromebook 11A G8 EE L98587-001 SPS-ZA\u0160TITNI NOSA\u010c ZA BATERIJE.<\/p>\n","protected":false},"excerpt":{"rendered":"<p>Osigurajte sigurnost i dugotrajnost svog HP Chromebooka 11A G8 EE s ovim originalnim nosa\u010dem za za\u0161titu baterije. Izra\u0111en prema to\u010dnim specifikacijama, ovaj originalni dio pru\u017ea bitnu za\u0161titu za bateriju va\u0161eg ure\u0111aja, osiguravaju\u0107i bezbri\u017enost i pouzdanost.<\/p>\n","protected":false},"featured_media":25261,"template":"","meta":[],"product_brand":[],"product_cat":[51],"product_tag":[60],"class_list":{"0":"post-25200","1":"product","2":"type-product","3":"status-publish","4":"has-post-thumbnail","6":"product_cat-laptop-housing","7":"product_tag-hp","9":"first","10":"instock","11":"taxable","12":"shipping-taxable","13":"purchasable","14":"product-type-simple"},"_links":{"self":[{"href":"https:\/\/boreait.com\/hr\/wp-json\/wp\/v2\/product\/25200","targetHints":{"allow":["GET"]}}],"collection":[{"href":"https:\/\/boreait.com\/hr\/wp-json\/wp\/v2\/product"}],"about":[{"href":"https:\/\/boreait.com\/hr\/wp-json\/wp\/v2\/types\/product"}],"wp:featuredmedia":[{"embeddable":true,"href":"https:\/\/boreait.com\/hr\/wp-json\/wp\/v2\/media\/25261"}],"wp:attachment":[{"href":"https:\/\/boreait.com\/hr\/wp-json\/wp\/v2\/media?parent=25200"}],"wp:term":[{"taxonomy":"product_brand","embeddable":true,"href":"https:\/\/boreait.com\/hr\/wp-json\/wp\/v2\/product_brand?post=25200"},{"taxonomy":"product_cat","embeddable":true,"href":"https:\/\/boreait.com\/hr\/wp-json\/wp\/v2\/product_cat?post=25200"},{"taxonomy":"product_tag","embeddable":true,"href":"https:\/\/boreait.com\/hr\/wp-json\/wp\/v2\/product_tag?post=25200"}],"curies":[{"name":"wp","href":"https:\/\/api.w.org\/{rel}","templated":true}]}}