{"id":25199,"date":"2025-07-25T12:37:20","date_gmt":"2025-07-25T12:37:20","guid":{"rendered":"https:\/\/boreait.com\/hr\/?post_type=product&#038;p=25199"},"modified":"2025-07-25T12:38:15","modified_gmt":"2025-07-25T12:38:15","slug":"hp-chromebook-11a-g8-ee-11-g8-ee-l89768-001-lijevi-desni-lcd-nosac-dijelovi-prijenosnog-racunala-sa-sarkama","status":"publish","type":"product","link":"https:\/\/boreait.com\/hr\/product\/hp-chromebook-11a-g8-ee-11-g8-ee-l89768-001-lijevi-desni-lcd-nosac-dijelovi-prijenosnog-racunala-sa-sarkama\/","title":{"rendered":"HP Chromebook 11A G8 EE 11 G8 EE L89768-001 Lijevi &amp; Desni LCD nosa\u010d &amp; Dijelovi prijenosnog ra\u010dunala sa \u0161arkama"},"content":{"rendered":"<p>Pobolj\u0161ajte performanse i dugovje\u010dnost svog HP Chromebooka 11A G8 EE s ovim HP Chromebookom 11A G8 EE 11 G8 EE L89768-001 Lijevi &amp; Desni LCD nosa\u010d &amp; \u0161arka. Izra\u0111eni uz pomo\u0107 preciznog in\u017eenjeringa i originalne HP kvalitete, ovi nosa\u010di i \u0161arke pru\u017eaju pouzdano rje\u0161enje za osiguranje zaslona va\u0161eg prijenosnog ra\u010dunala.<\/p>\n<p> Dizajniran posebno za HP Chromebook 11A G8 EE, ovaj set uklju\u010duje i lijevi i desni nosa\u010d i \u0161arke, osiguravaju\u0107i savr\u0161eno pristajanje i besprijekornu integraciju s va\u0161im ure\u0111ajem. Bilo da mijenjate o\u0161te\u0107ene dijelove ili nadogra\u0111ujete prijenosno ra\u010dunalo, ove originalne HP komponente nude neusporedivu izdr\u017eljivost i stabilnost.<\/p>\n<p>Uz jednostavnu instalaciju i robusnu konstrukciju, ovi nosa\u010di i \u0161arke napravljeni su da izdr\u017ee zahtjeve svakodnevne upotrebe, pru\u017eaju\u0107i dugotrajnu izvedbu i bezbri\u017enost. Recite zbogom klimavim zaslonima i nestabilnim \u0161arkama i u\u017eivajte u sigurnom i stabilnom iskustvu gledanja s ovim originalnim HP-ovim dijelovima.<\/p>\n<p>Ula\u017eite u budu\u0107nost svog HP Chromebooka 11A G8 EE i osigurajte pouzdan zaslon uz ovaj HP Chromebook 11A G8 EE 11 G8 EE L89768-001 Lijevi &amp; Desni LCD nosa\u010d &amp; \u0161arka. Naru\u010dite svoju danas i do\u017eivite razliku u originalnoj HP kvaliteti.<\/p>\n","protected":false},"excerpt":{"rendered":"<p>Nadogradite svoj HP Chromebook 11A G8 EE ovim lijevim i desnim LCD nosa\u010dem i setom \u0161arki. Dizajnirani za jednostavnu ugradnju i izdr\u017eljivost, ovi originalni dijelovi osiguravaju siguran i stabilan zaslon za va\u0161e prijenosno ra\u010dunalo.<\/p>\n","protected":false},"featured_media":25260,"template":"","meta":[],"product_brand":[],"product_cat":[54],"product_tag":[60],"class_list":{"0":"post-25199","1":"product","2":"type-product","3":"status-publish","4":"has-post-thumbnail","6":"product_cat-screen-hinge","7":"product_tag-hp","9":"first","10":"instock","11":"taxable","12":"shipping-taxable","13":"purchasable","14":"product-type-simple"},"_links":{"self":[{"href":"https:\/\/boreait.com\/hr\/wp-json\/wp\/v2\/product\/25199","targetHints":{"allow":["GET"]}}],"collection":[{"href":"https:\/\/boreait.com\/hr\/wp-json\/wp\/v2\/product"}],"about":[{"href":"https:\/\/boreait.com\/hr\/wp-json\/wp\/v2\/types\/product"}],"wp:featuredmedia":[{"embeddable":true,"href":"https:\/\/boreait.com\/hr\/wp-json\/wp\/v2\/media\/25260"}],"wp:attachment":[{"href":"https:\/\/boreait.com\/hr\/wp-json\/wp\/v2\/media?parent=25199"}],"wp:term":[{"taxonomy":"product_brand","embeddable":true,"href":"https:\/\/boreait.com\/hr\/wp-json\/wp\/v2\/product_brand?post=25199"},{"taxonomy":"product_cat","embeddable":true,"href":"https:\/\/boreait.com\/hr\/wp-json\/wp\/v2\/product_cat?post=25199"},{"taxonomy":"product_tag","embeddable":true,"href":"https:\/\/boreait.com\/hr\/wp-json\/wp\/v2\/product_tag?post=25199"}],"curies":[{"name":"wp","href":"https:\/\/api.w.org\/{rel}","templated":true}]}}