{"id":25198,"date":"2025-07-25T12:37:20","date_gmt":"2025-07-25T12:37:20","guid":{"rendered":"https:\/\/boreait.com\/hr\/?post_type=product&#038;p=25198"},"modified":"2026-01-30T07:31:22","modified_gmt":"2026-01-30T07:31:22","slug":"poklopac-sa-sarkama-odgovara-na-hp-chromebook-11-g8-ee-11a-g8-ee-11mk-g9-ee-11-g9-11mk-g9-dijelovi-prijenosnog-racunala","status":"publish","type":"product","link":"https:\/\/boreait.com\/hr\/product\/poklopac-sa-sarkama-odgovara-na-hp-chromebook-11-g8-ee-11a-g8-ee-11mk-g9-ee-11-g9-11mk-g9-dijelovi-prijenosnog-racunala\/","title":{"rendered":"Poklopac sa \u0161arkama ODGOVARA na HP Chromebook 11 G8 EE 11A G8 EE 11MK G9 EE 11 G9 11MK G9 dijelovi prijenosnog ra\u010dunala"},"content":{"rendered":"<p>Nadogradite izgled i dugovje\u010dnost svojih prijenosnih ra\u010dunala serije HP Chromebook 11 s ovim prakti\u010dnim paketom od 5 poklopaca \u0161arki. Izra\u0111ene da pristaju na modele kao \u0161to su G8 EE, 11A G8 EE, 11MK G9 EE i vi\u0161e, ove navlake za \u0161arke nude stil i za\u0161titu za va\u0161 ure\u0111aj.<\/p>\n<p>Izra\u0111eni od izdr\u017eljivih materijala, ovi poklopci \u0161arki dizajnirani su da izdr\u017ee svakodnevno tro\u0161enje i habanje, osiguravaju\u0107i dugotrajnu izvedbu. Elegantan dizajn dodaje da\u0161ak elegancije va\u0161em prijenosnom ra\u010dunalu, a istovremeno pru\u017ea dodatni sloj za\u0161tite za \u0161arke.<\/p>\n<p>Jednostavni za postavljanje i uklanjanje, ovi poklopci \u0161arki nude jednostavno rje\u0161enje za pobolj\u0161anje estetike i funkcionalnosti va\u0161ih prijenosnih ra\u010dunala serije HP Chromebook 11. Bilo da \u017eelite zamijeniti o\u0161te\u0107ene poklopce \u0161arki ili jednostavno \u017eelite svom ure\u0111aju dati svje\u017e izgled, ovaj paket od 5 poklopaca pokriva vas.<\/p>\n<p>Iskusite bezbri\u017enost znaju\u0107i da su va\u0161a prijenosna ra\u010dunala serije HP Chromebook 11 dobro za\u0161ti\u0107ena ovim visokokvalitetnim poklopcima \u0161arki. Nadogradite svoj ure\u0111aj danas i u\u017eivajte u pobolj\u0161anoj izdr\u017eljivosti i stilu uz ovaj paket od 5 poklopaca za \u0161arke.<\/p>\n","protected":false},"excerpt":{"rendered":"<p>Pobolj\u0161ajte izdr\u017eljivost i estetiku svojih prijenosnih ra\u010dunala serije HP Chromebook 11 s ovim paketom od 5 poklopaca \u0161arki. Dizajnirane da pristaju na modele uklju\u010duju\u0107i G8 EE, 11A G8 EE, 11MK G9 EE i druge, ove navlake za \u0161arke pru\u017eaju za\u0161titu i elegantnu zavr\u0161nu obradu za va\u0161 ure\u0111aj.<\/p>\n","protected":false},"featured_media":25259,"template":"","meta":[],"product_brand":[],"product_cat":[51],"product_tag":[60],"class_list":{"0":"post-25198","1":"product","2":"type-product","3":"status-publish","4":"has-post-thumbnail","6":"product_cat-laptop-housing","7":"product_tag-hp","9":"first","10":"instock","11":"taxable","12":"shipping-taxable","13":"purchasable","14":"product-type-simple"},"_links":{"self":[{"href":"https:\/\/boreait.com\/hr\/wp-json\/wp\/v2\/product\/25198","targetHints":{"allow":["GET"]}}],"collection":[{"href":"https:\/\/boreait.com\/hr\/wp-json\/wp\/v2\/product"}],"about":[{"href":"https:\/\/boreait.com\/hr\/wp-json\/wp\/v2\/types\/product"}],"wp:featuredmedia":[{"embeddable":true,"href":"https:\/\/boreait.com\/hr\/wp-json\/wp\/v2\/media\/25259"}],"wp:attachment":[{"href":"https:\/\/boreait.com\/hr\/wp-json\/wp\/v2\/media?parent=25198"}],"wp:term":[{"taxonomy":"product_brand","embeddable":true,"href":"https:\/\/boreait.com\/hr\/wp-json\/wp\/v2\/product_brand?post=25198"},{"taxonomy":"product_cat","embeddable":true,"href":"https:\/\/boreait.com\/hr\/wp-json\/wp\/v2\/product_cat?post=25198"},{"taxonomy":"product_tag","embeddable":true,"href":"https:\/\/boreait.com\/hr\/wp-json\/wp\/v2\/product_tag?post=25198"}],"curies":[{"name":"wp","href":"https:\/\/api.w.org\/{rel}","templated":true}]}}