{"id":25197,"date":"2025-07-25T12:37:20","date_gmt":"2025-07-25T12:37:20","guid":{"rendered":"https:\/\/boreait.com\/hr\/?post_type=product&#038;p=25197"},"modified":"2025-07-25T12:38:12","modified_gmt":"2025-07-25T12:38:12","slug":"originalni-zamjenski-gornji-poklopac-hp-11-g8-ee-chromebook-originalni-dijelovi-za-prijenosno-racunalo","status":"publish","type":"product","link":"https:\/\/boreait.com\/hr\/product\/originalni-zamjenski-gornji-poklopac-hp-11-g8-ee-chromebook-originalni-dijelovi-za-prijenosno-racunalo\/","title":{"rendered":"Originalni zamjenski gornji poklopac HP 11 G8 EE Chromebook originalni dijelovi za prijenosno ra\u010dunalo"},"content":{"rendered":"<p>O\u017eivite izgled i za\u0161titu svog HP 11 G8 EE Chromebooka uz originalnu zamjenu gornjeg poklopca za HP 11 G8 EE Chromebook. Izra\u0111ena imaju\u0107i na umu preciznost i izdr\u017eljivost, ova originalna zamjena gornjeg poklopca dizajnirana je za besprijekornu integraciju s va\u0161im ure\u0111ajem, pru\u017eaju\u0107i i estetsko pobolj\u0161anje i za\u0161titu.<\/p>\n<p>Odlikuje se kvalitetom i pouzdano\u0161\u0107u koja je sinonim za HP proizvode, ova zamjena gornjeg poklopca idealno je rje\u0161enje za vra\u0107anje izgleda va\u0161eg Chromebooka u izvorno stanje. Bez obzira je li va\u0161a trenutna navlaka o\u0161te\u0107ena, istro\u0161ena ili joj je jednostavno potrebna nadogradnja, ovaj originalni zamjenski dio osigurava savr\u0161eno pristajanje i instalaciju bez muke.<\/p>\n<p>Izra\u0111ena od izdr\u017eljivih materijala, ova zamjena za gornji poklopac nudi dugotrajne performanse i bezbri\u017enost. Za\u0161titite svoj HP 11 G8 EE Chromebook od ogrebotina, ogrebotina i drugih o\u0161te\u0107enja, zadr\u017eavaju\u0107i njegov elegantan i profesionalan izgled.<\/p>\n<p>Iskusite razliku koju mogu napraviti originalni HP-ovi dijelovi i osigurajte da va\u0161 Chromebook i dalje izgleda i radi najbolje \u0161to mo\u017eete uz originalnu zamjenu gornjeg poklopca za Chromebook HP 11 G8 EE. Naru\u010dite svoj danas i s povjerenjem vratite izgled svom Chromebooku.<\/p>\n","protected":false},"excerpt":{"rendered":"<p>Vratite elegantan izgled i za\u0161titu svom HP 11 G8 EE Chromebooku pomo\u0107u ove originalne zamjene za gornji poklopac. Izra\u0111en od kvalitetnih materijala i preciznog in\u017eenjeringa, ovaj poklopac osigurava savr\u0161eno pristajanje i jednostavnu monta\u017eu.<\/p>\n","protected":false},"featured_media":25257,"template":"","meta":[],"product_brand":[],"product_cat":[51],"product_tag":[60],"class_list":{"0":"post-25197","1":"product","2":"type-product","3":"status-publish","4":"has-post-thumbnail","6":"product_cat-laptop-housing","7":"product_tag-hp","9":"first","10":"instock","11":"taxable","12":"shipping-taxable","13":"purchasable","14":"product-type-simple"},"_links":{"self":[{"href":"https:\/\/boreait.com\/hr\/wp-json\/wp\/v2\/product\/25197","targetHints":{"allow":["GET"]}}],"collection":[{"href":"https:\/\/boreait.com\/hr\/wp-json\/wp\/v2\/product"}],"about":[{"href":"https:\/\/boreait.com\/hr\/wp-json\/wp\/v2\/types\/product"}],"wp:featuredmedia":[{"embeddable":true,"href":"https:\/\/boreait.com\/hr\/wp-json\/wp\/v2\/media\/25257"}],"wp:attachment":[{"href":"https:\/\/boreait.com\/hr\/wp-json\/wp\/v2\/media?parent=25197"}],"wp:term":[{"taxonomy":"product_brand","embeddable":true,"href":"https:\/\/boreait.com\/hr\/wp-json\/wp\/v2\/product_brand?post=25197"},{"taxonomy":"product_cat","embeddable":true,"href":"https:\/\/boreait.com\/hr\/wp-json\/wp\/v2\/product_cat?post=25197"},{"taxonomy":"product_tag","embeddable":true,"href":"https:\/\/boreait.com\/hr\/wp-json\/wp\/v2\/product_tag?post=25197"}],"curies":[{"name":"wp","href":"https:\/\/api.w.org\/{rel}","templated":true}]}}