{"id":25196,"date":"2025-07-25T12:37:20","date_gmt":"2025-07-25T12:37:20","guid":{"rendered":"https:\/\/boreait.com\/hr\/?post_type=product&#038;p=25196"},"modified":"2025-07-25T12:38:04","modified_gmt":"2025-07-25T12:38:04","slug":"originalni-zamjenski-dijelovi-donjeg-poklopca-prijenosnog-racunala-hp-11-g8-ee-chromebook","status":"publish","type":"product","link":"https:\/\/boreait.com\/hr\/product\/originalni-zamjenski-dijelovi-donjeg-poklopca-prijenosnog-racunala-hp-11-g8-ee-chromebook\/","title":{"rendered":"Originalni zamjenski dijelovi donjeg poklopca prijenosnog ra\u010dunala HP 11 G8 EE Chromebook"},"content":{"rendered":"<p>Za\u0161titite i pobolj\u0161ajte performanse svog HP 11 G8 EE Chromebooka uz originalnu zamjenu donjeg poklopca za HP 11 G8 EE Chromebook. Izra\u0111en imaju\u0107i na umu preciznost i izdr\u017eljivost, ovaj zamjenski donji poklopac dizajniran je za besprijekornu integraciju s va\u0161im Chromebookom, osiguravaju\u0107i dobro pristajanje i optimalnu za\u0161titu za unutarnje komponente.<\/p>\n<p>Izra\u0111en od visokokvalitetnih materijala, ovaj zamjenski donji poklopac nudi istu razinu pouzdanosti i izdr\u017eljivosti kao i originalni dio. Bez obzira je li va\u0161 trenutni donji poklopac o\u0161te\u0107en ili istro\u0161en, ova originalna zamjena pru\u017ea savr\u0161eno rje\u0161enje za vra\u0107anje va\u0161eg Chromebooka u izvorno stanje.<\/p>\n<p>Instalacija je brza i bez muke, \u0161to vam omogu\u0107uje da svoj HP 11 G8 EE Chromebook vratite u pogon u trenu. Jednostavno uklonite stari donji poklopac i zamijenite ga ovom originalnom zamjenom za savr\u0161eno pristajanje i pouzdan rad.<\/p>\n<p>Nemojte kompromitirati kvalitetu kada je u pitanju za\u0161tita va\u0161eg HP 11 G8 EE Chromebooka. Vjerujte originalnom HP 11 G8 EE zamjenskom donjem poklopcu Chromebooka kako bi va\u0161 ure\u0111aj bio siguran i funkcionalan godinama koje dolaze. Naru\u010dite sada i u\u017eivajte u miru znaju\u0107i da je va\u0161 Chromebook dobro za\u0161ti\u0107en.<\/p>\n","protected":false},"excerpt":{"rendered":"<p>Vratite integritet svog HP 11 G8 EE Chromebooka ovom originalnom zamjenom donjeg poklopca. Izra\u0111en za savr\u0161eno pristajanje i jednostavnu instalaciju, ovaj originalni dio osigurava da va\u0161e prijenosno ra\u010dunalo ostane za\u0161ti\u0107eno i funkcionalno.<\/p>\n","protected":false},"featured_media":25243,"template":"","meta":[],"product_brand":[],"product_cat":[51],"product_tag":[60],"class_list":{"0":"post-25196","1":"product","2":"type-product","3":"status-publish","4":"has-post-thumbnail","6":"product_cat-laptop-housing","7":"product_tag-hp","9":"first","10":"instock","11":"taxable","12":"shipping-taxable","13":"purchasable","14":"product-type-simple"},"_links":{"self":[{"href":"https:\/\/boreait.com\/hr\/wp-json\/wp\/v2\/product\/25196","targetHints":{"allow":["GET"]}}],"collection":[{"href":"https:\/\/boreait.com\/hr\/wp-json\/wp\/v2\/product"}],"about":[{"href":"https:\/\/boreait.com\/hr\/wp-json\/wp\/v2\/types\/product"}],"wp:featuredmedia":[{"embeddable":true,"href":"https:\/\/boreait.com\/hr\/wp-json\/wp\/v2\/media\/25243"}],"wp:attachment":[{"href":"https:\/\/boreait.com\/hr\/wp-json\/wp\/v2\/media?parent=25196"}],"wp:term":[{"taxonomy":"product_brand","embeddable":true,"href":"https:\/\/boreait.com\/hr\/wp-json\/wp\/v2\/product_brand?post=25196"},{"taxonomy":"product_cat","embeddable":true,"href":"https:\/\/boreait.com\/hr\/wp-json\/wp\/v2\/product_cat?post=25196"},{"taxonomy":"product_tag","embeddable":true,"href":"https:\/\/boreait.com\/hr\/wp-json\/wp\/v2\/product_tag?post=25196"}],"curies":[{"name":"wp","href":"https:\/\/api.w.org\/{rel}","templated":true}]}}