{"id":25195,"date":"2025-07-25T12:37:19","date_gmt":"2025-07-25T12:37:19","guid":{"rendered":"https:\/\/boreait.com\/hr\/?post_type=product&#038;p=25195"},"modified":"2025-07-25T12:38:00","modified_gmt":"2025-07-25T12:38:00","slug":"hp-11-g8-ee-chromebook-b116xan06-3-zamjenski-dio-zaslona-lcd-zaslona-dijelovi-prijenosnog-racunala","status":"publish","type":"product","link":"https:\/\/boreait.com\/hr\/product\/hp-11-g8-ee-chromebook-b116xan06-3-zamjenski-dio-zaslona-lcd-zaslona-dijelovi-prijenosnog-racunala\/","title":{"rendered":"HP 11 G8 EE Chromebook B116XAN06.3 Zamjenski dio zaslona LCD zaslona Dijelovi prijenosnog ra\u010dunala"},"content":{"rendered":"<p>Pobolj\u0161ajte svoje iskustvo gledanja i obnovite funkcionalnost svog HP 11 G8 EE Chromebooka B116XAN06.3 s ovim zamjenskim dijelom za LCD zaslon HP 11 G8 EE Chromebooka B116XAN06.3. Bilo da \u017eelite nadograditi svoj trenutni zaslon ili trebate zamijeniti o\u0161te\u0107eni ili neispravni zaslon, ovaj visokokvalitetni zamjenski dio nudi savr\u0161eno rje\u0161enje.<\/p>\n<p>Klju\u010dne zna\u010dajke zaslona B116XAN06.3 uklju\u010duju:<\/p>\n<p>&#8211; **HD rezolucija:** U\u017eivajte u zapanjuju\u0107oj jasno\u0107i s rezolucijom od 1366&#215;768, osiguravaju\u0107i da je svaki detalj o\u0161tar i jasan.<\/p>\n<p>&#8211; **IPS tehnologija:** Iskusite \u0161iroke kutove gledanja i dosljednu reprodukciju boja s In-Plane Switching (IPS) tehnologijom.<\/p>\n<p>&#8211; **30 pinski EDP konektor:** Osigurava besprijekornu kompatibilnost s va\u0161im prijenosnim ra\u010dunalom HP 11 G8 EE Chromebook.<\/p>\n<p>&#8211; **LED pozadinsko osvjetljenje:** Pru\u017ea energetski u\u010dinkovito osvjetljenje, smanjuju\u0107i potro\u0161nju energije dok daje svijetle i \u017eivopisne slike.<\/p>\n<p>Izra\u0111en imaju\u0107i na umu preciznost i izdr\u017eljivost, ovaj LCD zaslon pru\u017ea o\u0161tre, jasne slike i \u017eivopisne boje, omogu\u0107uju\u0107i vam da u potpunosti u\u017eivate u sadr\u017eaju svog Chromebooka. Uz besprijekornu kompatibilnost i jednostavan postupak instalacije, nadogradnja ili zamjena va\u0161eg zaslona nikada nije bila lak\u0161a.<\/p>\n<p>Dizajniran da zadovolji najvi\u0161e standarde kvalitete i performansi, ovaj zamjenski LCD zaslon osigurava pouzdan rad i dugotrajnu izdr\u017eljivost. Bez obzira koristite li Chromebook za posao, \u0161kolu ili zabavu, mo\u017eete vjerovati da \u0107e ovaj zaslon iz dana u dan pru\u017eati iznimne performanse.<\/p>\n<p>Vratite svom HP 11 G8 EE Chromebooku B116XAN06.3 njegov puni potencijal i u\u017eivajte u impresivnom iskustvu gledanja uz ovaj HP 11 G8 EE Chromebook B116XAN06.3 zamjenski dio za LCD zaslon. Nadogradite ili zamijenite svoj zaslon ve\u0107 danas i pobolj\u0161ajte svoje Chromebook iskustvo s povjerenjem.<\/p>\n<p>&nbsp;<\/p>\n","protected":false},"excerpt":{"rendered":"<p>Nadogradite ili zamijenite LCD zaslon svog HP 11 G8 EE Chromebooka B116XAN06.3 ovim zamjenskim dijelom. U\u017eivajte u o\u0161trim, jasnim slikama i besprijekornoj izvedbi s ovim visokokvalitetnim zaslonom, dizajniranim za jednostavnu instalaciju.<\/p>\n","protected":false},"featured_media":25241,"template":"","meta":[],"product_brand":[],"product_cat":[98,56],"product_tag":[60],"class_list":{"0":"post-25195","1":"product","2":"type-product","3":"status-publish","4":"has-post-thumbnail","6":"product_cat-11-6","7":"product_cat-laptop-screens-lcd-panels","8":"product_tag-hp","10":"first","11":"instock","12":"taxable","13":"shipping-taxable","14":"purchasable","15":"product-type-simple"},"_links":{"self":[{"href":"https:\/\/boreait.com\/hr\/wp-json\/wp\/v2\/product\/25195","targetHints":{"allow":["GET"]}}],"collection":[{"href":"https:\/\/boreait.com\/hr\/wp-json\/wp\/v2\/product"}],"about":[{"href":"https:\/\/boreait.com\/hr\/wp-json\/wp\/v2\/types\/product"}],"wp:featuredmedia":[{"embeddable":true,"href":"https:\/\/boreait.com\/hr\/wp-json\/wp\/v2\/media\/25241"}],"wp:attachment":[{"href":"https:\/\/boreait.com\/hr\/wp-json\/wp\/v2\/media?parent=25195"}],"wp:term":[{"taxonomy":"product_brand","embeddable":true,"href":"https:\/\/boreait.com\/hr\/wp-json\/wp\/v2\/product_brand?post=25195"},{"taxonomy":"product_cat","embeddable":true,"href":"https:\/\/boreait.com\/hr\/wp-json\/wp\/v2\/product_cat?post=25195"},{"taxonomy":"product_tag","embeddable":true,"href":"https:\/\/boreait.com\/hr\/wp-json\/wp\/v2\/product_tag?post=25195"}],"curies":[{"name":"wp","href":"https:\/\/api.w.org\/{rel}","templated":true}]}}