{"id":25182,"date":"2025-07-25T12:36:59","date_gmt":"2025-07-25T12:36:59","guid":{"rendered":"https:\/\/boreait.com\/hr\/?post_type=product&#038;p=25182"},"modified":"2026-01-30T07:30:50","modified_gmt":"2026-01-30T07:30:50","slug":"originalni-dijelovi-poklopca-kucista-lenovo-thinkpad-t430s-60-4qz20-001-za-prijenosno-racunalo","status":"publish","type":"product","link":"https:\/\/boreait.com\/hr\/product\/originalni-dijelovi-poklopca-kucista-lenovo-thinkpad-t430s-60-4qz20-001-za-prijenosno-racunalo\/","title":{"rendered":"Originalni dijelovi poklopca ku\u0107i\u0161ta Lenovo ThinkPad T430s 60.4QZ20.001 za prijenosno ra\u010dunalo"},"content":{"rendered":"<p>Dajte svom Lenovo ThinkPad T430s svje\u017e izgled i dojam s originalnim poklopcem ku\u0107i\u0161ta Lenovo ThinkPad T430s 60.4QZ20.001. Precizno konstruirana kako bi odgovarala izvornom dizajnu, ova zamjena za vrata ku\u0107i\u0161ta nudi besprijekorno pristajanje i postupak ugradnje bez muke.<\/p>\n<p>Izra\u0111ena od izdr\u017eljivih materijala i uz ugled Lenova za kvalitetu, ova vrata poklopca ku\u0107i\u0161ta napravljena su da izdr\u017ee svakodnevno habanje, osiguravaju\u0107i dugotrajnu izvedbu i pouzdanost. Bilo da mijenjate o\u0161te\u0107enu masku ili jednostavno nadogra\u0111ujete izgled prijenosnog ra\u010dunala, ovaj originalni Lenovo dio pru\u017ea iznimnu vrijednost i bezbri\u017enost.<\/p>\n<p>S lako\u0107om vratite svom prijenosnom ra\u010dunalu elegantan i profesionalan izgled, zahvaljuju\u0107i jednostavnom postupku ugradnje ovih originalnih vrata\u0161ca poklopca ku\u0107i\u0161ta. S njegovim preciznim pristajanjem i izdr\u017eljivom konstrukcijom, mo\u017eete vjerovati da \u0107e va\u0161 Lenovo ThinkPad T430s izgledati i raditi najbolje \u0161to mo\u017ee godinama koje dolaze.<\/p>\n<p>Iskusite razliku koju originalni Lenovo dijelovi mogu u\u010diniti i pobolj\u0161ati cjelokupnu estetiku va\u0161eg prijenosnog ra\u010dunala s originalnim poklopcem ku\u0107i\u0161ta Lenovo ThinkPad T430s 60.4QZ20.001. Naru\u010dite svoju danas i u\u017eivajte u besprijekornom iskustvu popravka.<\/p>\n","protected":false},"excerpt":{"rendered":"<p>Vratite elegantan izgled svom Lenovo ThinkPad T430s s ovim originalnim vratima poklopca ku\u0107i\u0161ta. Izra\u0111en prema to\u010dnim specifikacijama, ovaj visokokvalitetni zamjenski dio osigurava savr\u0161eno pristajanje i besprijekornu integraciju, \u0161to ga \u010dini idealnim rje\u0161enjem za potrebe popravka va\u0161eg prijenosnog ra\u010dunala.<\/p>\n","protected":false},"featured_media":25238,"template":"","meta":[],"product_brand":[],"product_cat":[51],"product_tag":[61],"class_list":{"0":"post-25182","1":"product","2":"type-product","3":"status-publish","4":"has-post-thumbnail","6":"product_cat-laptop-housing","7":"product_tag-lenovo","9":"first","10":"instock","11":"taxable","12":"shipping-taxable","13":"purchasable","14":"product-type-simple"},"_links":{"self":[{"href":"https:\/\/boreait.com\/hr\/wp-json\/wp\/v2\/product\/25182","targetHints":{"allow":["GET"]}}],"collection":[{"href":"https:\/\/boreait.com\/hr\/wp-json\/wp\/v2\/product"}],"about":[{"href":"https:\/\/boreait.com\/hr\/wp-json\/wp\/v2\/types\/product"}],"wp:featuredmedia":[{"embeddable":true,"href":"https:\/\/boreait.com\/hr\/wp-json\/wp\/v2\/media\/25238"}],"wp:attachment":[{"href":"https:\/\/boreait.com\/hr\/wp-json\/wp\/v2\/media?parent=25182"}],"wp:term":[{"taxonomy":"product_brand","embeddable":true,"href":"https:\/\/boreait.com\/hr\/wp-json\/wp\/v2\/product_brand?post=25182"},{"taxonomy":"product_cat","embeddable":true,"href":"https:\/\/boreait.com\/hr\/wp-json\/wp\/v2\/product_cat?post=25182"},{"taxonomy":"product_tag","embeddable":true,"href":"https:\/\/boreait.com\/hr\/wp-json\/wp\/v2\/product_tag?post=25182"}],"curies":[{"name":"wp","href":"https:\/\/api.w.org\/{rel}","templated":true}]}}