{"id":25181,"date":"2025-07-25T12:36:59","date_gmt":"2025-07-25T12:36:59","guid":{"rendered":"https:\/\/boreait.com\/hr\/?post_type=product&#038;p=25181"},"modified":"2026-01-30T07:30:35","modified_gmt":"2026-01-30T07:30:35","slug":"ibm-lenovo-thinkpad-t430s-t420s-laptop-hard-drive-connector-board-original-replacement","status":"publish","type":"product","link":"https:\/\/boreait.com\/hr\/product\/ibm-lenovo-thinkpad-t430s-t420s-laptop-hard-drive-connector-board-original-replacement\/","title":{"rendered":"IBM Lenovo ThinkPad T430S T420S Laptop Hard Drive Connector Board Original Replacement"},"content":{"rendered":"<p>Nadogradite svoje IBM Lenovo ThinkPad T430S ili T420S prijenosno ra\u010dunalo s originalnom IBM Lenovo ThinkPad T430S T420S plo\u010dom za konektor tvrdog diska prijenosnog ra\u010dunala. Izra\u0111en s precizno\u0161\u0107u i projektiran za kompatibilnost, ovaj originalni zamjenski dio dizajniran je za besprijekornu integraciju s va\u0161im ure\u0111ajem, osiguravaju\u0107i pouzdane performanse i povezivost.<\/p>\n<p>Ako imate problema s trenutnom plo\u010dom s konektorima tvrdog diska ili \u017eelite nadogradnju, ovaj originalni zamjenski dio je savr\u0161eno rje\u0161enje. Dizajnirana da zadovolji najvi\u0161e standarde kvalitete i kompatibilnosti, ova plo\u010da osigurava optimalnu povezanost i funkcionalnost za va\u0161e prijenosno ra\u010dunalo.<\/p>\n<p>S njegovim jednostavnim postupkom instalacije, mo\u017eete brzo zamijeniti postoje\u0107u konektorsku plo\u010du tvrdog diska i vratiti performanse prijenosnog ra\u010dunala. Uz to, uz originalnu IBM Lenovo kvalitetu, mo\u017eete vjerovati da \u0107e ovaj zamjenski dio pru\u017eiti dugotrajnu izdr\u017eljivost i pouzdanost.<\/p>\n<p>Ne dopustite da neispravna konektorska plo\u010da tvrdog diska uspori rad va\u0161eg prijenosnog ra\u010dunala. Nadogradite na originalnu IBM Lenovo ThinkPad T430S T420S konektorsku plo\u010du za tvrdi disk prijenosnog ra\u010dunala i do\u017eivite besprijekornu povezanost i funkcionalnost. Naru\u010dite svoje danas i u\u017eivajte u miru znaju\u0107i da je va\u0161e prijenosno ra\u010dunalo opremljeno originalnim zamjenskim dijelovima.<\/p>\n","protected":false},"excerpt":{"rendered":"<p>Zamijenite konektorsku plo\u010du tvrdog diska prijenosnog ra\u010dunala IBM Lenovo ThinkPad T430S ili T420S ovim originalnim zamjenskim dijelom. Dizajnirana za jednostavnu instalaciju i besprijekornu kompatibilnost, ova plo\u010da osigurava optimalnu povezanost i funkcionalnost za va\u0161 ure\u0111aj.<\/p>\n","protected":false},"featured_media":25237,"template":"","meta":[],"product_brand":[],"product_cat":[62],"product_tag":[61],"class_list":{"0":"post-25181","1":"product","2":"type-product","3":"status-publish","4":"has-post-thumbnail","6":"product_cat-motherboards-board-parts","7":"product_tag-lenovo","9":"first","10":"instock","11":"taxable","12":"shipping-taxable","13":"purchasable","14":"product-type-simple"},"_links":{"self":[{"href":"https:\/\/boreait.com\/hr\/wp-json\/wp\/v2\/product\/25181","targetHints":{"allow":["GET"]}}],"collection":[{"href":"https:\/\/boreait.com\/hr\/wp-json\/wp\/v2\/product"}],"about":[{"href":"https:\/\/boreait.com\/hr\/wp-json\/wp\/v2\/types\/product"}],"wp:featuredmedia":[{"embeddable":true,"href":"https:\/\/boreait.com\/hr\/wp-json\/wp\/v2\/media\/25237"}],"wp:attachment":[{"href":"https:\/\/boreait.com\/hr\/wp-json\/wp\/v2\/media?parent=25181"}],"wp:term":[{"taxonomy":"product_brand","embeddable":true,"href":"https:\/\/boreait.com\/hr\/wp-json\/wp\/v2\/product_brand?post=25181"},{"taxonomy":"product_cat","embeddable":true,"href":"https:\/\/boreait.com\/hr\/wp-json\/wp\/v2\/product_cat?post=25181"},{"taxonomy":"product_tag","embeddable":true,"href":"https:\/\/boreait.com\/hr\/wp-json\/wp\/v2\/product_tag?post=25181"}],"curies":[{"name":"wp","href":"https:\/\/api.w.org\/{rel}","templated":true}]}}