{"id":25179,"date":"2025-07-25T12:36:59","date_gmt":"2025-07-25T12:36:59","guid":{"rendered":"https:\/\/boreait.com\/hr\/?post_type=product&#038;p=25179"},"modified":"2026-01-30T07:30:00","modified_gmt":"2026-01-30T07:30:00","slug":"originalna-led-podkartica-za-prijenosno-racunalo-lenovo-thinkpad-t430s-t430si-04w3934-zamjenski-dio","status":"publish","type":"product","link":"https:\/\/boreait.com\/hr\/product\/originalna-led-podkartica-za-prijenosno-racunalo-lenovo-thinkpad-t430s-t430si-04w3934-zamjenski-dio\/","title":{"rendered":"Originalna LED podkartica za prijenosno ra\u010dunalo Lenovo ThinkPad T430S T430Si 04W3934 &#8211; zamjenski dio"},"content":{"rendered":"<p>O\u017eivite performanse va\u0161eg prijenosnog ra\u010dunala Lenovo ThinkPad T430S ili T430Si s originalnom LED podkarticom za prijenosno ra\u010dunalo Lenovo ThinkPad T430S T430Si 04W3934. Izra\u0111en prema najvi\u0161im standardima kvalitete i kompatibilnosti, ovaj originalni zamjenski dio dizajniran je za besprijekornu integraciju s va\u0161im ure\u0111ajem, osiguravaju\u0107i pouzdanu funkcionalnost i performanse.<\/p>\n<p>Sa originalnom Lenovo kvalitetom, ova zamjena LED podkartice idealno je rje\u0161enje za vra\u0107anje LED funkcionalnosti va\u0161eg prijenosnog ra\u010dunala u izvorno stanje. Bilo da imate problema s trenutnom LED podkarticom ili jednostavno \u017eelite nadogradnju, ovaj originalni zamjenski dio nudi jednostavno rje\u0161enje za popravke va\u0161eg prijenosnog ra\u010dunala.<\/p>\n<p>Projektirana za jednostavnu instalaciju, ova zamjena LED podkartice ne zahtijeva specijalizirane alate ili stru\u010dnost, \u0161to vam omogu\u0107uje da brzo i jednostavno vratite svoje prijenosno ra\u010dunalo na punu funkcionalnost. Uz njegovu izdr\u017eljivu konstrukciju i pouzdanu izvedbu, mo\u017eete vjerovati da \u0107e va\u0161 Lenovo ThinkPad T430S ili T430Si ponovno biti spreman za rad u tren oka.<\/p>\n<p>Iskusite razliku koju mogu napraviti originalni Lenovo dijelovi i osigurajte da va\u0161e prijenosno ra\u010dunalo nastavi raditi najbolje \u0161to mo\u017eete s originalnom LED podkarticom za prijenosno ra\u010dunalo Lenovo ThinkPad T430S T430Si 04W3934. Naru\u010dite svoje danas i s povjerenjem vratite funkcionalnost svog prijenosnog ra\u010dunala.<\/p>\n","protected":false},"excerpt":{"rendered":"<p>Vratite funkcionalnost LED podkartice prijenosnog ra\u010dunala Lenovo ThinkPad T430S ili T430Si s ovim originalnim zamjenskim dijelom. Dizajnirana za jednostavnu instalaciju, ova visokokvalitetna LED pomo\u0107na kartica osigurava optimalne performanse i kompatibilnost, \u0161to je \u010dini savr\u0161enim rje\u0161enjem za potrebe popravka va\u0161eg prijenosnog ra\u010dunala.<\/p>\n","protected":false},"featured_media":25234,"template":"","meta":[],"product_brand":[],"product_cat":[62],"product_tag":[61],"class_list":{"0":"post-25179","1":"product","2":"type-product","3":"status-publish","4":"has-post-thumbnail","6":"product_cat-motherboards-board-parts","7":"product_tag-lenovo","9":"first","10":"instock","11":"taxable","12":"shipping-taxable","13":"purchasable","14":"product-type-simple"},"_links":{"self":[{"href":"https:\/\/boreait.com\/hr\/wp-json\/wp\/v2\/product\/25179","targetHints":{"allow":["GET"]}}],"collection":[{"href":"https:\/\/boreait.com\/hr\/wp-json\/wp\/v2\/product"}],"about":[{"href":"https:\/\/boreait.com\/hr\/wp-json\/wp\/v2\/types\/product"}],"wp:featuredmedia":[{"embeddable":true,"href":"https:\/\/boreait.com\/hr\/wp-json\/wp\/v2\/media\/25234"}],"wp:attachment":[{"href":"https:\/\/boreait.com\/hr\/wp-json\/wp\/v2\/media?parent=25179"}],"wp:term":[{"taxonomy":"product_brand","embeddable":true,"href":"https:\/\/boreait.com\/hr\/wp-json\/wp\/v2\/product_brand?post=25179"},{"taxonomy":"product_cat","embeddable":true,"href":"https:\/\/boreait.com\/hr\/wp-json\/wp\/v2\/product_cat?post=25179"},{"taxonomy":"product_tag","embeddable":true,"href":"https:\/\/boreait.com\/hr\/wp-json\/wp\/v2\/product_tag?post=25179"}],"curies":[{"name":"wp","href":"https:\/\/api.w.org\/{rel}","templated":true}]}}