{"id":25178,"date":"2025-07-25T12:36:59","date_gmt":"2025-07-25T12:36:59","guid":{"rendered":"https:\/\/boreait.com\/hr\/?post_type=product&#038;p=25178"},"modified":"2025-07-25T12:37:50","modified_gmt":"2025-07-25T12:37:50","slug":"originalni-dijelovi-prijenosnog-racunala-lenovo-thinkpad-t430s-bluetooth-bezicni-prekidac-04w1700","status":"publish","type":"product","link":"https:\/\/boreait.com\/hr\/product\/originalni-dijelovi-prijenosnog-racunala-lenovo-thinkpad-t430s-bluetooth-bezicni-prekidac-04w1700\/","title":{"rendered":"Originalni dijelovi prijenosnog ra\u010dunala Lenovo ThinkPad T430s Bluetooth be\u017ei\u010dni prekida\u010d 04W1700"},"content":{"rendered":"<p>Pobolj\u0161ajte povezivost prijenosnog ra\u010dunala Lenovo ThinkPad T430s s originalnom Bluetooth be\u017ei\u010dnom preklopnom plo\u010dom Lenovo ThinkPad T430s 04W1700. Ovaj visokokvalitetni zamjenski dio posebno je dizajniran za ThinkPad T430s, osiguravaju\u0107i besprijekornu integraciju i pouzdan rad.<\/p>\n<p>Bez obzira na to imate li problema s trenutnom plo\u010dom be\u017ei\u010dnog prekida\u010da ili jednostavno trebate zamjenu, ovaj originalni Lenovo dio jam\u010di kompatibilnost i optimalnu funkcionalnost. 04W1700 Bluetooth be\u017ei\u010dna preklopna plo\u010da omogu\u0107uje vam da vratite Bluetooth i be\u017ei\u010dne mogu\u0107nosti va\u0161eg prijenosnog ra\u010dunala, omogu\u0107uju\u0107i vam povezivanje s raznim ure\u0111ajima bez napora.<\/p>\n<p>Izra\u0111ena da zadovolji rigorozne standarde tvrtke Lenovo, ova sklopna plo\u010da nudi izdr\u017eljivost i dugovje\u010dnost. Jednostavan je za instalaciju, \u0161to ga \u010dini rje\u0161enjem bez muke za popravke va\u0161eg prijenosnog ra\u010dunala. S ovim originalnim dijelom mo\u017eete biti sigurni da \u0107e va\u0161 Lenovo ThinkPad T430s brzo i u\u010dinkovito vratiti svoju be\u017ei\u010dnu funkcionalnost.<\/p>\n<p>Fotografije u popisu stvarne su fotografije dijelova koje \u0107ete dobiti, osiguravaju\u0107i da to\u010dno znate \u0161to mo\u017eete o\u010dekivati. Ako trebate dodatnu pomo\u0107, slobodno nam po\u0161aljite poruku.<\/p>\n<p>Naru\u010dite danas originalnu Lenovo ThinkPad T430s Bluetooth be\u017ei\u010dnu preklopnu plo\u010du 04W1700 i vratite be\u017ei\u010dnu vezu prijenosnog ra\u010dunala s lako\u0107om i pouzdanjem.<\/p>\n","protected":false},"excerpt":{"rendered":"<p>Osigurajte besprijekorno povezivanje s ovom originalnom Bluetooth be\u017ei\u010dnom preklopnom plo\u010dom Lenovo ThinkPad T430s 04W1700. Jednostavan za instalaciju i napravljen da traje, savr\u0161eno je rje\u0161enje za vra\u0107anje be\u017ei\u010dne funkcije va\u0161eg prijenosnog ra\u010dunala.<\/p>\n","protected":false},"featured_media":25233,"template":"","meta":[],"product_brand":[],"product_cat":[62],"product_tag":[61],"class_list":{"0":"post-25178","1":"product","2":"type-product","3":"status-publish","4":"has-post-thumbnail","6":"product_cat-motherboards-board-parts","7":"product_tag-lenovo","9":"first","10":"instock","11":"taxable","12":"shipping-taxable","13":"purchasable","14":"product-type-simple"},"_links":{"self":[{"href":"https:\/\/boreait.com\/hr\/wp-json\/wp\/v2\/product\/25178","targetHints":{"allow":["GET"]}}],"collection":[{"href":"https:\/\/boreait.com\/hr\/wp-json\/wp\/v2\/product"}],"about":[{"href":"https:\/\/boreait.com\/hr\/wp-json\/wp\/v2\/types\/product"}],"wp:featuredmedia":[{"embeddable":true,"href":"https:\/\/boreait.com\/hr\/wp-json\/wp\/v2\/media\/25233"}],"wp:attachment":[{"href":"https:\/\/boreait.com\/hr\/wp-json\/wp\/v2\/media?parent=25178"}],"wp:term":[{"taxonomy":"product_brand","embeddable":true,"href":"https:\/\/boreait.com\/hr\/wp-json\/wp\/v2\/product_brand?post=25178"},{"taxonomy":"product_cat","embeddable":true,"href":"https:\/\/boreait.com\/hr\/wp-json\/wp\/v2\/product_cat?post=25178"},{"taxonomy":"product_tag","embeddable":true,"href":"https:\/\/boreait.com\/hr\/wp-json\/wp\/v2\/product_tag?post=25178"}],"curies":[{"name":"wp","href":"https:\/\/api.w.org\/{rel}","templated":true}]}}