{"id":25177,"date":"2025-07-25T12:36:59","date_gmt":"2025-07-25T12:36:59","guid":{"rendered":"https:\/\/boreait.com\/hr\/?post_type=product&#038;p=25177"},"modified":"2026-01-30T07:29:45","modified_gmt":"2026-01-30T07:29:45","slug":"originalni-sklop-zvucnika-lenovo-thinkpad-t420s-23-40846-001-dijelovi-prijenosnog-racunala","status":"publish","type":"product","link":"https:\/\/boreait.com\/hr\/product\/originalni-sklop-zvucnika-lenovo-thinkpad-t420s-23-40846-001-dijelovi-prijenosnog-racunala\/","title":{"rendered":"Originalni sklop zvu\u010dnika Lenovo Thinkpad T420s 23.40846.001 dijelovi prijenosnog ra\u010dunala"},"content":{"rendered":"<p>Pobolj\u0161ajte svoje audio performanse Lenovo Thinkpad T420s s originalnim sklopom zvu\u010dnika Lenovo Thinkpad T420s 23.40846.001. Projektiran za preciznu kompatibilnost i iznimnu kvalitetu zvuka, ovaj zamjenski sklop zvu\u010dnika savr\u0161eno je rje\u0161enje za vra\u0107anje izvorne jasno\u0107e zvuka va\u0161eg prijenosnog ra\u010dunala.<\/p>\n<p>Proizveden kako bi zadovoljio stroge standarde kvalitete tvrtke Lenovo, ovaj sklop zvu\u010dnika osigurava besprijekornu integraciju s va\u0161im Thinkpad T420s. Bez obzira na to rade li va\u0161i trenutni zvu\u010dnici neispravno ili imate izobli\u010denja zvuka, ovaj originalni zamjenski dio pru\u017ea pouzdan i visokokvalitetan popravak.<\/p>\n<p>Instaliranje ovog sklopa zvu\u010dnika je jednostavno, \u0161to ga \u010dini jednostavnom opcijom za popravke va\u0161eg prijenosnog ra\u010dunala. Dizajniran za izdr\u017eljivost i vrhunske performanse, mo\u017eete vjerovati da \u0107e va\u0161 Lenovo Thinkpad T420s ponovno isporu\u010diti jasan i sna\u017ean zvuk.<\/p>\n<p>Do\u017eivite vrhunsku kvalitetu i pouzdanost originalnih Lenovo dijelova sa sklopom zvu\u010dnika Lenovo Thinkpad T420s 23.40846.001. Naru\u010dite sada da pomladite audio sustav svog prijenosnog ra\u010dunala i u\u017eivate u svojim omiljenim medijima s obnovljenom jasno\u0107om i glasno\u0107om.<\/p>\n","protected":false},"excerpt":{"rendered":"<p>Obnovite svoje audio iskustvo Lenovo Thinkpad T420s s ovim originalnim sklopom zvu\u010dnika 23.40846.001. Dizajniran za savr\u0161enu kompatibilnost i vrhunsku kvalitetu zvuka, ovaj zamjenski dio osigurava da zvu\u010dnici va\u0161eg prijenosnog ra\u010dunala rade kao novi.<\/p>\n","protected":false},"featured_media":25232,"template":"","meta":[],"product_brand":[],"product_cat":[53],"product_tag":[61],"class_list":{"0":"post-25177","1":"product","2":"type-product","3":"status-publish","4":"has-post-thumbnail","6":"product_cat-laptop-speakers","7":"product_tag-lenovo","9":"first","10":"instock","11":"taxable","12":"shipping-taxable","13":"purchasable","14":"product-type-simple"},"_links":{"self":[{"href":"https:\/\/boreait.com\/hr\/wp-json\/wp\/v2\/product\/25177","targetHints":{"allow":["GET"]}}],"collection":[{"href":"https:\/\/boreait.com\/hr\/wp-json\/wp\/v2\/product"}],"about":[{"href":"https:\/\/boreait.com\/hr\/wp-json\/wp\/v2\/types\/product"}],"wp:featuredmedia":[{"embeddable":true,"href":"https:\/\/boreait.com\/hr\/wp-json\/wp\/v2\/media\/25232"}],"wp:attachment":[{"href":"https:\/\/boreait.com\/hr\/wp-json\/wp\/v2\/media?parent=25177"}],"wp:term":[{"taxonomy":"product_brand","embeddable":true,"href":"https:\/\/boreait.com\/hr\/wp-json\/wp\/v2\/product_brand?post=25177"},{"taxonomy":"product_cat","embeddable":true,"href":"https:\/\/boreait.com\/hr\/wp-json\/wp\/v2\/product_cat?post=25177"},{"taxonomy":"product_tag","embeddable":true,"href":"https:\/\/boreait.com\/hr\/wp-json\/wp\/v2\/product_tag?post=25177"}],"curies":[{"name":"wp","href":"https:\/\/api.w.org\/{rel}","templated":true}]}}