{"id":25167,"date":"2025-07-25T12:36:36","date_gmt":"2025-07-25T12:36:36","guid":{"rendered":"https:\/\/boreait.com\/hr\/?post_type=product&#038;p=25167"},"modified":"2025-07-25T12:37:47","modified_gmt":"2025-07-25T12:37:47","slug":"sarke-lcd-zaslona-osovina-zaslona-za-lenovo-thinkpad-ibm-t420s-t420si-t430si-t430s-dijelovi-prijenosnog-racunala","status":"publish","type":"product","link":"https:\/\/boreait.com\/hr\/product\/sarke-lcd-zaslona-osovina-zaslona-za-lenovo-thinkpad-ibm-t420s-t420si-t430si-t430s-dijelovi-prijenosnog-racunala\/","title":{"rendered":"\u0160arke LCD zaslona Osovina zaslona za Lenovo ThinkPad IBM T420S T420SI T430SI T430S dijelovi prijenosnog ra\u010dunala"},"content":{"rendered":"<p>Osigurajte dugovje\u010dnost i glatki rad va\u0161eg Lenovo ThinkPad IBM T420S, T420SI, T430SI ili T430S s na\u0161im visokokvalitetnim \u0161arkama LCD zaslona i osovinom zaslona. Posebno dizajnirani za ove modele, ovi zamjenski dijelovi pru\u017eaju besprijekorno pristajanje i pouzdan rad.<\/p>\n<p>Bez obzira jesu li \u0161arke zaslona va\u0161eg prijenosnog ra\u010dunala istro\u0161ene ili o\u0161te\u0107ene, na\u0161i \u0107e originalni zamjenski dijelovi vratiti funkcionalnost va\u0161eg prijenosnog ra\u010dunala i odr\u017eati njegov strukturni integritet. Izra\u0111ene od izdr\u017eljivih materijala, ove \u0161arke i osovina izra\u0111eni su da izdr\u017ee svakodnevnu upotrebu, osiguravaju\u0107i glatko otvaranje i zatvaranje va\u0161eg zaslona.<\/p>\n<p>Klju\u010dne zna\u010dajke:<\/p>\n<p>&#8211; Kompatibilan s Lenovo ThinkPad IBM T420S, T420SI, T430SI i T430S<\/p>\n<p>&#8211; Izdr\u017eljiva konstrukcija za dugotrajne performanse<\/p>\n<p>&#8211; Lako se postavlja, pru\u017ea rje\u0161enje za popravak bez muke<\/p>\n<p>&#8211; Osigurava gladak i stabilan rad zaslona<\/p>\n<p>Na Siggmo.com prioritet dajemo kvaliteti i zadovoljstvu kupaca. Svaki set \u0161arki i vratila pa\u017eljivo je pregledan kako bi zadovoljio na\u0161e stroge standarde, jam\u010de\u0107i da \u0107ete dobiti proizvod kojem mo\u017eete vjerovati. Ako trebate dodatnu pomo\u0107, slobodno nam po\u0161aljite poruku &#8211; na\u0161 predani tim za podr\u0161ku je tu da vam pomogne.<\/p>\n<p>Nadogradite svoje prijenosno ra\u010dunalo s povjerenjem odabirom na\u0161ih \u0161arki LCD zaslona i osovine zaslona za Lenovo ThinkPad IBM T420S, T420SI, T430SI i T430S. Naru\u010dite sada i do\u017eivite razliku u kvaliteti i performansama koje mogu ponuditi originalni dijelovi za prijenosna ra\u010dunala.<\/p>\n","protected":false},"excerpt":{"rendered":"<p>Vratite funkcionalnost svom Lenovo ThinkPad T420S, T420SI, T430SI ili T430S pomo\u0107u ovih izdr\u017eljivih \u0161arki LCD zaslona i osovine zaslona. Dizajnirani za savr\u0161eno pristajanje, ovi zamjenski dijelovi osiguravaju nesmetan rad i dugotrajnu izvedbu.<\/p>\n","protected":false},"featured_media":25231,"template":"","meta":[],"product_brand":[],"product_cat":[54],"product_tag":[61],"class_list":{"0":"post-25167","1":"product","2":"type-product","3":"status-publish","4":"has-post-thumbnail","6":"product_cat-screen-hinge","7":"product_tag-lenovo","9":"first","10":"instock","11":"taxable","12":"shipping-taxable","13":"purchasable","14":"product-type-simple"},"_links":{"self":[{"href":"https:\/\/boreait.com\/hr\/wp-json\/wp\/v2\/product\/25167","targetHints":{"allow":["GET"]}}],"collection":[{"href":"https:\/\/boreait.com\/hr\/wp-json\/wp\/v2\/product"}],"about":[{"href":"https:\/\/boreait.com\/hr\/wp-json\/wp\/v2\/types\/product"}],"wp:featuredmedia":[{"embeddable":true,"href":"https:\/\/boreait.com\/hr\/wp-json\/wp\/v2\/media\/25231"}],"wp:attachment":[{"href":"https:\/\/boreait.com\/hr\/wp-json\/wp\/v2\/media?parent=25167"}],"wp:term":[{"taxonomy":"product_brand","embeddable":true,"href":"https:\/\/boreait.com\/hr\/wp-json\/wp\/v2\/product_brand?post=25167"},{"taxonomy":"product_cat","embeddable":true,"href":"https:\/\/boreait.com\/hr\/wp-json\/wp\/v2\/product_cat?post=25167"},{"taxonomy":"product_tag","embeddable":true,"href":"https:\/\/boreait.com\/hr\/wp-json\/wp\/v2\/product_tag?post=25167"}],"curies":[{"name":"wp","href":"https:\/\/api.w.org\/{rel}","templated":true}]}}