{"id":25166,"date":"2025-07-25T12:36:36","date_gmt":"2025-07-25T12:36:36","guid":{"rendered":"https:\/\/boreait.com\/hr\/?post_type=product&#038;p=25166"},"modified":"2026-01-30T07:29:30","modified_gmt":"2026-01-30T07:29:30","slug":"60y9991-touchpad-tipke-za-klik-tipke-za-lenovo-thinkpad-t420-t420i-t430-t430i-t420s-t420si-t430s-t430si-dijelovi-prijenosnog-racunala","status":"publish","type":"product","link":"https:\/\/boreait.com\/hr\/product\/60y9991-touchpad-tipke-za-klik-tipke-za-lenovo-thinkpad-t420-t420i-t430-t430i-t420s-t420si-t430s-t430si-dijelovi-prijenosnog-racunala\/","title":{"rendered":"60Y9991 Touchpad Tipke za klik tipke za Lenovo Thinkpad T420 T420i T430 T430i T420S T420Si T430S T430Si dijelovi prijenosnog ra\u010dunala"},"content":{"rendered":"<p>Nadogradite svoj Lenovo ThinkPad T420, T420i, T430, T430i, T420S, T420Si, T430S ili T430Si s originalnim 60Y9991 Touchpadom Tipke za klikanje. Projektiran za savr\u0161enu kompatibilnost i izvedbu, ovaj zamjenski dio vra\u0107a odzivnost i to\u010dnost va\u0161eg touchpada, osiguravaju\u0107i glatko i u\u010dinkovito korisni\u010dko iskustvo.<\/p>\n<p>Ova visokokvalitetna tipka tipki na dodirnoj podlozi izra\u0111ena je da zadovolji stroge standarde Lenova, nude\u0107i izdr\u017eljivost i pouzdanost u koju mo\u017eete vjerovati. Bez obzira je li va\u0161a trenutna tipka istro\u0161ena, ne reagira ili o\u0161te\u0107ena, ova originalna zamjena osigurava da \u0107e va\u0161e prijenosno ra\u010dunalo raditi najbolje.<\/p>\n<p>Dizajniran za jednostavnu instalaciju, 60Y9991 tipka za klikanje dodirne podloge omogu\u0107uje vam brzo i jednostavno vra\u0107anje funkcionalnosti dodirne podloge prijenosnog ra\u010dunala. Svaki je gumb rigorozno testiran kako bi se zajam\u010dila besprijekorna izvedba, \u0161to ga \u010dini idealnim izborom i za profesionalne popravke i za entuzijaste &#8220;uradi sam&#8221;.<\/p>\n<p>Klju\u010dne zna\u010dajke:<\/p>\n<p>&#8211; Originalni Lenovo broj dijela 60Y9991<\/p>\n<p>&#8211; Kompatibilno s modelima Lenovo ThinkPad: T420, T420i, T430, T430i, T420S, T420Si, T430S i T430Si<\/p>\n<p>&#8211; Osigurava precizan i odgovaraju\u0107i klik<\/p>\n<p>&#8211; Izdr\u017eljiva i pouzdana konstrukcija<\/p>\n<p>&#8211; Jednostavan za instalaciju<\/p>\n<p>Naru\u010dite 60Y9991 Touchpad Click Keys Button danas kako biste pobolj\u0161ali performanse svog Lenovo ThinkPada i zadr\u017eali njegove standarde visoke kvalitete. Ako trebate dodatnu pomo\u0107, slobodno nam se obratite za stru\u010dnu podr\u0161ku i smjernice.<\/p>\n","protected":false},"excerpt":{"rendered":"<p>Zamijenite svoj istro\u0161eni gumb s tipkama na dodirnoj podlozi s originalnim 60Y9991 za Lenovo ThinkPad T420, T420i, T430, T430i, T420S, T420Si, T430S i T430Si. Osigurajte precizan i brz odgovor s ovim visokokvalitetnim zamjenskim dijelom.<\/p>\n","protected":false},"featured_media":25230,"template":"","meta":[],"product_brand":[],"product_cat":[62],"product_tag":[61],"class_list":{"0":"post-25166","1":"product","2":"type-product","3":"status-publish","4":"has-post-thumbnail","6":"product_cat-motherboards-board-parts","7":"product_tag-lenovo","9":"first","10":"instock","11":"taxable","12":"shipping-taxable","13":"purchasable","14":"product-type-simple"},"_links":{"self":[{"href":"https:\/\/boreait.com\/hr\/wp-json\/wp\/v2\/product\/25166","targetHints":{"allow":["GET"]}}],"collection":[{"href":"https:\/\/boreait.com\/hr\/wp-json\/wp\/v2\/product"}],"about":[{"href":"https:\/\/boreait.com\/hr\/wp-json\/wp\/v2\/types\/product"}],"wp:featuredmedia":[{"embeddable":true,"href":"https:\/\/boreait.com\/hr\/wp-json\/wp\/v2\/media\/25230"}],"wp:attachment":[{"href":"https:\/\/boreait.com\/hr\/wp-json\/wp\/v2\/media?parent=25166"}],"wp:term":[{"taxonomy":"product_brand","embeddable":true,"href":"https:\/\/boreait.com\/hr\/wp-json\/wp\/v2\/product_brand?post=25166"},{"taxonomy":"product_cat","embeddable":true,"href":"https:\/\/boreait.com\/hr\/wp-json\/wp\/v2\/product_cat?post=25166"},{"taxonomy":"product_tag","embeddable":true,"href":"https:\/\/boreait.com\/hr\/wp-json\/wp\/v2\/product_tag?post=25166"}],"curies":[{"name":"wp","href":"https:\/\/api.w.org\/{rel}","templated":true}]}}