{"id":25165,"date":"2025-07-25T12:36:36","date_gmt":"2025-07-25T12:36:36","guid":{"rendered":"https:\/\/boreait.com\/hr\/?post_type=product&#038;p=25165"},"modified":"2025-07-25T12:37:45","modified_gmt":"2025-07-25T12:37:45","slug":"originalni-lenovo-thinkpad-t410s-cpu-ventilator-w-heatsink-e233037-dijelovi-prijenosnog-racunala","status":"publish","type":"product","link":"https:\/\/boreait.com\/hr\/product\/originalni-lenovo-thinkpad-t410s-cpu-ventilator-w-heatsink-e233037-dijelovi-prijenosnog-racunala\/","title":{"rendered":"Originalni Lenovo ThinkPad T410s CPU VENTILATOR W\/Heatsink E233037 dijelovi prijenosnog ra\u010dunala"},"content":{"rendered":"<p>Osigurajte da va\u0161 Lenovo ThinkPad T410s ostane hladan i u\u010dinkovit s originalnim Lenovo ThinkPad T410s CPU VENTILATOROM W\/Heatsink E233037. Ovaj visokokvalitetni zamjenski dio posebno je dizajniran za optimalnu disipaciju topline i odr\u017eavanje performansi i dugovje\u010dnosti va\u0161eg prijenosnog ra\u010dunala.<\/p>\n<p>Sadr\u017ei originalni Lenovo ventilator i rashladni element, ovaj zamjenski dio izra\u0111en je kako bi zadovoljio to\u010dne specifikacije va\u0161eg ThinkPad T410s, osiguravaju\u0107i savr\u0161eno pristajanje i pouzdan rad. Bilo da imate problema s pregrijavanjem ili jednostavno trebate zamjenu za istro\u0161eni ventilator, ovaj CPU ventilator s hladnjakom idealno je rje\u0161enje.<\/p>\n<p>Instalacija je jednostavna, \u0161to vam omogu\u0107uje brzu i jednostavnu zamjenu postoje\u0107eg ventilatora i hladnjaka. Izdr\u017eljiva konstrukcija osigurava dugotrajnu izvedbu, odr\u017eavaju\u0107i va\u0161e prijenosno ra\u010dunalo hladnim \u010dak i pod intenzivnom uporabom. S ovim originalnim Lenovo dijelom mo\u017eete vjerovati da \u0107e va\u0161 ThinkPad T410s nastaviti raditi glatko i u\u010dinkovito.<\/p>\n<p>Nemojte kompromitirati kvalitetu kada je u pitanju rashladni sustav va\u0161eg prijenosnog ra\u010dunala. Investirajte u originalni Lenovo ThinkPad T410s CPU FAN W\/Heatsink E233037 i u\u017eivajte u bezbri\u017enosti koju donosi spoznaja da je va\u0161 ure\u0111aj za\u0161ti\u0107en od pregrijavanja. Naru\u010dite svoj danas i neka va\u0161 Lenovo ThinkPad T410s radi najbolje.<\/p>\n","protected":false},"excerpt":{"rendered":"<p>Neka va\u0161 Lenovo ThinkPad T410s radi hladan uz ovaj originalni CPU ventilator s hladnjakom. Dizajniran za optimalnu disipaciju topline i u\u010dinkovito hla\u0111enje, ovaj visokokvalitetni zamjenski dio osigurava nesmetan i pouzdan rad va\u0161eg prijenosnog ra\u010dunala.<\/p>\n","protected":false},"featured_media":25228,"template":"","meta":[],"product_brand":[],"product_cat":[68],"product_tag":[61],"class_list":{"0":"post-25165","1":"product","2":"type-product","3":"status-publish","4":"has-post-thumbnail","6":"product_cat-cpu-fans-heatsinks","7":"product_tag-lenovo","9":"first","10":"instock","11":"taxable","12":"shipping-taxable","13":"purchasable","14":"product-type-simple"},"_links":{"self":[{"href":"https:\/\/boreait.com\/hr\/wp-json\/wp\/v2\/product\/25165","targetHints":{"allow":["GET"]}}],"collection":[{"href":"https:\/\/boreait.com\/hr\/wp-json\/wp\/v2\/product"}],"about":[{"href":"https:\/\/boreait.com\/hr\/wp-json\/wp\/v2\/types\/product"}],"wp:featuredmedia":[{"embeddable":true,"href":"https:\/\/boreait.com\/hr\/wp-json\/wp\/v2\/media\/25228"}],"wp:attachment":[{"href":"https:\/\/boreait.com\/hr\/wp-json\/wp\/v2\/media?parent=25165"}],"wp:term":[{"taxonomy":"product_brand","embeddable":true,"href":"https:\/\/boreait.com\/hr\/wp-json\/wp\/v2\/product_brand?post=25165"},{"taxonomy":"product_cat","embeddable":true,"href":"https:\/\/boreait.com\/hr\/wp-json\/wp\/v2\/product_cat?post=25165"},{"taxonomy":"product_tag","embeddable":true,"href":"https:\/\/boreait.com\/hr\/wp-json\/wp\/v2\/product_tag?post=25165"}],"curies":[{"name":"wp","href":"https:\/\/api.w.org\/{rel}","templated":true}]}}