{"id":25164,"date":"2025-07-25T12:36:36","date_gmt":"2025-07-25T12:36:36","guid":{"rendered":"https:\/\/boreait.com\/hr\/?post_type=product&#038;p=25164"},"modified":"2026-01-30T07:29:15","modified_gmt":"2026-01-30T07:29:15","slug":"originalni-lenovo-thinkpad-t430s-t430si-t420si-t420s-lcd-video-kabel-04w1686-dijelovi-prijenosnog-racunala","status":"publish","type":"product","link":"https:\/\/boreait.com\/hr\/product\/originalni-lenovo-thinkpad-t430s-t430si-t420si-t420s-lcd-video-kabel-04w1686-dijelovi-prijenosnog-racunala\/","title":{"rendered":"ORIGINALNI LENOVO THINKPAD T430S T430Si T420Si T420S LCD VIDEO KABEL 04W1686 Dijelovi prijenosnog ra\u010dunala"},"content":{"rendered":"<p>Vratite performanse zaslona va\u0161eg Lenovo ThinkPada s originalnim Lenovo ThinkPad T430S T430Si T420Si T420S LCD VIDEO KABELOM 04W1686. Dizajniran za preciznu kompatibilnost i optimalnu funkcionalnost, ovaj visokokvalitetni zamjenski video kabel osigurava da zaslon va\u0161eg prijenosnog ra\u010dunala radi besprijekorno.<\/p>\n<p>Bez obzira imate li problema sa zaslonom ili jednostavno nadogra\u0111ujete prijenosno ra\u010dunalo, ovaj originalni Lenovo dio nudi pouzdanost i performanse koje trebate. Projektiran da zadovolji najvi\u0161e standarde, ovaj kabel osigurava jasan i neprekinut video izlaz, odr\u017eavaju\u0107i integritet zaslona va\u0161eg ThinkPada.<\/p>\n<p>Instalacija ovog LCD video kabela je jednostavna, \u0161to ga \u010dini savr\u0161enim rje\u0161enjem i za ljubitelje \u201euradi sam\u201c i za profesionalne tehni\u010dare. Njegova izdr\u017eljiva konstrukcija jam\u010di dugotrajne performanse, tako da mo\u017eete vjerovati da \u0107e zaslon va\u0161eg prijenosnog ra\u010dunala ostati u vrhunskom stanju.<\/p>\n<p>Iskusite kvalitetu i pouzdanost originalnih Lenovo dijelova uz Lenovo ThinkPad T430S T430Si T420Si T420S LCD VIDEO KABEL 04W1686. Pobrinite se da zaslon va\u0161eg prijenosnog ra\u010dunala savr\u0161eno funkcionira odabirom ovog autenti\u010dnog zamjenskog dijela. Naru\u010dite sada i u\u017eivajte u besprijekornom vizualnom iskustvu na svom Lenovo ThinkPadu.<\/p>\n","protected":false},"excerpt":{"rendered":"<p>Zamijenite svoj o\u0161te\u0107eni ili neispravan LCD video kabel ovim originalnim Lenovo ThinkPad T430S, T430Si, T420Si i T420S kabelom. Osigurajte jasne, neprekinute performanse zaslona s ovim visokokvalitetnim zamjenskim dijelom koji se lako postavlja.<\/p>\n","protected":false},"featured_media":25217,"template":"","meta":[],"product_brand":[],"product_cat":[55],"product_tag":[61],"class_list":{"0":"post-25164","1":"product","2":"type-product","3":"status-publish","4":"has-post-thumbnail","6":"product_cat-cables","7":"product_tag-lenovo","9":"first","10":"instock","11":"taxable","12":"shipping-taxable","13":"purchasable","14":"product-type-simple"},"_links":{"self":[{"href":"https:\/\/boreait.com\/hr\/wp-json\/wp\/v2\/product\/25164","targetHints":{"allow":["GET"]}}],"collection":[{"href":"https:\/\/boreait.com\/hr\/wp-json\/wp\/v2\/product"}],"about":[{"href":"https:\/\/boreait.com\/hr\/wp-json\/wp\/v2\/types\/product"}],"wp:featuredmedia":[{"embeddable":true,"href":"https:\/\/boreait.com\/hr\/wp-json\/wp\/v2\/media\/25217"}],"wp:attachment":[{"href":"https:\/\/boreait.com\/hr\/wp-json\/wp\/v2\/media?parent=25164"}],"wp:term":[{"taxonomy":"product_brand","embeddable":true,"href":"https:\/\/boreait.com\/hr\/wp-json\/wp\/v2\/product_brand?post=25164"},{"taxonomy":"product_cat","embeddable":true,"href":"https:\/\/boreait.com\/hr\/wp-json\/wp\/v2\/product_cat?post=25164"},{"taxonomy":"product_tag","embeddable":true,"href":"https:\/\/boreait.com\/hr\/wp-json\/wp\/v2\/product_tag?post=25164"}],"curies":[{"name":"wp","href":"https:\/\/api.w.org\/{rel}","templated":true}]}}