{"id":25162,"date":"2025-07-25T12:36:36","date_gmt":"2025-07-25T12:36:36","guid":{"rendered":"https:\/\/boreait.com\/hr\/?post_type=product&#038;p=25162"},"modified":"2026-01-30T07:18:31","modified_gmt":"2026-01-30T07:18:31","slug":"originalna-ploca-lenovo-thinkpad-t530-t530i-wwan-mobilne-sirokopojasne-kartice-04w3786-2","status":"publish","type":"product","link":"https:\/\/boreait.com\/hr\/product\/originalna-ploca-lenovo-thinkpad-t530-t530i-wwan-mobilne-sirokopojasne-kartice-04w3786-2\/","title":{"rendered":"Originalna plo\u010da Lenovo Thinkpad T530 T530i WWAN mobilne \u0161irokopojasne kartice 04W3786"},"content":{"rendered":"<p>Pobolj\u0161ajte povezivost svog prijenosnog ra\u010dunala Lenovo Thinkpad T530 T530i s originalnom WWAN plo\u010dom za mobilnu \u0161irokopojasnu karticu, broj dijela 04W3786. Dizajniran za besprijekornu kompatibilnost i pouzdanu izvedbu, ovaj autenti\u010dni zamjenski dio osigurava jednostavnu instalaciju i pobolj\u0161ane mogu\u0107nosti mobilne \u0161irokopojasne veze.<\/p>\n<p>Klju\u010dne zna\u010dajke:<\/p>\n<p>&#8211; Originalna Lenovo zamjena: Osigurajte kompatibilnost i pouzdanost s autenti\u010dnim zamjenskim dijelom.<\/p>\n<p>&#8211; Jednostavna instalacija: Nadogradite povezivost svog ure\u0111aja bez napora jednostavnom instalacijom.<\/p>\n<p>&#8211; Pobolj\u0161ane mogu\u0107nosti mobilne \u0161irokopojasne veze: pobolj\u0161ajte mogu\u0107nosti mobilne \u0161irokopojasne veze va\u0161eg prijenosnog ra\u010dunala za pobolj\u0161anu produktivnost u pokretu.<\/p>\n<p>&#8211; Izdr\u017eljiva konstrukcija: Napravljena da traje, osigurava dugovje\u010dnost i pouzdanost.<\/p>\n<p>Nadogradite svoje prijenosno ra\u010dunalo Lenovo Thinkpad T530 T530i danas originalnom WWAN plo\u010dom za mobilnu \u0161irokopojasnu karticu. Kupujte s povjerenjem, znaju\u0107i da ula\u017eete u kvalitetan zamjenski dio za svoj ure\u0111aj. Ako imate bilo kakvih pitanja ili trebate pomo\u0107, slobodno nas kontaktirajte. Ovdje smo da vam pomognemo pobolj\u0161ati povezivost va\u0161eg ure\u0111aja.<\/p>\n","protected":false},"excerpt":{"rendered":"<p>Pobolj\u0161ajte povezivost va\u0161eg Lenovo Thinkpada T530 T530i s ovom originalnom plo\u010dom za mobilnu \u0161irokopojasnu WWAN karticu. Jednostavan za instalaciju i kompatibilan s brojem dijela 04W3786. Nadogradite \u0161irokopojasne mogu\u0107nosti svog ure\u0111aja ve\u0107 danas!<\/p>\n","protected":false},"featured_media":25215,"template":"","meta":[],"product_brand":[],"product_cat":[62],"product_tag":[61],"class_list":{"0":"post-25162","1":"product","2":"type-product","3":"status-publish","4":"has-post-thumbnail","6":"product_cat-motherboards-board-parts","7":"product_tag-lenovo","9":"first","10":"instock","11":"taxable","12":"shipping-taxable","13":"purchasable","14":"product-type-simple"},"_links":{"self":[{"href":"https:\/\/boreait.com\/hr\/wp-json\/wp\/v2\/product\/25162","targetHints":{"allow":["GET"]}}],"collection":[{"href":"https:\/\/boreait.com\/hr\/wp-json\/wp\/v2\/product"}],"about":[{"href":"https:\/\/boreait.com\/hr\/wp-json\/wp\/v2\/types\/product"}],"wp:featuredmedia":[{"embeddable":true,"href":"https:\/\/boreait.com\/hr\/wp-json\/wp\/v2\/media\/25215"}],"wp:attachment":[{"href":"https:\/\/boreait.com\/hr\/wp-json\/wp\/v2\/media?parent=25162"}],"wp:term":[{"taxonomy":"product_brand","embeddable":true,"href":"https:\/\/boreait.com\/hr\/wp-json\/wp\/v2\/product_brand?post=25162"},{"taxonomy":"product_cat","embeddable":true,"href":"https:\/\/boreait.com\/hr\/wp-json\/wp\/v2\/product_cat?post=25162"},{"taxonomy":"product_tag","embeddable":true,"href":"https:\/\/boreait.com\/hr\/wp-json\/wp\/v2\/product_tag?post=25162"}],"curies":[{"name":"wp","href":"https:\/\/api.w.org\/{rel}","templated":true}]}}