{"id":25160,"date":"2025-07-25T12:36:36","date_gmt":"2025-07-25T12:36:36","guid":{"rendered":"https:\/\/boreait.com\/hr\/?post_type=product&#038;p=25160"},"modified":"2026-01-30T07:18:16","modified_gmt":"2026-01-30T07:18:16","slug":"originalni-lenovo-thinkpad-t430si-t430s-t420si-t420s-lcd-kabel-kamere-50-4kf05-001-04w1685-dijelovi-prijenosnog-racunala","status":"publish","type":"product","link":"https:\/\/boreait.com\/hr\/product\/originalni-lenovo-thinkpad-t430si-t430s-t420si-t420s-lcd-kabel-kamere-50-4kf05-001-04w1685-dijelovi-prijenosnog-racunala\/","title":{"rendered":"Originalni Lenovo ThinkPad T430SI T430S T420si T420S LCD kabel kamere 50.4KF05.001 04W1685 Dijelovi prijenosnog ra\u010dunala"},"content":{"rendered":"<p>fPobolj\u0161ajte funkcionalnost svog Lenovo ThinkPad T430SI, T430S, T420si ili T420S s originalnim Lenovo ThinkPad T430SI T430S T420si T420S LCD kabelom za kameru 50.4KF05.001 04W1685. Ovaj zamjenski kabel vrhunske kvalitete dizajniran je za besprijekornu integraciju, osiguravaju\u0107i da kamera va\u0161eg prijenosnog ra\u010dunala opet savr\u0161eno radi.<\/p>\n<p>Ovaj originalni kabel za LCD kameru Lenovo idealno je rje\u0161enje za one koji imaju problema sa svojim trenutnim kabelom ili tra\u017ee pouzdanu zamjenu. Izra\u0111en prema najvi\u0161im standardima kvalitete i kompatibilnosti, osigurava da kamera va\u0161eg prijenosnog ra\u010dunala radi s optimalnim performansama i pouzdano\u0161\u0107u.<\/p>\n<p>Instalacija je jednostavna i bez muke, \u0161to olak\u0161ava vra\u0107anje prijenosnog ra\u010dunala u najbolje stanje. Sa svojom robusnom konstrukcijom, ovaj kabel LCD kamere jam\u010di izdr\u017eljivost i dugotrajnu upotrebu, daju\u0107i vam bezbri\u017enost prilikom popravka.<\/p>\n<p>Odaberite originalni kabel za LCD kameru Lenovo ThinkPad T430SI T430S T420si T420S 50.4KF05.001 04W1685 kako biste svom prijenosnom ra\u010dunalu vratili punu funkcionalnost. Bilo da trebate zamijeniti neispravan kabel ili nadograditi postoje\u0107i, ovaj originalni dio nudi savr\u0161eno rje\u0161enje. Naru\u010dite sada i osigurajte da va\u0161 Lenovo ThinkPad nastavi raditi na najvi\u0161oj razini.<\/p>\n","protected":false},"excerpt":{"rendered":"<p>Vratite svoj Lenovo ThinkPad T430SI, T430S, T420si ili T420S pomo\u0107u ovog originalnog kabela LCD kamere. Ovaj visokokvalitetni zamjenski dio osigurava pouzdan rad i jednostavnu instalaciju, savr\u0161en za potrebe popravka va\u0161eg prijenosnog ra\u010dunala.<\/p>\n","protected":false},"featured_media":25213,"template":"","meta":[],"product_brand":[],"product_cat":[55],"product_tag":[61],"class_list":{"0":"post-25160","1":"product","2":"type-product","3":"status-publish","4":"has-post-thumbnail","6":"product_cat-cables","7":"product_tag-lenovo","9":"first","10":"instock","11":"taxable","12":"shipping-taxable","13":"purchasable","14":"product-type-simple"},"_links":{"self":[{"href":"https:\/\/boreait.com\/hr\/wp-json\/wp\/v2\/product\/25160","targetHints":{"allow":["GET"]}}],"collection":[{"href":"https:\/\/boreait.com\/hr\/wp-json\/wp\/v2\/product"}],"about":[{"href":"https:\/\/boreait.com\/hr\/wp-json\/wp\/v2\/types\/product"}],"wp:featuredmedia":[{"embeddable":true,"href":"https:\/\/boreait.com\/hr\/wp-json\/wp\/v2\/media\/25213"}],"wp:attachment":[{"href":"https:\/\/boreait.com\/hr\/wp-json\/wp\/v2\/media?parent=25160"}],"wp:term":[{"taxonomy":"product_brand","embeddable":true,"href":"https:\/\/boreait.com\/hr\/wp-json\/wp\/v2\/product_brand?post=25160"},{"taxonomy":"product_cat","embeddable":true,"href":"https:\/\/boreait.com\/hr\/wp-json\/wp\/v2\/product_cat?post=25160"},{"taxonomy":"product_tag","embeddable":true,"href":"https:\/\/boreait.com\/hr\/wp-json\/wp\/v2\/product_tag?post=25160"}],"curies":[{"name":"wp","href":"https:\/\/api.w.org\/{rel}","templated":true}]}}