{"id":25159,"date":"2025-07-25T12:36:36","date_gmt":"2025-07-25T12:36:36","guid":{"rendered":"https:\/\/boreait.com\/hr\/?post_type=product&#038;p=25159"},"modified":"2025-07-25T12:37:35","modified_gmt":"2025-07-25T12:37:35","slug":"originalni-lenovo-thinkpad-x1-citac-otiska-prsta-bd-55-4qe03-011-48-4qe18-011-dijelovi-prijenosnog-racunala","status":"publish","type":"product","link":"https:\/\/boreait.com\/hr\/product\/originalni-lenovo-thinkpad-x1-citac-otiska-prsta-bd-55-4qe03-011-48-4qe18-011-dijelovi-prijenosnog-racunala\/","title":{"rendered":"Originalni Lenovo ThinkPad X1 \u010dita\u010d otiska prsta BD 55.4QE03.011 48.4QE18.011 dijelovi prijenosnog ra\u010dunala"},"content":{"rendered":"<p>Pobolj\u0161ajte sigurnost i funkcionalnost va\u0161eg Lenovo ThinkPad X1 s originalnim Lenovo ThinkPad X1 \u010dita\u010dem otiska prsta BD 55.4QE03.011 48.4QE18.011. Projektirana za preciznost i kompatibilnost, ova zamjena za plo\u010du \u010dita\u010da otiska prsta izra\u0111ena je za besprijekornu integraciju s va\u0161im ure\u0111ajem, pru\u017eaju\u0107i pouzdano i to\u010dno prepoznavanje otiska prsta za pobolj\u0161anu sigurnost.<\/p>\n<p>Sa originalnom Lenovo kvalitetom, ova plo\u010da \u010dita\u010da otiska prsta savr\u0161eno je rje\u0161enje za vra\u0107anje funkcije skeniranja otiska prsta va\u0161eg prijenosnog ra\u010dunala u izvorno stanje. Bilo da mijenjate neispravan \u010dita\u010d ili nadogra\u0111ujete kako biste iskoristili prednosti naprednih sigurnosnih zna\u010dajki, ovaj originalni zamjenski dio dizajniran je da zadovolji najvi\u0161e standarde kvalitete i performansi.<\/p>\n<p>Instalacija je brza i jednostavna, \u0161to vam omogu\u0107uje da u tren oka u\u017eivate u prednostima pobolj\u0161ane sigurnosti i prakti\u010dnosti. Uz njegovu izdr\u017eljivu konstrukciju i pouzdane performanse, mo\u017eete vjerovati da \u0107e va\u0161 Lenovo ThinkPad X1 biti za\u0161ti\u0107en od neovla\u0161tenog pristupa i spreman za kori\u0161tenje kad god vam zatreba.<\/p>\n<p>Iskusite razliku koju mogu u\u010diniti originalni Lenovo dijelovi i osigurajte da va\u0161e prijenosno ra\u010dunalo nastavi pru\u017eati pouzdanu sigurnost i performanse s originalnim Lenovo ThinkPad X1 \u010dita\u010dem otiska prsta BD 55.4QE03.011 48.4QE18.011. Naru\u010dite svoj danas i u\u017eivajte u miru znaju\u0107i da je va\u0161 ure\u0111aj za\u0161ti\u0107en.<\/p>\n","protected":false},"excerpt":{"rendered":"<p>Vratite sigurnost i prakti\u010dnost svom Lenovo ThinkPad X1 s ovom originalnom plo\u010dom za \u010ditanje otiska prsta. Dizajnirana za besprijekornu integraciju, ova visokokvalitetna zamjena osigurava to\u010dno prepoznavanje otiska prsta i jednostavan pristup va\u0161em ure\u0111aju. Nadogradite svoje prijenosno ra\u010dunalo danas!<\/p>\n","protected":false},"featured_media":25212,"template":"","meta":[],"product_brand":[],"product_cat":[62],"product_tag":[61],"class_list":{"0":"post-25159","1":"product","2":"type-product","3":"status-publish","4":"has-post-thumbnail","6":"product_cat-motherboards-board-parts","7":"product_tag-lenovo","9":"first","10":"instock","11":"taxable","12":"shipping-taxable","13":"purchasable","14":"product-type-simple"},"_links":{"self":[{"href":"https:\/\/boreait.com\/hr\/wp-json\/wp\/v2\/product\/25159","targetHints":{"allow":["GET"]}}],"collection":[{"href":"https:\/\/boreait.com\/hr\/wp-json\/wp\/v2\/product"}],"about":[{"href":"https:\/\/boreait.com\/hr\/wp-json\/wp\/v2\/types\/product"}],"wp:featuredmedia":[{"embeddable":true,"href":"https:\/\/boreait.com\/hr\/wp-json\/wp\/v2\/media\/25212"}],"wp:attachment":[{"href":"https:\/\/boreait.com\/hr\/wp-json\/wp\/v2\/media?parent=25159"}],"wp:term":[{"taxonomy":"product_brand","embeddable":true,"href":"https:\/\/boreait.com\/hr\/wp-json\/wp\/v2\/product_brand?post=25159"},{"taxonomy":"product_cat","embeddable":true,"href":"https:\/\/boreait.com\/hr\/wp-json\/wp\/v2\/product_cat?post=25159"},{"taxonomy":"product_tag","embeddable":true,"href":"https:\/\/boreait.com\/hr\/wp-json\/wp\/v2\/product_tag?post=25159"}],"curies":[{"name":"wp","href":"https:\/\/api.w.org\/{rel}","templated":true}]}}