{"id":25158,"date":"2025-07-25T12:36:35","date_gmt":"2025-07-25T12:36:35","guid":{"rendered":"https:\/\/boreait.com\/hr\/?post_type=product&#038;p=25158"},"modified":"2025-07-25T12:37:34","modified_gmt":"2025-07-25T12:37:34","slug":"originalni-lenovo-thinkpad-t430s-14-oslonac-za-ruku-za-prijenosno-racunalo-fru-04w3495-zamjenski-dijelovi","status":"publish","type":"product","link":"https:\/\/boreait.com\/hr\/product\/originalni-lenovo-thinkpad-t430s-14-oslonac-za-ruku-za-prijenosno-racunalo-fru-04w3495-zamjenski-dijelovi\/","title":{"rendered":"Originalni Lenovo ThinkPad T430s 14&#8243; oslonac za ruku za prijenosno ra\u010dunalo FRU 04W3495 zamjenski dijelovi"},"content":{"rendered":"<p>Revitalizirajte izgled i upotrebljivost va\u0161eg Lenovo ThinkPad T430s s originalnim Lenovo ThinkPad T430s 14&#8243; osloncem za dlanove za prijenosno ra\u010dunalo FRU 04W3495. Dizajniran da zadovolji stroge Lenovo standarde, ovaj zamjenski oslonac za dlanove izra\u0111en je s precizno\u0161\u0107u kako bi osigurao savr\u0161eno pristajanje i besprijekornu integraciju s va\u0161im prijenosnim ra\u010dunalom.<\/p>\n<p>Odlikuje se izdr\u017eljivom konstrukcijom i originalnom Lenovo kvalitetom, ova zamjena za oslonac za dlan idealno je rje\u0161enje za vra\u0107anje va\u0161eg prijenosnog ra\u010dunala u izvorno stanje. Bilo da imate posla s o\u0161te\u0107enim osloncem za dlan ili jednostavno \u017eelite osvje\u017eiti izgled svog ure\u0111aja, ovaj originalni zamjenski dio pru\u017ea izvedbu i pouzdanost koja vam je potrebna.<\/p>\n<p>Instalacija je laka, zahvaljuju\u0107i jednostavnom dizajnu ove zamjene za oslonac za ruku. Uz upute koje je lako slijediti i instalaciju bez muke, va\u0161 Lenovo ThinkPad T430s mo\u017ee izgledati i funkcionirati kao nov u trenu.<\/p>\n<p>Ula\u017eite u kvalitetu i pouzdanost originalnih Lenovo dijelova i osigurajte da va\u0161e prijenosno ra\u010dunalo nastavi raditi u najboljem izdanju. Ne dopustite da vam o\u0161te\u0107eni oslonac za dlan umanji iskustvo rada s ra\u010dunalom \u2013 nadogradite na originalni Lenovo ThinkPad T430s 14&#8243; oslonac za dlan FRU 04W3495 ve\u0107 danas.<\/p>\n","protected":false},"excerpt":{"rendered":"<p>Vratite elegantan izgled i funkcionalnost svom Lenovo ThinkPad T430s ovom originalnom zamjenom za oslonac za dlan. Izra\u0111en prema to\u010dnim specifikacijama, ovaj visokokvalitetni FRU 04W3495 oslonac za ruku jednostavan je za instalaciju, osiguravaju\u0107i besprijekorno iskustvo popravka va\u0161eg prijenosnog ra\u010dunala.<\/p>\n","protected":false},"featured_media":25210,"template":"","meta":[],"product_brand":[],"product_cat":[51],"product_tag":[61],"class_list":{"0":"post-25158","1":"product","2":"type-product","3":"status-publish","4":"has-post-thumbnail","6":"product_cat-laptop-housing","7":"product_tag-lenovo","9":"first","10":"instock","11":"taxable","12":"shipping-taxable","13":"purchasable","14":"product-type-simple"},"_links":{"self":[{"href":"https:\/\/boreait.com\/hr\/wp-json\/wp\/v2\/product\/25158","targetHints":{"allow":["GET"]}}],"collection":[{"href":"https:\/\/boreait.com\/hr\/wp-json\/wp\/v2\/product"}],"about":[{"href":"https:\/\/boreait.com\/hr\/wp-json\/wp\/v2\/types\/product"}],"wp:featuredmedia":[{"embeddable":true,"href":"https:\/\/boreait.com\/hr\/wp-json\/wp\/v2\/media\/25210"}],"wp:attachment":[{"href":"https:\/\/boreait.com\/hr\/wp-json\/wp\/v2\/media?parent=25158"}],"wp:term":[{"taxonomy":"product_brand","embeddable":true,"href":"https:\/\/boreait.com\/hr\/wp-json\/wp\/v2\/product_brand?post=25158"},{"taxonomy":"product_cat","embeddable":true,"href":"https:\/\/boreait.com\/hr\/wp-json\/wp\/v2\/product_cat?post=25158"},{"taxonomy":"product_tag","embeddable":true,"href":"https:\/\/boreait.com\/hr\/wp-json\/wp\/v2\/product_tag?post=25158"}],"curies":[{"name":"wp","href":"https:\/\/api.w.org\/{rel}","templated":true}]}}