{"id":25157,"date":"2025-07-25T12:36:35","date_gmt":"2025-07-25T12:36:35","guid":{"rendered":"https:\/\/boreait.com\/hr\/?post_type=product&#038;p=25157"},"modified":"2025-07-25T12:37:30","modified_gmt":"2025-07-25T12:37:30","slug":"originalni-lenovo-thinkpad-t430s-14-lcd-poklopac-okvira-za-prijenosno-racunalo-60-4kf12-003-0a86539-zamjena-dijelovi-za-prijenosno-racunalo","status":"publish","type":"product","link":"https:\/\/boreait.com\/hr\/product\/originalni-lenovo-thinkpad-t430s-14-lcd-poklopac-okvira-za-prijenosno-racunalo-60-4kf12-003-0a86539-zamjena-dijelovi-za-prijenosno-racunalo\/","title":{"rendered":"Originalni Lenovo ThinkPad T430s 14&#8243; LCD poklopac okvira za prijenosno ra\u010dunalo 60.4KF12.003 0A86539 Zamjena &#8211; dijelovi za prijenosno ra\u010dunalo"},"content":{"rendered":"<p>Vratite izgled svog prijenosnog ra\u010dunala Lenovo ThinkPad T430s od 14&#8243; s originalnim zamjenskim poklopcem LCD okvira prijenosnog ra\u010dunala Lenovo ThinkPad T430s od 14&#8243;, broj dijela 60.4KF12.003 0A86539. Izra\u0111en s precizno\u0161\u0107u i projektiran za izdr\u017eljivost, ovaj zamjenski poklopac za masku dizajniran je za besprijekornu integraciju s va\u0161im ure\u0111ajem, pru\u017eaju\u0107i savr\u0161eno pristajanje i vra\u0107aju\u0107i elegantan i profesionalan izgled va\u0161em prijenosnom ra\u010dunalu.<\/p>\n<p>Bez obzira je li va\u0161 trenutni poklopac okvira o\u0161te\u0107en, napuknut ili jednostavno pokazuje znakove istro\u0161enosti, ovaj originalni zamjenski dio nudi pouzdano rje\u0161enje. Izra\u0111en od visokokvalitetnih materijala, osigurava dugotrajnu izdr\u017eljivost i sigurno pristajanje, daju\u0107i vam mir da je va\u0161e prijenosno ra\u010dunalo za\u0161ti\u0107eno.<\/p>\n<p>Instalacija je brza i jednostavna, \u0161to vam omogu\u0107uje da bez napora zamijenite stari poklopac okvira ovim originalnim Lenovo dijelom. Jednostavno uklonite stari poklopac okvira i postavite ovu zamjenu na mjesto za besprijekornu nadogradnju bez problema.<\/p>\n<p>Pobolj\u0161ajte izgled i funkcionalnost svog prijenosnog ra\u010dunala Lenovo ThinkPad T430s od 14&#8243; s originalnim zamjenskim poklopcem okvira za LCD prijenosno ra\u010dunalo Lenovo ThinkPad T430s od 14&#8243;, broj dijela 60.4KF12.003 0A86539. Naru\u010dite svoje danas i u\u017eivajte u osvje\u017eenom prijenosnom ra\u010dunalu profesionalnog izgleda.<\/p>\n","protected":false},"excerpt":{"rendered":"<p>Zamijenite svoj o\u0161te\u0107eni ili istro\u0161eni poklopac okvira LCD-a na prijenosnom ra\u010dunalu Lenovo ThinkPad T430s 14&#8243; ovim originalnim zamjenskim dijelom. Dizajniran za savr\u0161eno pristajanje i jednostavnu instalaciju, ovaj visokokvalitetni poklopac okvira vratit \u0107e elegantan i profesionalan izgled va\u0161em prijenosnom ra\u010dunalu.<\/p>\n","protected":false},"featured_media":25208,"template":"","meta":[],"product_brand":[],"product_cat":[51],"product_tag":[61],"class_list":{"0":"post-25157","1":"product","2":"type-product","3":"status-publish","4":"has-post-thumbnail","6":"product_cat-laptop-housing","7":"product_tag-lenovo","9":"first","10":"instock","11":"taxable","12":"shipping-taxable","13":"purchasable","14":"product-type-simple"},"_links":{"self":[{"href":"https:\/\/boreait.com\/hr\/wp-json\/wp\/v2\/product\/25157","targetHints":{"allow":["GET"]}}],"collection":[{"href":"https:\/\/boreait.com\/hr\/wp-json\/wp\/v2\/product"}],"about":[{"href":"https:\/\/boreait.com\/hr\/wp-json\/wp\/v2\/types\/product"}],"wp:featuredmedia":[{"embeddable":true,"href":"https:\/\/boreait.com\/hr\/wp-json\/wp\/v2\/media\/25208"}],"wp:attachment":[{"href":"https:\/\/boreait.com\/hr\/wp-json\/wp\/v2\/media?parent=25157"}],"wp:term":[{"taxonomy":"product_brand","embeddable":true,"href":"https:\/\/boreait.com\/hr\/wp-json\/wp\/v2\/product_brand?post=25157"},{"taxonomy":"product_cat","embeddable":true,"href":"https:\/\/boreait.com\/hr\/wp-json\/wp\/v2\/product_cat?post=25157"},{"taxonomy":"product_tag","embeddable":true,"href":"https:\/\/boreait.com\/hr\/wp-json\/wp\/v2\/product_tag?post=25157"}],"curies":[{"name":"wp","href":"https:\/\/api.w.org\/{rel}","templated":true}]}}