{"id":25139,"date":"2025-07-25T12:36:12","date_gmt":"2025-07-25T12:36:12","guid":{"rendered":"https:\/\/boreait.com\/hr\/?post_type=product&#038;p=25139"},"modified":"2025-07-25T12:37:23","modified_gmt":"2025-07-25T12:37:23","slug":"originalni-fujitsu-lifebook-ah552-laptop-dvdrom-drive-writer-model-ts-u633-zamjena","status":"publish","type":"product","link":"https:\/\/boreait.com\/hr\/product\/originalni-fujitsu-lifebook-ah552-laptop-dvdrom-drive-writer-model-ts-u633-zamjena\/","title":{"rendered":"Originalni Fujitsu LifeBook AH552 Laptop DVDROM Drive Writer Model TS-U633 Zamjena"},"content":{"rendered":"<p>Nadogradite opti\u010dki pogon va\u0161eg prijenosnog ra\u010dunala Fujitsu LifeBook AH552 s originalnim zamjenskim DVDROM pogonom za snimanje prijenosnog ra\u010dunala Fujitsu LifeBook AH552 model TS-U633. Bilo da \u017eelite zamijeniti neispravan pogon ili \u017eelite pro\u0161iriti mogu\u0107nosti prijenosnog ra\u010dunala, ovaj originalni zamjenski dio savr\u0161eno je rje\u0161enje.<\/p>\n<p>Izra\u0111en imaju\u0107i na umu preciznost i kompatibilnost, ovaj zamjenski model DVD-ROM pogonskog pisa\u010da TS-U633 nudi besprijekornu integraciju s va\u0161im Fujitsu LifeBook AH552, osiguravaju\u0107i optimalne performanse i pouzdanost. U\u017eivajte u pouzdanim mogu\u0107nostima \u010ditanja i pisanja diskova za sve va\u0161e multimedijske potrebe, od gledanja filmova do snimanja CD-ova i DVD-ova.<\/p>\n<p>Jednostavan za instalaciju i napravljen da traje, ovaj zamjenski model DVD-ROM pisa\u010da TS-U633 pru\u017ea jednostavno rje\u0161enje za popravke va\u0161eg prijenosnog ra\u010dunala. Jednostavno zamijenite svoj stari pogon ovim originalnim zamjenskim dijelom i u\u017eivajte u pobolj\u0161anoj funkcionalnosti i performansama.<\/p>\n<p>Iskusite razliku koju mogu napraviti originalni Fujitsu dijelovi i osigurajte da va\u0161e prijenosno ra\u010dunalo Fujitsu LifeBook AH552 nastavi zadovoljavati va\u0161e potrebe uz originalni zamjenski DVDROM pogon pisa\u010da za prijenosno ra\u010dunalo Fujitsu LifeBook AH552 model TS-U633. Naru\u010dite svoje danas i podignite svoje prijenosno ra\u010dunalo na vi\u0161u razinu.<\/p>\n","protected":false},"excerpt":{"rendered":"<p>O\u017eivite opti\u010dki pogon va\u0161eg prijenosnog ra\u010dunala Fujitsu LifeBook AH552 s ovom originalnom zamjenom za DVD-ROM pogonski pogon model TS-U633. Dizajniran za besprijekornu kompatibilnost i izvedbu, ovaj visokokvalitetni pogon nudi pouzdane mogu\u0107nosti \u010ditanja i pisanja diskova za sve va\u0161e multimedijske potrebe.<\/p>\n","protected":false},"featured_media":25205,"template":"","meta":[],"product_brand":[],"product_cat":[62],"product_tag":[63],"class_list":{"0":"post-25139","1":"product","2":"type-product","3":"status-publish","4":"has-post-thumbnail","6":"product_cat-motherboards-board-parts","7":"product_tag-fujitsu","9":"first","10":"instock","11":"taxable","12":"shipping-taxable","13":"purchasable","14":"product-type-simple"},"_links":{"self":[{"href":"https:\/\/boreait.com\/hr\/wp-json\/wp\/v2\/product\/25139","targetHints":{"allow":["GET"]}}],"collection":[{"href":"https:\/\/boreait.com\/hr\/wp-json\/wp\/v2\/product"}],"about":[{"href":"https:\/\/boreait.com\/hr\/wp-json\/wp\/v2\/types\/product"}],"wp:featuredmedia":[{"embeddable":true,"href":"https:\/\/boreait.com\/hr\/wp-json\/wp\/v2\/media\/25205"}],"wp:attachment":[{"href":"https:\/\/boreait.com\/hr\/wp-json\/wp\/v2\/media?parent=25139"}],"wp:term":[{"taxonomy":"product_brand","embeddable":true,"href":"https:\/\/boreait.com\/hr\/wp-json\/wp\/v2\/product_brand?post=25139"},{"taxonomy":"product_cat","embeddable":true,"href":"https:\/\/boreait.com\/hr\/wp-json\/wp\/v2\/product_cat?post=25139"},{"taxonomy":"product_tag","embeddable":true,"href":"https:\/\/boreait.com\/hr\/wp-json\/wp\/v2\/product_tag?post=25139"}],"curies":[{"name":"wp","href":"https:\/\/api.w.org\/{rel}","templated":true}]}}