{"id":25137,"date":"2025-07-25T12:36:12","date_gmt":"2025-07-25T12:36:12","guid":{"rendered":"https:\/\/boreait.com\/hr\/?post_type=product&#038;p=25137"},"modified":"2026-01-30T07:17:58","modified_gmt":"2026-01-30T07:17:58","slug":"fujitsu-lifebook-ah552-prijenosno-racunalo-ram-4-gb-2rx8-pc3-12800s-11-11-f3-memorijski-modul","status":"publish","type":"product","link":"https:\/\/boreait.com\/hr\/product\/fujitsu-lifebook-ah552-prijenosno-racunalo-ram-4-gb-2rx8-pc3-12800s-11-11-f3-memorijski-modul\/","title":{"rendered":"Fujitsu LifeBook AH552 prijenosno ra\u010dunalo RAM 4 GB 2Rx8 PC3-12800S-11-11-F3 memorijski modul"},"content":{"rendered":"<p>Pove\u0107ajte performanse i mogu\u0107nosti multitaskinga va\u0161eg prijenosnog ra\u010dunala Fujitsu LifeBook AH552 s memorijskim modulom za prijenosno ra\u010dunalo Fujitsu LifeBook AH552 4GB 2Rx8 PC3-12800S-11-11-F3. Ovaj visokokvalitetni RAM modul dizajniran je za bolju brzinu i odziv, omogu\u0107uju\u0107i vam glatko i u\u010dinkovito pokretanje vi\u0161e aplikacija.<\/p>\n<p>Kapaciteta od 4 GB i brzine memorije PC3-12800S-11-11-F3, ovaj RAM modul nudi dovoljno prostora za pohranu va\u0161ih podataka i aplikacija, a istovremeno osigurava brz i pouzdan rad. Bilo da pretra\u017eujete web, strujite HD videozapise ili radite na zahtjevnim zadacima, ovaj memorijski modul pru\u017eit \u0107e snagu koja vam je potrebna da ostanete produktivni.<\/p>\n<p>Jednostavan za instalaciju i napravljen da traje, ovaj Fujitsu LifeBook AH552 RAM modul je savr\u0161ena nadogradnja za va\u0161e prijenosno ra\u010dunalo. Jednostavno umetnite modul u memorijski utor svog prijenosnog ra\u010dunala i do\u017eivite trenutno pove\u0107anje performansi. Osim toga, uz njegovu pouzdanu konstrukciju i kompatibilnost s va\u0161im Fujitsu LifeBook AH552, mo\u017eete vjerovati da \u0107e ovaj memorijski modul pru\u017eati dosljedne i pouzdane performanse godinama koje dolaze.<\/p>\n<p>Nadogradite svoje prijenosno ra\u010dunalo Fujitsu LifeBook AH552 danas s memorijskim modulom za prijenosno ra\u010dunalo Fujitsu LifeBook AH552 4GB 2Rx8 PC3-12800S-11-11-F3 i otklju\u010dajte njegov puni potencijal. Naru\u010dite sada i podignite svoje prijenosno ra\u010dunalo na vi\u0161u razinu performansi i produktivnosti.<\/p>\n","protected":false},"excerpt":{"rendered":"<p>Nadogradite performanse svog prijenosnog ra\u010dunala Fujitsu LifeBook AH552 s ovim 4GB RAM modulom. Dizajniran za besprijekornu kompatibilnost i pouzdanu izvedbu, ovaj memorijski modul jednostavan je i isplativ na\u010din da pobolj\u0161ate brzinu i mogu\u0107nosti multitaskinga va\u0161eg prijenosnog ra\u010dunala.<\/p>\n","protected":false},"featured_media":25193,"template":"","meta":[],"product_brand":[],"product_cat":[72,71],"product_tag":[83],"class_list":{"0":"post-25137","1":"product","2":"type-product","3":"status-publish","4":"has-post-thumbnail","6":"product_cat-ddr3-ddr3l","7":"product_cat-ram-memory","8":"product_tag-samsung","10":"first","11":"instock","12":"taxable","13":"shipping-taxable","14":"purchasable","15":"product-type-simple"},"_links":{"self":[{"href":"https:\/\/boreait.com\/hr\/wp-json\/wp\/v2\/product\/25137","targetHints":{"allow":["GET"]}}],"collection":[{"href":"https:\/\/boreait.com\/hr\/wp-json\/wp\/v2\/product"}],"about":[{"href":"https:\/\/boreait.com\/hr\/wp-json\/wp\/v2\/types\/product"}],"wp:featuredmedia":[{"embeddable":true,"href":"https:\/\/boreait.com\/hr\/wp-json\/wp\/v2\/media\/25193"}],"wp:attachment":[{"href":"https:\/\/boreait.com\/hr\/wp-json\/wp\/v2\/media?parent=25137"}],"wp:term":[{"taxonomy":"product_brand","embeddable":true,"href":"https:\/\/boreait.com\/hr\/wp-json\/wp\/v2\/product_brand?post=25137"},{"taxonomy":"product_cat","embeddable":true,"href":"https:\/\/boreait.com\/hr\/wp-json\/wp\/v2\/product_cat?post=25137"},{"taxonomy":"product_tag","embeddable":true,"href":"https:\/\/boreait.com\/hr\/wp-json\/wp\/v2\/product_tag?post=25137"}],"curies":[{"name":"wp","href":"https:\/\/api.w.org\/{rel}","templated":true}]}}